{"id":108,"date":"2015-11-04T22:03:41","date_gmt":"2015-11-04T21:03:41","guid":{"rendered":"http:\/\/isabellelassegue.com\/?page_id=108"},"modified":"2024-03-23T20:51:39","modified_gmt":"2024-03-23T19:51:39","slug":"formation","status":"publish","type":"page","link":"https:\/\/isabellelassegue.com\/index.php\/qui-suis-je\/formation\/","title":{"rendered":"Formation"},"content":{"rendered":"<p><b>FORMATIONS dipl\u00f4mantes\u00a0et participations congr\u00e8s-colloques-journ\u00e9es de travail<\/b><\/p>\n<ul>\n<li><b>Ecole Fran\u00e7aise d\u2019<\/b><b>Astro<\/b>\u00a0<b>Th\u00e9rapie<\/b>\u00a0\u2013 Nantes \u2013 3 ans de formation et certification sur l\u2019\u00e9tude et la pratique de la psychologie, la philosophie, la spiritualit\u00e9 et l\u2019astrologie au service de l\u2019\u00e9panouissement de la personne.\u00a0<a href=\"http:\/\/www.efat.fr\/annuaire-efat.html\">http:\/\/www.efat.fr\/<\/a><\/li>\n<li><b>Constellation\u00a0<\/b><b>syst\u00e9mique\u00a0<\/b><b>:<\/b>\n<ul>\n<li>14 mois de formation et de pratique \u00e0 la syst\u00e9mie Certification\u00a0 <a href=\"http:\/\/www.celinebourouaha.com\/,\" target=\"_blank\" rel=\"noopener\">C\u00e9line Bourouaha<\/a><\/li>\n<li>Ateliers de constellations familiale et syst\u00e9mique \u00e0 th\u00e8mes et approfondissement :\n<ul>\n<li><a href=\"https:\/\/www.formation-therapeute.com\/agenda\/\" target=\"_blank\" rel=\"noopener\">Arte Systemica :\u00a0<\/a>Constance Potschka Lang, traductrice et fondatrice de L&rsquo;Institut fran\u00e7ais de Bert Hellinger<\/li>\n<li><a href=\"https:\/\/psytherapeute.com\/micheldivinetherapie\/\">Michel Devin\u00e9\u00a0<\/a>:\u00a0Constellation familiales selon Bert Hellinger<\/li>\n<li><a href=\"http:\/\/www.lienspsy.com\/\" target=\"_blank\" rel=\"noopener\">Sama\u00ef et G\u00e9rard Fossat : liens psy Paris<\/a><\/li>\n<li><a href=\"http:\/\/www.suzannewoods.ca\/\" target=\"_blank\" rel=\"noopener\">Suzanne Woods :\u00a0 Canadienne qui interveint en france en constellations familiales<\/a><\/li>\n<\/ul>\n<\/li>\n<\/ul>\n<\/li>\n<\/ul>\n<ul>\n<li><b>G\u00e9nogramme ou\u00a0<\/b><b>g\u00e9nosociogramme<\/b><b>\u00a0:<\/b>\n<ul>\n<li>Formations et approfondissement \u00e0 l<a href=\"http:\/\/www.efat.fr\/\" target=\"_blank\" rel=\"noopener\">\u2019EFAT<\/a>\u00a0<b>, <\/b>et avec <a href=\"http:\/\/www.celinebourouaha.com\/\" target=\"_blank\" rel=\"noopener\">C\u00e9line Bourouaha<\/a>\u00a0,<\/li>\n<li><a href=\"http:\/\/www.parole.be\/\" target=\"_blank\" rel=\"noopener\">Parole d&rsquo;enfant<\/a>s \u00ab\u00a0G\u00e9nogramme et enfant migrants\u00a0\u00bb<\/li>\n<li>Francine Rosenbaum Publication\u00a0<u><a href=\"http:\/\/www.parole.be\/\">\u00ab\u00a0le humiliations de l\u2019exil\u00a0\u00bb Psychoth\u00e9rapies cr\u00e9atives<\/a><\/u><a href=\"http:\/\/www.parole.be\/\">\u00a0<\/a><\/li>\n<\/ul>\n<\/li>\n<\/ul>\n<ul>\n<li><a href=\"http:\/\/www.iat-lille.com\/\" target=\"_blank\" rel=\"noopener\"><b>Institut\u00a0<\/b><b>d\u2019Analyse Transactionnelle\u00a0<\/b><\/a><u>La Clinique\u00a0<\/u><u>du couple\u00a0<\/u>: le couple, la famille l\u2019environnement, la sexualit\u00e9, le f\u00e9minin, l\u2019autre est un autre, Avec qu(o)i est-ce qu\u2019on s\u2019accouple?&#8230;&#8230; 15 mois Lille<\/li>\n<\/ul>\n<ul>\n<li><b><a href=\"http:\/\/www.xtrema.fr\/\" target=\"_blank\" rel=\"noopener\">Xtrema<\/a><\/b>\u00a0Hypnose ericksonienne Paris certifi\u00e9e\u00a0<u>Praticienne en hypnose\u00a0<\/u><u>ericksonienne, traducteur de Betty Alice, fille de Milton Erickson<\/u><\/li>\n<\/ul>\n<ul>\n<li><b>M\u00e9diation<\/b>\u00a0Paris\u00a0<a href=\"http:\/\/resolvers-adr.blogspot.fr\/\" target=\"_blank\" rel=\"noopener\"><b>Resolvers<\/b> : dipl\u00f4me de m\u00e9diation avec Thierry, franco-am\u00e9ricain, qui a introduit en France la m\u00e9diation au sein des entreprises puis dans les m\u00e9tiers juridiques<\/a><\/li>\n<\/ul>\n<ul>\n<li><strong>Accompagnement des traumatismes li\u00e9es aux violences sexuelles<\/strong>\u00a0<strong>subies<\/strong>\u00a0:\u00a0 Ateliers et Conf\u00e9rences en France et en Belgique ;\n<ul>\n<li>L\u2019inceste : pourquoi le drame arrive? Mieux comprendre ce que vivent les victimes d\u2019abus sexuels. La reconstruction du lien apr\u00e8s\u00a0 l\u2019inceste est-elle possible? La parentalit\u00e9 \u00e0 l&rsquo;\u00e9preuve du couple. D\u00e9m\u00ealer les relations parentales pour lib\u00e9rer l&rsquo;enfant&#8230;..\u00a0suivi congr\u00e8s et formations depuis 2012 <a href=\"http:\/\/www.parole.be\/\" target=\"_blank\" rel=\"noopener\">Parole d\u2019enfants<\/a><\/li>\n<li>Comment retrouver dignit\u00e9 et le sens de sa vie\u2026.\n<ul>\n<li>Congr\u00e8s et ateliers organis\u00e9s par ARSINOE, association qui a \u0153uvr\u00e9 pendant 17 ans en qualit\u00e9 de Centre de ressources pour \u00ab\u00a0promouvoir la r\u00e9flexion, proposer des alternatives \u00e9ducatives, sociales, psychologues, m\u00e9dicales et judiciaires dans tout ce qui concerne l\u2019INCESTE\u00a0\u00bb, et plus g\u00e9n\u00e9ralement les agressions sexuelles.<\/li>\n<li>Assises annuelles SVS\u00a0\u00a0<a href=\"http:\/\/www.stopauxviolencessexuelles.com\/\" target=\"_blank\" rel=\"noopener\">acc\u00e8s au site<\/a><\/li>\n<\/ul>\n<\/li>\n<\/ul>\n<\/li>\n<\/ul>\n<ul>\n<li><strong>L&rsquo;\u00e9preuve des 3 arbres<\/strong> (certification) : dispositif innovant cr\u00e9\u00e9 par Beno\u00eet Fromage, professeur de Psychologie \u00e0 l\u2019Universit\u00e9 d\u2019Angers. <strong>La d\u00e9marche est au service du d\u00e9veloppement de chaque personne.<\/strong> Elle s\u2019inscrit dans le cadre de la psychologie humaniste qui pose que chacun est d\u00e9tenteur de ressources qu\u2019il est toujours possible de solliciter, quelque soit la situation v\u00e9cue. Ce dispositif est polyvalent. Il permet d\u2019aider psychologiquement dans des situations tr\u00e8s vari\u00e9es et \u00e0 tous les \u00e2ges de la vie.\u00a0<a href=\"https:\/\/www.epreuvedes3arbres.com\/\" target=\"_blank\" rel=\"noopener\"><u><span style=\"color: #0066cc;\">acc\u00e8s au site<\/span><\/u><\/a><\/li>\n<\/ul>\n<ul>\n<li><strong>ALP\u00e9<\/strong> : <strong>A<\/strong>ccompagnement <strong>L<\/strong>ib\u00e9ratoire des <strong>P<\/strong>erturbations <strong>\u00e9<\/strong>motionnelles. C&rsquo;est une th\u00e9rapie br\u00e8ve, simple, naturelle et tr\u00e8s efficace pour se lib\u00e9rer des difficult\u00e9s \u00e9motionnelles et comportementales\u00a0: stress, mal \u00eatre au quotidien,\u00a0phobies, peurs (conduire, foule,\u00a0entretien, rencontres, autorit\u00e9,&#8230;), irritabilit\u00e9, agressivit\u00e9,\u00a0\u00e9tats d\u00e9pressifs,\u00a0burn out, inhibition, col\u00e8re,&#8230;.\u00a0<a href=\"https:\/\/www.alpe-therapie-breve.fr\/\" target=\"_blank\" rel=\"noopener\">acc\u00e8s au site<\/a><\/li>\n<\/ul>\n<ul>\n<li>Stages\u00a0en\u00a0<strong>communication non violente (CNV)<\/strong> :\n<ul>\n<li>Thomas d\u2019Ansembourg,<\/li>\n<li>Au c\u0153ur du vivant, Isabelle Padovani\u00a0<a href=\"http:\/\/www.communification.eu\/\">http:\/\/www.communification.eu\/<\/a><\/li>\n<\/ul>\n<\/li>\n<\/ul>\n<ul>\n<li>DEA en Hautes Finances,\u00a0 et Ma\u00eetrise de finances et contr\u00f4le de gestion Paris IX Dauphine\u00a0 en rapport avec mes 25 premi\u00e8res ann\u00e9es et toujours actuellement dans l&rsquo;accompagnement des personnes en cr\u00e9ation d&rsquo;entreprise, sur le rapport \u00e0 l&rsquo;argent et l&rsquo;\u00e9galit\u00e9 Femme\/Homme :\n<ul>\n<li>Les femmes au sein d<a href=\"http:\/\/www.entreprendre-au-feminin.net\/\" target=\"_blank\" rel=\"noopener\">&lsquo;Entreprendre au F\u00e9minin Bretagne\u00a0<\/a>,<\/li>\n<li>Les femmes et les hommes en \u00e9conomie sociale et solidaire C2SOL TAG56<\/li>\n<li>Les ateliers de groupe sur les th\u00e8mes sp\u00e9cifiques<\/li>\n<\/ul>\n<\/li>\n<\/ul>\n","protected":false},"excerpt":{"rendered":"<p>FORMATIONS dipl\u00f4mantes\u00a0et participations congr\u00e8s-colloques-journ\u00e9es de travail Ecole Fran\u00e7aise d\u2019Astro\u00a0Th\u00e9rapie\u00a0\u2013 Nantes \u2013 3 ans de formation et certification sur l\u2019\u00e9tude et la pratique de la psychologie, la philosophie, la spiritualit\u00e9 et l\u2019astrologie au service de l\u2019\u00e9panouissement de la personne.\u00a0http:\/\/www.efat.fr\/ Constellation\u00a0syst\u00e9mique\u00a0: 14 mois de formation et de pratique \u00e0 la syst\u00e9mie Certification\u00a0 C\u00e9line Bourouaha Ateliers de constellations &hellip; <a href=\"https:\/\/isabellelassegue.com\/index.php\/qui-suis-je\/formation\/\" class=\"more-link\">Continuer la lecture de <span class=\"screen-reader-text\">Formation<\/span> <span class=\"meta-nav\">&rarr;<\/span><\/a><\/p>\n","protected":false},"author":1,"featured_media":0,"parent":52,"menu_order":1,"comment_status":"closed","ping_status":"closed","template":"","meta":[],"yoast_head":"<!-- This site is optimized with the Yoast SEO plugin v19.10 - https:\/\/yoast.com\/wordpress\/plugins\/seo\/ -->\n<title>Formation - Isabelle Lass\u00e8gue Astroth\u00e9rapeute<\/title>\n<meta name=\"robots\" content=\"index, follow, max-snippet:-1, max-image-preview:large, max-video-preview:-1\" \/>\n<link rel=\"canonical\" href=\"https:\/\/isabellelassegue.com\/index.php\/qui-suis-je\/formation\/\" \/>\n<meta property=\"og:locale\" content=\"fr_FR\" \/>\n<meta property=\"og:type\" content=\"article\" \/>\n<meta property=\"og:title\" content=\"Formation - Isabelle Lass\u00e8gue Astroth\u00e9rapeute\" \/>\n<meta property=\"og:description\" content=\"FORMATIONS dipl\u00f4mantes\u00a0et participations congr\u00e8s-colloques-journ\u00e9es de travail Ecole Fran\u00e7aise d\u2019Astro\u00a0Th\u00e9rapie\u00a0\u2013 Nantes \u2013 3 ans de formation et certification sur l\u2019\u00e9tude et la pratique de la psychologie, la philosophie, la spiritualit\u00e9 et l\u2019astrologie au service de l\u2019\u00e9panouissement de la personne.\u00a0http:\/\/www.efat.fr\/ Constellation\u00a0syst\u00e9mique\u00a0: 14 mois de formation et de pratique \u00e0 la syst\u00e9mie Certification\u00a0 C\u00e9line Bourouaha Ateliers de constellations &hellip; Continuer la lecture de Formation &rarr;\" \/>\n<meta property=\"og:url\" content=\"https:\/\/isabellelassegue.com\/index.php\/qui-suis-je\/formation\/\" \/>\n<meta property=\"og:site_name\" content=\"Isabelle Lass\u00e8gue Astroth\u00e9rapeute\" \/>\n<meta property=\"article:modified_time\" content=\"2024-03-23T19:51:39+00:00\" \/>\n<meta name=\"twitter:card\" content=\"summary_large_image\" \/>\n<meta name=\"twitter:label1\" content=\"Dur\u00e9e de lecture estim\u00e9e\" \/>\n\t<meta name=\"twitter:data1\" content=\"3 minutes\" \/>\n<script type=\"application\/ld+json\" class=\"yoast-schema-graph\">{\"@context\":\"https:\/\/schema.org\",\"@graph\":[{\"@type\":\"WebPage\",\"@id\":\"https:\/\/isabellelassegue.com\/index.php\/qui-suis-je\/formation\/\",\"url\":\"https:\/\/isabellelassegue.com\/index.php\/qui-suis-je\/formation\/\",\"name\":\"Formation - Isabelle Lass\u00e8gue Astroth\u00e9rapeute\",\"isPartOf\":{\"@id\":\"https:\/\/isabellelassegue.com\/#website\"},\"datePublished\":\"2015-11-04T21:03:41+00:00\",\"dateModified\":\"2024-03-23T19:51:39+00:00\",\"breadcrumb\":{\"@id\":\"https:\/\/isabellelassegue.com\/index.php\/qui-suis-je\/formation\/#breadcrumb\"},\"inLanguage\":\"fr-FR\",\"potentialAction\":[{\"@type\":\"ReadAction\",\"target\":[\"https:\/\/isabellelassegue.com\/index.php\/qui-suis-je\/formation\/\"]}]},{\"@type\":\"BreadcrumbList\",\"@id\":\"https:\/\/isabellelassegue.com\/index.php\/qui-suis-je\/formation\/#breadcrumb\",\"itemListElement\":[{\"@type\":\"ListItem\",\"position\":1,\"name\":\"Accueil\",\"item\":\"https:\/\/isabellelassegue.com\/\"},{\"@type\":\"ListItem\",\"position\":2,\"name\":\"Qui suis-je ?\",\"item\":\"https:\/\/isabellelassegue.com\/index.php\/qui-suis-je\/\"},{\"@type\":\"ListItem\",\"position\":3,\"name\":\"Formation\"}]},{\"@type\":\"WebSite\",\"@id\":\"https:\/\/isabellelassegue.com\/#website\",\"url\":\"https:\/\/isabellelassegue.com\/\",\"name\":\"Isabelle Lass\u00e8gue Astroth\u00e9rapeute\",\"description\":\"Mettre du sens, Savourer son unique\",\"potentialAction\":[{\"@type\":\"SearchAction\",\"target\":{\"@type\":\"EntryPoint\",\"urlTemplate\":\"https:\/\/isabellelassegue.com\/?s={search_term_string}\"},\"query-input\":\"required name=search_term_string\"}],\"inLanguage\":\"fr-FR\"}]}<\/script>\n<!-- \/ Yoast SEO plugin. -->","yoast_head_json":{"title":"Formation - Isabelle Lass\u00e8gue Astroth\u00e9rapeute","robots":{"index":"index","follow":"follow","max-snippet":"max-snippet:-1","max-image-preview":"max-image-preview:large","max-video-preview":"max-video-preview:-1"},"canonical":"https:\/\/isabellelassegue.com\/index.php\/qui-suis-je\/formation\/","og_locale":"fr_FR","og_type":"article","og_title":"Formation - Isabelle Lass\u00e8gue Astroth\u00e9rapeute","og_description":"FORMATIONS dipl\u00f4mantes\u00a0et participations congr\u00e8s-colloques-journ\u00e9es de travail Ecole Fran\u00e7aise d\u2019Astro\u00a0Th\u00e9rapie\u00a0\u2013 Nantes \u2013 3 ans de formation et certification sur l\u2019\u00e9tude et la pratique de la psychologie, la philosophie, la spiritualit\u00e9 et l\u2019astrologie au service de l\u2019\u00e9panouissement de la personne.\u00a0http:\/\/www.efat.fr\/ Constellation\u00a0syst\u00e9mique\u00a0: 14 mois de formation et de pratique \u00e0 la syst\u00e9mie Certification\u00a0 C\u00e9line Bourouaha Ateliers de constellations &hellip; Continuer la lecture de Formation &rarr;","og_url":"https:\/\/isabellelassegue.com\/index.php\/qui-suis-je\/formation\/","og_site_name":"Isabelle Lass\u00e8gue Astroth\u00e9rapeute","article_modified_time":"2024-03-23T19:51:39+00:00","twitter_card":"summary_large_image","twitter_misc":{"Dur\u00e9e de lecture estim\u00e9e":"3 minutes"},"schema":{"@context":"https:\/\/schema.org","@graph":[{"@type":"WebPage","@id":"https:\/\/isabellelassegue.com\/index.php\/qui-suis-je\/formation\/","url":"https:\/\/isabellelassegue.com\/index.php\/qui-suis-je\/formation\/","name":"Formation - Isabelle Lass\u00e8gue Astroth\u00e9rapeute","isPartOf":{"@id":"https:\/\/isabellelassegue.com\/#website"},"datePublished":"2015-11-04T21:03:41+00:00","dateModified":"2024-03-23T19:51:39+00:00","breadcrumb":{"@id":"https:\/\/isabellelassegue.com\/index.php\/qui-suis-je\/formation\/#breadcrumb"},"inLanguage":"fr-FR","potentialAction":[{"@type":"ReadAction","target":["https:\/\/isabellelassegue.com\/index.php\/qui-suis-je\/formation\/"]}]},{"@type":"BreadcrumbList","@id":"https:\/\/isabellelassegue.com\/index.php\/qui-suis-je\/formation\/#breadcrumb","itemListElement":[{"@type":"ListItem","position":1,"name":"Accueil","item":"https:\/\/isabellelassegue.com\/"},{"@type":"ListItem","position":2,"name":"Qui suis-je ?","item":"https:\/\/isabellelassegue.com\/index.php\/qui-suis-je\/"},{"@type":"ListItem","position":3,"name":"Formation"}]},{"@type":"WebSite","@id":"https:\/\/isabellelassegue.com\/#website","url":"https:\/\/isabellelassegue.com\/","name":"Isabelle Lass\u00e8gue Astroth\u00e9rapeute","description":"Mettre du sens, Savourer son unique","potentialAction":[{"@type":"SearchAction","target":{"@type":"EntryPoint","urlTemplate":"https:\/\/isabellelassegue.com\/?s={search_term_string}"},"query-input":"required name=search_term_string"}],"inLanguage":"fr-FR"}]}},"_links":{"self":[{"href":"https:\/\/isabellelassegue.com\/index.php\/wp-json\/wp\/v2\/pages\/108"}],"collection":[{"href":"https:\/\/isabellelassegue.com\/index.php\/wp-json\/wp\/v2\/pages"}],"about":[{"href":"https:\/\/isabellelassegue.com\/index.php\/wp-json\/wp\/v2\/types\/page"}],"author":[{"embeddable":true,"href":"https:\/\/isabellelassegue.com\/index.php\/wp-json\/wp\/v2\/users\/1"}],"replies":[{"embeddable":true,"href":"https:\/\/isabellelassegue.com\/index.php\/wp-json\/wp\/v2\/comments?post=108"}],"version-history":[{"count":14,"href":"https:\/\/isabellelassegue.com\/index.php\/wp-json\/wp\/v2\/pages\/108\/revisions"}],"predecessor-version":[{"id":1036,"href":"https:\/\/isabellelassegue.com\/index.php\/wp-json\/wp\/v2\/pages\/108\/revisions\/1036"}],"up":[{"embeddable":true,"href":"https:\/\/isabellelassegue.com\/index.php\/wp-json\/wp\/v2\/pages\/52"}],"wp:attachment":[{"href":"https:\/\/isabellelassegue.com\/index.php\/wp-json\/wp\/v2\/media?parent=108"}],"curies":[{"name":"wp","href":"https:\/\/api.w.org\/{rel}","templated":true}]}}