{"id":157,"date":"2021-10-22T15:40:11","date_gmt":"2021-10-22T14:40:11","guid":{"rendered":"http:\/\/isabellelassegue.com\/?page_id=157"},"modified":"2026-04-04T10:26:31","modified_gmt":"2026-04-04T09:26:31","slug":"157-2","status":"publish","type":"page","link":"https:\/\/isabellelassegue.com\/index.php\/157-2\/","title":{"rendered":"Dates : ateliers, conf\u00e9rences et salons"},"content":{"rendered":"<blockquote><p><img loading=\"lazy\" class=\"alignnone wp-image-365 aligncenter\" src=\"https:\/\/isabellelassegue.com\/wp-content\/uploads\/2016\/01\/eclats-300x225.jpg\" alt=\"eclats\" width=\"139\" height=\"104\" \/><\/p>\n<p><strong>JOURNEES de <\/strong><strong><a href=\"https:\/\/isabellelassegue.com\/index.php\/constellation-systemique\/\" target=\"_blank\" rel=\"noopener\"><u><span style=\"color: #0066cc;\">Constellation <\/span><\/u><\/a><u><a href=\"https:\/\/isabellelassegue.com\/index.php\/constellation-systemique\/\" target=\"_blank\" rel=\"noopener\">familiale\u00a0<\/a><a href=\"https:\/\/isabellelassegue.com\/index.php\/constellation-systemique\/\" target=\"_blank\" rel=\"noopener\">sur inscription<\/a> <\/u><\/strong><\/p><\/blockquote>\n<p><strong>2026<\/strong><\/p>\n<ul>\n<li><strong><em>Jeudi 22 janvier <\/em><\/strong><\/li>\n<li><strong><em>Vendredi 6 f\u00e9vrier<\/em><\/strong><\/li>\n<li><b><i>Mercredi 4 mars\u00a0<\/i><\/b><\/li>\n<li><strong><em>Vendredi 3 avril<\/em><\/strong><\/li>\n<li><strong><em>Mercredi 20 mai<\/em><\/strong><\/li>\n<li><strong><em>Mardi 23 juin<\/em><\/strong><\/li>\n<li><em><strong>Mercredi 22 Juillet<\/strong><\/em><\/li>\n<li><b><i>Jeudi 23 Juillet <\/i><\/b><b><i>: <\/i><\/b><strong><em><b><i>sp\u00e9cial Constellation Astrologique&#8230;.les plan\u00e8tes du th\u00e8me natal<\/i><\/b><\/em><\/strong><\/li>\n<\/ul>\n<blockquote><p><em>Les ateliers se d\u00e9roulent de 10H \u00e0 18H\u00a0 environ avec la possibilit\u00e9 de d\u00e9jeuner sur place et selon les \u00e9volutions de conditions sanitaires obligatoires<\/em><\/p>\n<p>Places limit\u00e9es, <strong>sur inscription<\/strong> au tarif de :<\/p>\n<p>70\u20ac pour poser sa probl\u00e9matique<\/p>\n<p>40\u20ac pour repr\u00e9senter ou observer<\/p>\n<p><em><strong>Constellations astrologiques<\/strong><\/em>: pour rencontrer avec les diff\u00e9rentes facettes int\u00e9rieures qui nous animent, pour int\u00e9grer leurs fonctions et leurs comp\u00e9tences, clarifier les m\u00e9moires traumatiques v\u00e9cues et\/ou h\u00e9rit\u00e9es. Et ainsi d\u00e9nouer les liens complexes, le plus souvent, \u00e0 l&rsquo;origine de nos difficult\u00e9s affectives, relationnelles, professionnelles&#8230;\u00e0 travers les arch\u00e9types des plan\u00e8tes de notre syst\u00e8me solaire.<\/p>\n<p><a href=\"https:\/\/isabellelassegue.com\/index.php\/contact\/\"><strong>Toutes ces dates peuvent \u00eatre modifi\u00e9es. Merci de demander confirmation.\u00a0<\/strong><\/a><\/p><\/blockquote>\n<blockquote><p><strong><a href=\"https:\/\/isabellelassegue.com\/index.php\/2019\/02\/04\/530\/\" target=\"_blank\" rel=\"noopener\">Atelier l&rsquo;Argent E(t)MOI<\/a><\/strong> \u00a0 <a href=\"https:\/\/isabellelassegue.com\/wp-content\/uploads\/2016\/12\/74c90fbf49aaede0999abfba614ccf3d.jpg\"><img loading=\"lazy\" class=\"alignnone wp-image-353\" src=\"https:\/\/isabellelassegue.com\/wp-content\/uploads\/2016\/12\/74c90fbf49aaede0999abfba614ccf3d.jpg\" alt=\"74c90fbf49aaede0999abfba614ccf3d\" width=\"132\" height=\"99\" srcset=\"https:\/\/isabellelassegue.com\/wp-content\/uploads\/2016\/12\/74c90fbf49aaede0999abfba614ccf3d.jpg 480w, https:\/\/isabellelassegue.com\/wp-content\/uploads\/2016\/12\/74c90fbf49aaede0999abfba614ccf3d-300x225.jpg 300w\" sizes=\"(max-width: 132px) 100vw, 132px\" \/><\/a><\/p><\/blockquote>\n<p>Stage de 4 jours pour \u00e0 vivre sa relation \u00e0 l&rsquo;argent<\/p>\n<p><strong>Inscription Ouverte 1ER semestre 2026 : 29\/04, 28\/05, 15\/06 et 2\/07 (dates d\u00e9finitives suite modification en janvier 2026)<\/strong><\/p>\n<p>Jour 1 : O\u00f9 j&rsquo;en suis?<\/p>\n<p>Jour 2 : D&rsquo;o\u00f9 cela vient?<\/p>\n<p>Jour 3 : Qu&rsquo;est-ce que j&rsquo;en fais?<\/p>\n<p>Jour 4 : Comment je le vibre?<\/p>\n<p>Places limit\u00e9es, sur inscription (70\u20ac l&rsquo;atelier de 10H \u00e0 17H sur Lorient)<\/p>\n<p><strong><a href=\"https:\/\/isabellelassegue.com\/index.php\/genogramme\/\" target=\"_blank\" rel=\"noopener\">Atelier d&rsquo;approfondissement du g\u00e9no sociogramme<\/a><\/strong>\u00a0\u00a0<a href=\"https:\/\/isabellelassegue.com\/wp-content\/uploads\/2021\/10\/Photo-psycho-il-e1645478271760.jpg\"><img loading=\"lazy\" class=\"alignnone  wp-image-798\" src=\"https:\/\/isabellelassegue.com\/wp-content\/uploads\/2021\/10\/Photo-psycho-il-e1645478271760.jpg\" alt=\"Photo psycho il\" width=\"130\" height=\"57\" \/><\/a><\/p>\n<p>Et si nos troubles \u201ccomm\u00e9moraient\u201d ou mettaient en lumi\u00e8re les faits marquants de la vie de nos anc\u00eatres?<\/p>\n<p>Elaborer son g\u00e9no-sociogramme, identifier les repr\u00e9sentations familiales, les fonctionnements et les r\u00e9p\u00e9titions, d\u00e9crypter les intrications\u2026.et lib\u00e9rer les n\u0153uds par la pratique de la constellation familiale en individuel (6 jours minimum).<\/p>\n<p>Il s\u2019agit d\u2019un approfondissement d\u2019outils pour comprendre son histoire, qui vous aide \u00e0 comprendre vos propres sch\u00e9mas familiaux. <strong>Ce n&rsquo;est pas une formation certifiante, ni qualifiante d\u2019une posture th\u00e9rapeutique.<\/strong><\/p>\n<ul>\n<li>1SEM 2026 : 13\/02, 05\/03, 01\/04, 28\/04, 21\/05 et 24\/06<\/li>\n<\/ul>\n<p>Places limit\u00e9es, sur inscription (70\u20ac l&rsquo;atelier de 10H \u00e0 17H sur Lorient)<\/p>\n<p><strong><a href=\"https:\/\/isabellelassegue.com\/index.php\/genogramme\/\" target=\"_blank\" rel=\"noopener\">Journ\u00e9e Langage des Oiseaux :<\/a><a href=\"https:\/\/isabellelassegue.com\/index.php\/157-2\/image1\/\" rel=\"attachment wp-att-1050\"><img loading=\"lazy\" class=\"alignnone  wp-image-1050\" src=\"https:\/\/isabellelassegue.com\/wp-content\/uploads\/2024\/07\/Image1.jpg\" alt=\"\" width=\"172\" height=\"88\" srcset=\"https:\/\/isabellelassegue.com\/wp-content\/uploads\/2024\/07\/Image1.jpg 912w, https:\/\/isabellelassegue.com\/wp-content\/uploads\/2024\/07\/Image1-300x154.jpg 300w, https:\/\/isabellelassegue.com\/wp-content\/uploads\/2024\/07\/Image1-768x394.jpg 768w\" sizes=\"(max-width: 172px) 100vw, 172px\" \/><\/a><\/strong><\/p>\n<p><em>Journ\u00e9e d\u00e9couverte pour d\u00e9velopper la tournure d\u2019esprit et une disposition \u00e0 capter la puissance symbolique du langage des oiseaux, et donner du sens aux \u00ab\u00a0maux\u00a0\u00bb que nous exprimons en \u00e9coutant les \u00ab\u00a0mots\u00a0\u00bb que nous utilisons et qui sont utilis\u00e9s par les personnes que nous accompagnons. \u00ab\u00a0Les mots sont les passants myst\u00e9rieux de l\u2019\u00e2me\u00a0\u00bb Victor Hugo<\/em><\/p>\n<p><strong><em>Mardi 16 Juin 2026<\/em><\/strong><\/p>\n<p>Places limit\u00e9es, sur inscription (70\u20ac l&rsquo;atelier de 10H \u00e0 17H sur Lorient)<\/p>\n<p><strong><em><a href=\"https:\/\/isabellelassegue.com\/index.php\/genogramme\/\" target=\"_blank\" rel=\"noopener\">Journ\u00e9e Lame du Tarot et Lettres H\u00e9bra\u00efques <\/a>:\u00a0<\/em><\/strong><\/p>\n<p><em>Journ\u00e9e d\u00e9couverte de l\u2019Etre (lettre) \u00e0 l\u2019Ame (lame), ludique et pratique, pour apprendre \u00e0 rencontrer l\u2019\u00e9nergie des arcanes comme une possible repr\u00e9sentation des \u00e9tats de conscience int\u00e9rieur.<\/em><\/p>\n<p><strong><em>Mercredi 17 Juin 2026<\/em><\/strong><\/p>\n<p>Places limit\u00e9es, sur inscription (70\u20ac l&rsquo;atelier de 10H \u00e0 17H sur Lorient)<\/p>\n<p><a href=\"https:\/\/isabellelassegue.com\/index.php\/2022\/09\/20\/salon-entre-terre-et-ciel-a-quimperle-29-les-30-et-31-mars-2024-espace-b-groult\/\" target=\"_blank\" rel=\"noopener\"><u>Salons 2026<\/u><\/a><\/p>\n<p><a href=\"https:\/\/isabellelassegue.com\/index.php\/2019\/02\/04\/salon-zen-bien-etre-guidel-2\/\" target=\"_blank\" rel=\"noopener\"><u><strong><span style=\"color: #0066cc;\"><img loading=\"lazy\" class=\"wp-image-211 alignright\" src=\"https:\/\/isabellelassegue.com\/wp-content\/uploads\/2015\/11\/cairn-2-300x225.jpg\" alt=\"cairn 2\" width=\"87\" height=\"65\" \/><\/span><\/strong><\/u><\/a><a href=\"https:\/\/isabellelassegue.com\/wp-admin\/post.php?post=517&amp;action=edit\" target=\"_blank\" rel=\"noopener\"><u><span style=\"color: #0066cc;\"><strong>25 et 26 avril 2026\u00a0 <\/strong><strong>Salon \u00ab\u00a0Entre Ciel et Terre\u00a0\u00bb QUIMPERLE<\/strong><\/span><strong><span style=\"color: #0066cc;\"> (29) Stand avec d\u00e9couverte des pratiques (chemin de vie astrologique, astro-th\u00e9rapie, \u2026) et conf\u00e9rence sur l&rsquo;int\u00e9r\u00eat des Constellations familiales le samedi 25 avril \u00e0 17H. Au plaisir de vous rencontrer.<\/span><\/strong><\/u><\/a><\/p>\n<p><a href=\"https:\/\/entreterreetciel.org\/\">Site du salon<\/a><\/p>\n<blockquote><p><strong>Toutes ces dates peuvent \u00eatre modifi\u00e9es. Merci de demander confirmation.\u00a0<\/strong><\/p><\/blockquote>\n<blockquote><p><strong><a href=\"https:\/\/isabellelassegue.com\/\">www.isabellelassegue.com<\/a>\u00a0 \u00a0 <\/strong><strong>contact@isabellelassegue.com<\/strong><\/p><\/blockquote>\n","protected":false},"excerpt":{"rendered":"<p>JOURNEES de Constellation familiale\u00a0sur inscription 2026 Jeudi 22 janvier Vendredi 6 f\u00e9vrier Mercredi 4 mars\u00a0 Vendredi 3 avril Mercredi 20 mai Mardi 23 juin Mercredi 22 Juillet Jeudi 23 Juillet : sp\u00e9cial Constellation Astrologique&#8230;.les plan\u00e8tes du th\u00e8me natal Les ateliers se d\u00e9roulent de 10H \u00e0 18H\u00a0 environ avec la possibilit\u00e9 de d\u00e9jeuner sur place et &hellip; <a href=\"https:\/\/isabellelassegue.com\/index.php\/157-2\/\" class=\"more-link\">Continuer la lecture de <span class=\"screen-reader-text\">Dates : ateliers, conf\u00e9rences et salons<\/span> <span class=\"meta-nav\">&rarr;<\/span><\/a><\/p>\n","protected":false},"author":1,"featured_media":0,"parent":0,"menu_order":0,"comment_status":"closed","ping_status":"closed","template":"","meta":[],"yoast_head":"<!-- This site is optimized with the Yoast SEO plugin v19.10 - https:\/\/yoast.com\/wordpress\/plugins\/seo\/ -->\n<title>Isabelle Lass\u00e8gue Astroth\u00e9rapeute<\/title>\n<meta name=\"description\" content=\"Isabelle Lassegue Th\u00e9rapie Lorient 56 Morbihan Bretagne psycho g\u00e9n\u00e9alogie constellation familiale transg\u00e9n\u00e9rationnel astrologie traumatismes th\u00e9rapeute perturbation \u00e9motionnelle hypnose\" \/>\n<meta name=\"robots\" content=\"index, follow, max-snippet:-1, max-image-preview:large, max-video-preview:-1\" \/>\n<link rel=\"canonical\" href=\"https:\/\/isabellelassegue.com\/index.php\/157-2\/\" \/>\n<meta property=\"og:locale\" content=\"fr_FR\" \/>\n<meta property=\"og:type\" content=\"article\" \/>\n<meta property=\"og:title\" content=\"Isabelle Lass\u00e8gue Astroth\u00e9rapeute\" \/>\n<meta property=\"og:description\" content=\"Isabelle Lassegue Th\u00e9rapie Lorient 56 Morbihan Bretagne psycho g\u00e9n\u00e9alogie constellation familiale transg\u00e9n\u00e9rationnel astrologie traumatismes th\u00e9rapeute perturbation \u00e9motionnelle hypnose\" \/>\n<meta property=\"og:url\" content=\"https:\/\/isabellelassegue.com\/index.php\/157-2\/\" \/>\n<meta property=\"og:site_name\" content=\"Isabelle Lass\u00e8gue Astroth\u00e9rapeute\" \/>\n<meta property=\"article:modified_time\" content=\"2026-04-04T09:26:31+00:00\" \/>\n<meta property=\"og:image\" content=\"http:\/\/isabellelassegue.com\/wp-content\/uploads\/2016\/01\/eclats-300x225.jpg\" \/>\n<meta name=\"twitter:card\" content=\"summary_large_image\" \/>\n<meta name=\"twitter:label1\" content=\"Dur\u00e9e de lecture estim\u00e9e\" \/>\n\t<meta name=\"twitter:data1\" content=\"4 minutes\" \/>\n<script type=\"application\/ld+json\" class=\"yoast-schema-graph\">{\"@context\":\"https:\/\/schema.org\",\"@graph\":[{\"@type\":\"WebPage\",\"@id\":\"https:\/\/isabellelassegue.com\/index.php\/157-2\/\",\"url\":\"https:\/\/isabellelassegue.com\/index.php\/157-2\/\",\"name\":\"Isabelle Lass\u00e8gue Astroth\u00e9rapeute\",\"isPartOf\":{\"@id\":\"https:\/\/isabellelassegue.com\/#website\"},\"datePublished\":\"2021-10-22T14:40:11+00:00\",\"dateModified\":\"2026-04-04T09:26:31+00:00\",\"description\":\"Isabelle Lassegue Th\u00e9rapie Lorient 56 Morbihan Bretagne psycho g\u00e9n\u00e9alogie constellation familiale transg\u00e9n\u00e9rationnel astrologie traumatismes th\u00e9rapeute perturbation \u00e9motionnelle hypnose\",\"breadcrumb\":{\"@id\":\"https:\/\/isabellelassegue.com\/index.php\/157-2\/#breadcrumb\"},\"inLanguage\":\"fr-FR\",\"potentialAction\":[{\"@type\":\"ReadAction\",\"target\":[\"https:\/\/isabellelassegue.com\/index.php\/157-2\/\"]}]},{\"@type\":\"BreadcrumbList\",\"@id\":\"https:\/\/isabellelassegue.com\/index.php\/157-2\/#breadcrumb\",\"itemListElement\":[{\"@type\":\"ListItem\",\"position\":1,\"name\":\"Accueil\",\"item\":\"https:\/\/isabellelassegue.com\/\"},{\"@type\":\"ListItem\",\"position\":2,\"name\":\"Dates : ateliers, conf\u00e9rences et salons\"}]},{\"@type\":\"WebSite\",\"@id\":\"https:\/\/isabellelassegue.com\/#website\",\"url\":\"https:\/\/isabellelassegue.com\/\",\"name\":\"Isabelle Lass\u00e8gue Astroth\u00e9rapeute\",\"description\":\"Mettre du sens, Savourer son unique\",\"potentialAction\":[{\"@type\":\"SearchAction\",\"target\":{\"@type\":\"EntryPoint\",\"urlTemplate\":\"https:\/\/isabellelassegue.com\/?s={search_term_string}\"},\"query-input\":\"required name=search_term_string\"}],\"inLanguage\":\"fr-FR\"}]}<\/script>\n<!-- \/ Yoast SEO plugin. -->","yoast_head_json":{"title":"Isabelle Lass\u00e8gue Astroth\u00e9rapeute","description":"Isabelle Lassegue Th\u00e9rapie Lorient 56 Morbihan Bretagne psycho g\u00e9n\u00e9alogie constellation familiale transg\u00e9n\u00e9rationnel astrologie traumatismes th\u00e9rapeute perturbation \u00e9motionnelle hypnose","robots":{"index":"index","follow":"follow","max-snippet":"max-snippet:-1","max-image-preview":"max-image-preview:large","max-video-preview":"max-video-preview:-1"},"canonical":"https:\/\/isabellelassegue.com\/index.php\/157-2\/","og_locale":"fr_FR","og_type":"article","og_title":"Isabelle Lass\u00e8gue Astroth\u00e9rapeute","og_description":"Isabelle Lassegue Th\u00e9rapie Lorient 56 Morbihan Bretagne psycho g\u00e9n\u00e9alogie constellation familiale transg\u00e9n\u00e9rationnel astrologie traumatismes th\u00e9rapeute perturbation \u00e9motionnelle hypnose","og_url":"https:\/\/isabellelassegue.com\/index.php\/157-2\/","og_site_name":"Isabelle Lass\u00e8gue Astroth\u00e9rapeute","article_modified_time":"2026-04-04T09:26:31+00:00","og_image":[{"url":"http:\/\/isabellelassegue.com\/wp-content\/uploads\/2016\/01\/eclats-300x225.jpg"}],"twitter_card":"summary_large_image","twitter_misc":{"Dur\u00e9e de lecture estim\u00e9e":"4 minutes"},"schema":{"@context":"https:\/\/schema.org","@graph":[{"@type":"WebPage","@id":"https:\/\/isabellelassegue.com\/index.php\/157-2\/","url":"https:\/\/isabellelassegue.com\/index.php\/157-2\/","name":"Isabelle Lass\u00e8gue Astroth\u00e9rapeute","isPartOf":{"@id":"https:\/\/isabellelassegue.com\/#website"},"datePublished":"2021-10-22T14:40:11+00:00","dateModified":"2026-04-04T09:26:31+00:00","description":"Isabelle Lassegue Th\u00e9rapie Lorient 56 Morbihan Bretagne psycho g\u00e9n\u00e9alogie constellation familiale transg\u00e9n\u00e9rationnel astrologie traumatismes th\u00e9rapeute perturbation \u00e9motionnelle hypnose","breadcrumb":{"@id":"https:\/\/isabellelassegue.com\/index.php\/157-2\/#breadcrumb"},"inLanguage":"fr-FR","potentialAction":[{"@type":"ReadAction","target":["https:\/\/isabellelassegue.com\/index.php\/157-2\/"]}]},{"@type":"BreadcrumbList","@id":"https:\/\/isabellelassegue.com\/index.php\/157-2\/#breadcrumb","itemListElement":[{"@type":"ListItem","position":1,"name":"Accueil","item":"https:\/\/isabellelassegue.com\/"},{"@type":"ListItem","position":2,"name":"Dates : ateliers, conf\u00e9rences et salons"}]},{"@type":"WebSite","@id":"https:\/\/isabellelassegue.com\/#website","url":"https:\/\/isabellelassegue.com\/","name":"Isabelle Lass\u00e8gue Astroth\u00e9rapeute","description":"Mettre du sens, Savourer son unique","potentialAction":[{"@type":"SearchAction","target":{"@type":"EntryPoint","urlTemplate":"https:\/\/isabellelassegue.com\/?s={search_term_string}"},"query-input":"required name=search_term_string"}],"inLanguage":"fr-FR"}]}},"_links":{"self":[{"href":"https:\/\/isabellelassegue.com\/index.php\/wp-json\/wp\/v2\/pages\/157"}],"collection":[{"href":"https:\/\/isabellelassegue.com\/index.php\/wp-json\/wp\/v2\/pages"}],"about":[{"href":"https:\/\/isabellelassegue.com\/index.php\/wp-json\/wp\/v2\/types\/page"}],"author":[{"embeddable":true,"href":"https:\/\/isabellelassegue.com\/index.php\/wp-json\/wp\/v2\/users\/1"}],"replies":[{"embeddable":true,"href":"https:\/\/isabellelassegue.com\/index.php\/wp-json\/wp\/v2\/comments?post=157"}],"version-history":[{"count":116,"href":"https:\/\/isabellelassegue.com\/index.php\/wp-json\/wp\/v2\/pages\/157\/revisions"}],"predecessor-version":[{"id":1134,"href":"https:\/\/isabellelassegue.com\/index.php\/wp-json\/wp\/v2\/pages\/157\/revisions\/1134"}],"wp:attachment":[{"href":"https:\/\/isabellelassegue.com\/index.php\/wp-json\/wp\/v2\/media?parent=157"}],"curies":[{"name":"wp","href":"https:\/\/api.w.org\/{rel}","templated":true}]}}