{"id":24,"date":"2015-11-03T22:28:11","date_gmt":"2015-11-03T21:28:11","guid":{"rendered":"http:\/\/isabellelassegue.com\/?page_id=24"},"modified":"2024-02-08T09:54:46","modified_gmt":"2024-02-08T08:54:46","slug":"perturbations-emotionnelles","status":"publish","type":"page","link":"https:\/\/isabellelassegue.com\/index.php\/perturbations-emotionnelles\/","title":{"rendered":"Lib\u00e9ration des perturbations \u00e9motionnelles"},"content":{"rendered":"<p style=\"text-align: center;\"><strong>LIBERATION DES PERTURBATIONS EMOTIONNELLES<\/strong><\/p>\n<p>Les perturbations \u00e9motionnelles peuvent prendre plusieurs formes, se traduire par des maux du corps, des troubles du comportement, des phobies, &#8230; et pour lesquelles nous n&rsquo;arrivons pas toujours \u00e0 trouver de solutions lib\u00e9ratrices.<\/p>\n<p>Pour leur accompagnement j&rsquo;utilise principalement 3 approches :<\/p>\n<ul>\n<li><strong>Hypnose ericksonienne<\/strong><\/li>\n<li><strong>ALP\u00e9<\/strong>\u00a0: <strong>A<\/strong>ccompagnement <strong>L<\/strong>ib\u00e9ratoire des <strong>P<\/strong>erturbations <strong>\u00e9<\/strong>motionnelles<\/li>\n<li><strong>ETA<\/strong> : <strong>E<\/strong>preuve des <strong>T<\/strong>rois <strong>A<\/strong>rbres<\/li>\n<\/ul>\n<p style=\"text-align: center;\"><strong>L&rsquo;HYPNOSE<\/strong><\/p>\n<p style=\"text-align: center;\"><a href=\"https:\/\/isabellelassegue.com\/wp-content\/uploads\/2015\/11\/pluie-de-gouttes.jpg\"><img loading=\"lazy\" class=\"alignnone wp-image-224\" src=\"https:\/\/isabellelassegue.com\/wp-content\/uploads\/2015\/11\/pluie-de-gouttes-300x224.jpg\" alt=\"pluie de gouttes\" width=\"244\" height=\"182\" \/><\/a><\/p>\n<blockquote>\n<p style=\"text-align: center;\"><em>\u00ab\u00a0L&rsquo;Hypnose est comme une pluie fra\u00eeche qui irrigue la terre<br \/>\net permet d&rsquo;y faire germer les richesses qui \u00e9taient endormies\u00a0\u00bb<\/em><\/p>\n<p style=\"text-align: center;\"><strong><em>Teresa ROBLES<\/em><\/strong><\/p>\n<p><strong><em>Membre de l&rsquo;Association Mexicaine de Th\u00e9rapie Familiale et de la Soci\u00e9t\u00e9 Internationale d&rsquo;Hypnose, Pr\u00e9side le Centre Ericksonien de Mexico.<\/em><\/strong><\/p><\/blockquote>\n<p>L\u2019hypnose repose sur la capacit\u00e9 de chacun \u00e0 activer un processus naturel que nous poss\u00e9dons tous, d\u00e8s la naissance.<\/p>\n<p>Nous le percevons parfois quand nous sommes en voiture, quand nous lisons un bon livre et que nous perdons la notion du temps.<\/p>\n<p>Cet \u00e9tat de conscience modifi\u00e9 permet d\u2019activer des ressources, des capacit\u00e9s rest\u00e9es \u00ab\u00a0en sommeil\u00a0\u00bb.<\/p>\n<p>Il ouvre de nouvelles portes, offre de nouvelles r\u00e9ponses.<br \/>\nIl reconnecte chacun avec son guide int\u00e9rieur.<\/p>\n<p>L\u2019hypnoth\u00e9rapeute organise cette rencontre.<\/p>\n<p>Je pratique <a href=\"https:\/\/isabellelassegue.com\/index.php\/qui-suis-je\/formation\/\" target=\"_blank\" rel=\"noopener\">l\u2019hypnose \u00ab\u00a0ericksonienne\u00a0\u00bb.<\/a><\/p>\n<p>Son origine vient de Milton Erickson, m\u00e9decin psychiatre am\u00e9ricain qui a r\u00e9nov\u00e9 la place de l\u2019hypnose dans l\u2019accompagnement th\u00e9rapeutique.<\/p>\n<p>Dur\u00e9e : 1H30\u00a0 Prix : 70 \u20ac<\/p>\n<p style=\"text-align: center;\"><strong>ALP\u00e9<\/strong><\/p>\n<p><a href=\"https:\/\/isabellelassegue.com\/wp-content\/uploads\/2015\/11\/coeur-tout-souriant-27555-660x400.jpg\"><img loading=\"lazy\" class=\"wp-image-748 size-medium aligncenter\" src=\"https:\/\/isabellelassegue.com\/wp-content\/uploads\/2015\/11\/coeur-tout-souriant-27555-660x400-300x294.jpg\" alt=\"Coloriage Coeur tout souriant dessin gratuit\" width=\"300\" height=\"294\" srcset=\"https:\/\/isabellelassegue.com\/wp-content\/uploads\/2015\/11\/coeur-tout-souriant-27555-660x400-300x294.jpg 300w, https:\/\/isabellelassegue.com\/wp-content\/uploads\/2015\/11\/coeur-tout-souriant-27555-660x400.jpg 566w\" sizes=\"(max-width: 300px) 100vw, 300px\" \/><\/a><\/p>\n<p style=\"text-align: center;\"><em>\u00ab\u00a0Le jour o\u00f9 je me suis aim\u00e9 pour de vrai, j\u2019ai pu percevoir que mon anxi\u00e9t\u00e9 et ma souffrance \u00e9motionnelle, n\u2019\u00e9taient rien d\u2019autre qu\u2019un signal lorsque je vais \u00e0 l\u2019encontre de mes convictions. Aujourd\u2019hui, je sais que \u00e7a s\u2019appelle Authenticit\u00e9\u00a0\u00bb<\/em><\/p>\n<p><em>When I Loved Myself Enough de Kim McMillen et Alison McMillen &#8211;\u00a0<strong>Kim McMillen<\/strong><\/em><\/p>\n<p><a href=\"https:\/\/isabellelassegue.com\/index.php\/qui-suis-je\/formation\/\" target=\"_blank\" rel=\"noopener\">ALP\u00e9 , Accompagnement Lib\u00e9ratoire des perturbations \u00e9motionnelles<\/a>\u00a0est une approche \u00e9manant de TIPI, Technique d&rsquo;identification des peurs inconscientes.<\/p>\n<p>Une m\u00e9thode qui s&rsquo;appuie sur les perturbations actuelles et qui redonne le pouvoir au corps de trouver ses propres ressources de bien-\u00eatre, de\u00a0la libert\u00e9 \u00e0 \u00eatre et\u00a0de sant\u00e9.<\/p>\n<p>Les perturbations \u00e9motionnelles se trouvent dans<br \/>\ntoutes les sph\u00e8res de la vie : personnelle, professionnelle, familiale, amicale, sportive\u2026<\/p>\n<p style=\"text-align: center;\"><strong>ETA<\/strong><\/p>\n<p><a href=\"https:\/\/isabellelassegue.com\/wp-content\/uploads\/2015\/11\/istockphoto-517715514-170667a.jpg\"><img loading=\"lazy\" class=\"size-full wp-image-749 aligncenter\" src=\"https:\/\/isabellelassegue.com\/wp-content\/uploads\/2015\/11\/istockphoto-517715514-170667a.jpg\" alt=\"Black Tree and Roots. Vector Illustration.\" width=\"416\" height=\"416\" srcset=\"https:\/\/isabellelassegue.com\/wp-content\/uploads\/2015\/11\/istockphoto-517715514-170667a.jpg 416w, https:\/\/isabellelassegue.com\/wp-content\/uploads\/2015\/11\/istockphoto-517715514-170667a-150x150.jpg 150w, https:\/\/isabellelassegue.com\/wp-content\/uploads\/2015\/11\/istockphoto-517715514-170667a-300x300.jpg 300w\" sizes=\"(max-width: 416px) 100vw, 416px\" \/><\/a><\/p>\n<p style=\"text-align: center;\"><em>\u00ab\u00a0Les arbres ont tenu une place essentielle dans ma vie et m&rsquo;ont appris bien des le\u00e7ons. Chaque arbre est le symbole vivant de la paix et de l&rsquo;espoir. Avec ses racines profond\u00e9ment ancr\u00e9es dans la terre et ses branches qui s&rsquo;\u00e9lancent vers le ciel, il nous dit que pour aspirer \u00e0 aller toujours plus haut, nous aussi nous devons \u00eatre bien enracin\u00e9s au sol car, aussi haut que nous nous \u00e9lancions, c&rsquo;est toujours de nos racines que nous puisons notre force.\u00a0\u00bb<\/em><\/p>\n<p style=\"text-align: center;\"><strong><em>Wangari Maathai,\u00a0prix Nobel de la Paix 2004<\/em><\/strong><\/p>\n<p style=\"text-align: center;\"><strong><em>Surnomm\u00e9e <\/em><\/strong><strong><em>\u00ab la femme qui plantait des arbres\u00a0\u00bb<\/em><\/strong><\/p>\n<p style=\"text-align: center;\">L&rsquo;\u00a0<a href=\"https:\/\/isabellelassegue.com\/index.php\/qui-suis-je\/formation\/\" target=\"_blank\" rel=\"noopener\">Epreuve des\u00a0Trois\u00a0\u00a0Arbres (ETA)<\/a>\u00a0est un\u00a0<strong><em>outil qui consiste \u00e0 dessiner des arbres comme base d&rsquo;expression d&rsquo;histoires.\u00a0<\/em><\/strong><\/p>\n<div id=\"cc-m-14011409978\" class=\"j-module n j-text \">\n<p>L\u2019arbre est une m\u00e9diation qui facilite l\u2019expression en contournant les pr\u00e9jug\u00e9s, les conformismes, les interdits, les impossibles de toutes sortes.\u00a0 L\u2019Epreuve des Trois Arbres permet non seulement de dire sa vie mais \u00e9galement de commencer \u00e0 la transformer.<\/p>\n<p>La d\u00e9marche est structur\u00e9e en trois temps : passation, analyse, lecture partag\u00e9e. La passation et le lecture partag\u00e9e se d\u00e9roulent avec la consultante ou le consultant. La passation est graduelle avec des consignes pr\u00e9cises et ouvertes. Le protocole r\u00e9sultant de la passation est ensuite analys\u00e9 selon des r\u00e8gles sans \u00e9valuation et sans interpr\u00e9tation par l&rsquo;accompagnant.e seulement.\u00a0 La \u00ab\u00a0lecture partag\u00e9e\u00a0\u00bb a pour but d\u2019engager l\u2019approfondissement des contenus expos\u00e9s afin de susciter un renouvellement du sens et des perspectives au service de la personne.<\/p>\n<\/div>\n","protected":false},"excerpt":{"rendered":"<p>LIBERATION DES PERTURBATIONS EMOTIONNELLES Les perturbations \u00e9motionnelles peuvent prendre plusieurs formes, se traduire par des maux du corps, des troubles du comportement, des phobies, &#8230; et pour lesquelles nous n&rsquo;arrivons pas toujours \u00e0 trouver de solutions lib\u00e9ratrices. Pour leur accompagnement j&rsquo;utilise principalement 3 approches : Hypnose ericksonienne ALP\u00e9\u00a0: Accompagnement Lib\u00e9ratoire des Perturbations \u00e9motionnelles ETA : &hellip; <a href=\"https:\/\/isabellelassegue.com\/index.php\/perturbations-emotionnelles\/\" class=\"more-link\">Continuer la lecture de <span class=\"screen-reader-text\">Lib\u00e9ration des perturbations \u00e9motionnelles<\/span> <span class=\"meta-nav\">&rarr;<\/span><\/a><\/p>\n","protected":false},"author":1,"featured_media":0,"parent":0,"menu_order":0,"comment_status":"closed","ping_status":"closed","template":"","meta":[],"yoast_head":"<!-- This site is optimized with the Yoast SEO plugin v19.10 - https:\/\/yoast.com\/wordpress\/plugins\/seo\/ -->\n<title>Lib\u00e9ration des perturbations \u00e9motionnelles - Isabelle Lass\u00e8gue Astroth\u00e9rapeute<\/title>\n<meta name=\"robots\" content=\"index, follow, max-snippet:-1, max-image-preview:large, max-video-preview:-1\" \/>\n<link rel=\"canonical\" href=\"https:\/\/isabellelassegue.com\/index.php\/perturbations-emotionnelles\/\" \/>\n<meta property=\"og:locale\" content=\"fr_FR\" \/>\n<meta property=\"og:type\" content=\"article\" \/>\n<meta property=\"og:title\" content=\"Lib\u00e9ration des perturbations \u00e9motionnelles - Isabelle Lass\u00e8gue Astroth\u00e9rapeute\" \/>\n<meta property=\"og:description\" content=\"LIBERATION DES PERTURBATIONS EMOTIONNELLES Les perturbations \u00e9motionnelles peuvent prendre plusieurs formes, se traduire par des maux du corps, des troubles du comportement, des phobies, &#8230; et pour lesquelles nous n&rsquo;arrivons pas toujours \u00e0 trouver de solutions lib\u00e9ratrices. Pour leur accompagnement j&rsquo;utilise principalement 3 approches : Hypnose ericksonienne ALP\u00e9\u00a0: Accompagnement Lib\u00e9ratoire des Perturbations \u00e9motionnelles ETA : &hellip; Continuer la lecture de Lib\u00e9ration des perturbations \u00e9motionnelles &rarr;\" \/>\n<meta property=\"og:url\" content=\"https:\/\/isabellelassegue.com\/index.php\/perturbations-emotionnelles\/\" \/>\n<meta property=\"og:site_name\" content=\"Isabelle Lass\u00e8gue Astroth\u00e9rapeute\" \/>\n<meta property=\"article:modified_time\" content=\"2024-02-08T08:54:46+00:00\" \/>\n<meta property=\"og:image\" content=\"http:\/\/isabellelassegue.com\/wp-content\/uploads\/2015\/11\/pluie-de-gouttes-300x224.jpg\" \/>\n<meta name=\"twitter:card\" content=\"summary_large_image\" \/>\n<meta name=\"twitter:label1\" content=\"Dur\u00e9e de lecture estim\u00e9e\" \/>\n\t<meta name=\"twitter:data1\" content=\"4 minutes\" \/>\n<script type=\"application\/ld+json\" class=\"yoast-schema-graph\">{\"@context\":\"https:\/\/schema.org\",\"@graph\":[{\"@type\":\"WebPage\",\"@id\":\"https:\/\/isabellelassegue.com\/index.php\/perturbations-emotionnelles\/\",\"url\":\"https:\/\/isabellelassegue.com\/index.php\/perturbations-emotionnelles\/\",\"name\":\"Lib\u00e9ration des perturbations \u00e9motionnelles - Isabelle Lass\u00e8gue Astroth\u00e9rapeute\",\"isPartOf\":{\"@id\":\"https:\/\/isabellelassegue.com\/#website\"},\"datePublished\":\"2015-11-03T21:28:11+00:00\",\"dateModified\":\"2024-02-08T08:54:46+00:00\",\"breadcrumb\":{\"@id\":\"https:\/\/isabellelassegue.com\/index.php\/perturbations-emotionnelles\/#breadcrumb\"},\"inLanguage\":\"fr-FR\",\"potentialAction\":[{\"@type\":\"ReadAction\",\"target\":[\"https:\/\/isabellelassegue.com\/index.php\/perturbations-emotionnelles\/\"]}]},{\"@type\":\"BreadcrumbList\",\"@id\":\"https:\/\/isabellelassegue.com\/index.php\/perturbations-emotionnelles\/#breadcrumb\",\"itemListElement\":[{\"@type\":\"ListItem\",\"position\":1,\"name\":\"Accueil\",\"item\":\"https:\/\/isabellelassegue.com\/\"},{\"@type\":\"ListItem\",\"position\":2,\"name\":\"Lib\u00e9ration des perturbations \u00e9motionnelles\"}]},{\"@type\":\"WebSite\",\"@id\":\"https:\/\/isabellelassegue.com\/#website\",\"url\":\"https:\/\/isabellelassegue.com\/\",\"name\":\"Isabelle Lass\u00e8gue Astroth\u00e9rapeute\",\"description\":\"Mettre du sens, Savourer son unique\",\"potentialAction\":[{\"@type\":\"SearchAction\",\"target\":{\"@type\":\"EntryPoint\",\"urlTemplate\":\"https:\/\/isabellelassegue.com\/?s={search_term_string}\"},\"query-input\":\"required name=search_term_string\"}],\"inLanguage\":\"fr-FR\"}]}<\/script>\n<!-- \/ Yoast SEO plugin. -->","yoast_head_json":{"title":"Lib\u00e9ration des perturbations \u00e9motionnelles - Isabelle Lass\u00e8gue Astroth\u00e9rapeute","robots":{"index":"index","follow":"follow","max-snippet":"max-snippet:-1","max-image-preview":"max-image-preview:large","max-video-preview":"max-video-preview:-1"},"canonical":"https:\/\/isabellelassegue.com\/index.php\/perturbations-emotionnelles\/","og_locale":"fr_FR","og_type":"article","og_title":"Lib\u00e9ration des perturbations \u00e9motionnelles - Isabelle Lass\u00e8gue Astroth\u00e9rapeute","og_description":"LIBERATION DES PERTURBATIONS EMOTIONNELLES Les perturbations \u00e9motionnelles peuvent prendre plusieurs formes, se traduire par des maux du corps, des troubles du comportement, des phobies, &#8230; et pour lesquelles nous n&rsquo;arrivons pas toujours \u00e0 trouver de solutions lib\u00e9ratrices. Pour leur accompagnement j&rsquo;utilise principalement 3 approches : Hypnose ericksonienne ALP\u00e9\u00a0: Accompagnement Lib\u00e9ratoire des Perturbations \u00e9motionnelles ETA : &hellip; Continuer la lecture de Lib\u00e9ration des perturbations \u00e9motionnelles &rarr;","og_url":"https:\/\/isabellelassegue.com\/index.php\/perturbations-emotionnelles\/","og_site_name":"Isabelle Lass\u00e8gue Astroth\u00e9rapeute","article_modified_time":"2024-02-08T08:54:46+00:00","og_image":[{"url":"http:\/\/isabellelassegue.com\/wp-content\/uploads\/2015\/11\/pluie-de-gouttes-300x224.jpg"}],"twitter_card":"summary_large_image","twitter_misc":{"Dur\u00e9e de lecture estim\u00e9e":"4 minutes"},"schema":{"@context":"https:\/\/schema.org","@graph":[{"@type":"WebPage","@id":"https:\/\/isabellelassegue.com\/index.php\/perturbations-emotionnelles\/","url":"https:\/\/isabellelassegue.com\/index.php\/perturbations-emotionnelles\/","name":"Lib\u00e9ration des perturbations \u00e9motionnelles - Isabelle Lass\u00e8gue Astroth\u00e9rapeute","isPartOf":{"@id":"https:\/\/isabellelassegue.com\/#website"},"datePublished":"2015-11-03T21:28:11+00:00","dateModified":"2024-02-08T08:54:46+00:00","breadcrumb":{"@id":"https:\/\/isabellelassegue.com\/index.php\/perturbations-emotionnelles\/#breadcrumb"},"inLanguage":"fr-FR","potentialAction":[{"@type":"ReadAction","target":["https:\/\/isabellelassegue.com\/index.php\/perturbations-emotionnelles\/"]}]},{"@type":"BreadcrumbList","@id":"https:\/\/isabellelassegue.com\/index.php\/perturbations-emotionnelles\/#breadcrumb","itemListElement":[{"@type":"ListItem","position":1,"name":"Accueil","item":"https:\/\/isabellelassegue.com\/"},{"@type":"ListItem","position":2,"name":"Lib\u00e9ration des perturbations \u00e9motionnelles"}]},{"@type":"WebSite","@id":"https:\/\/isabellelassegue.com\/#website","url":"https:\/\/isabellelassegue.com\/","name":"Isabelle Lass\u00e8gue Astroth\u00e9rapeute","description":"Mettre du sens, Savourer son unique","potentialAction":[{"@type":"SearchAction","target":{"@type":"EntryPoint","urlTemplate":"https:\/\/isabellelassegue.com\/?s={search_term_string}"},"query-input":"required name=search_term_string"}],"inLanguage":"fr-FR"}]}},"_links":{"self":[{"href":"https:\/\/isabellelassegue.com\/index.php\/wp-json\/wp\/v2\/pages\/24"}],"collection":[{"href":"https:\/\/isabellelassegue.com\/index.php\/wp-json\/wp\/v2\/pages"}],"about":[{"href":"https:\/\/isabellelassegue.com\/index.php\/wp-json\/wp\/v2\/types\/page"}],"author":[{"embeddable":true,"href":"https:\/\/isabellelassegue.com\/index.php\/wp-json\/wp\/v2\/users\/1"}],"replies":[{"embeddable":true,"href":"https:\/\/isabellelassegue.com\/index.php\/wp-json\/wp\/v2\/comments?post=24"}],"version-history":[{"count":15,"href":"https:\/\/isabellelassegue.com\/index.php\/wp-json\/wp\/v2\/pages\/24\/revisions"}],"predecessor-version":[{"id":984,"href":"https:\/\/isabellelassegue.com\/index.php\/wp-json\/wp\/v2\/pages\/24\/revisions\/984"}],"wp:attachment":[{"href":"https:\/\/isabellelassegue.com\/index.php\/wp-json\/wp\/v2\/media?parent=24"}],"curies":[{"name":"wp","href":"https:\/\/api.w.org\/{rel}","templated":true}]}}