{"id":28,"date":"2020-11-03T22:29:10","date_gmt":"2020-11-03T21:29:10","guid":{"rendered":"http:\/\/isabellelassegue.com\/?page_id=28"},"modified":"2025-07-28T10:32:18","modified_gmt":"2025-07-28T09:32:18","slug":"genogramme-transmission-familiales-constellation-repetition-genealogie-part-des-ancetres","status":"publish","type":"page","link":"https:\/\/isabellelassegue.com\/index.php\/genogramme-transmission-familiales-constellation-repetition-genealogie-part-des-ancetres\/","title":{"rendered":"Psycho g\u00e9n\u00e9alogie &#8211; G\u00e9nogramme"},"content":{"rendered":"<p style=\"text-align: center;\"><a href=\"https:\/\/isabellelassegue.com\/wp-content\/uploads\/2015\/11\/ronde-darbres.jpg\"><img loading=\"lazy\" class=\"alignnone wp-image-208\" src=\"https:\/\/isabellelassegue.com\/wp-content\/uploads\/2015\/11\/ronde-darbres-300x300.jpg\" alt=\"ronde d'arbres\" width=\"244\" height=\"244\" srcset=\"https:\/\/isabellelassegue.com\/wp-content\/uploads\/2015\/11\/ronde-darbres-300x300.jpg 300w, https:\/\/isabellelassegue.com\/wp-content\/uploads\/2015\/11\/ronde-darbres-150x150.jpg 150w, https:\/\/isabellelassegue.com\/wp-content\/uploads\/2015\/11\/ronde-darbres.jpg 500w\" sizes=\"(max-width: 244px) 100vw, 244px\" \/><\/a><\/p>\n<p style=\"text-align: left;\">Quels sont les effets des transmissions inter et transg\u00e9n\u00e9rationnelles sur notre vie ?<\/p>\n<p style=\"text-align: left;\">Chaque famille a son histoire et, souvent, cette histoire se r\u00e9p\u00e8te.<\/p>\n<p style=\"text-align: left;\">Les difficult\u00e9s de la vie et les comportements se perp\u00e9tuent d\u2019une g\u00e9n\u00e9ration \u00e0 l\u2019autre et charge parfois notre situation actuelle d\u2019un poids \u00e9motionnel et relationnel trop lourd.<\/p>\n<p style=\"text-align: left;\">Prendre conscience de ces transmissions, les cerner et les comprendre permet de mettre fin aux solutions \u00ab\u00a0bancales\u00a0\u00bb.<\/p>\n<p style=\"text-align: left;\">Le g\u00e9nogramme ou g\u00e9no-sociogramme est une repr\u00e9sentation graphique de la structure familiale.<\/p>\n<p style=\"text-align: left;\">Il donne une image succincte et rapide r\u00e9partie sur trois ou quatre g\u00e9n\u00e9rations. Cette distanciation met en lumi\u00e8re les filiations, les ruptures de liens.<\/p>\n<p style=\"text-align: left;\">Il permet de nous voir sous un angle global incluant pass\u00e9 et pr\u00e9sent.<\/p>\n<p style=\"text-align: left;\">C\u2019est un support de r\u00e9flexion sur notre vie et nos ressources disponibles pour ouvrir de nouvelles perspectives.<\/p>\n<p style=\"text-align: left;\">Le g\u00e9no-sociogramme prend en consid\u00e9ration les donn\u00e9es de base d\u2019un arbre g\u00e9n\u00e9alogique (nom, genre, dates de naissance et de d\u00e9c\u00e8s de chaque individu), des donn\u00e9es li\u00e9es aux \u00e9v\u00e9nements marquants de la vie de la famille (mariages, s\u00e9parations, d\u00e9racinements, niveaux d\u2019\u00e9tudes, professions, maladies, accidents, d\u00e9m\u00e9nagements, traumatismes, catastrophes, d\u00e9c\u00e8s pr\u00e9matur\u00e9s,..) et la nature des relations entre les membres de la famille (\u00e9motionnelles, sociales,\u2026).<\/p>\n<p style=\"text-align: left;\">Les g\u00e9no-sociogrammes peuvent varier consid\u00e9rablement parce qu&rsquo;il n&rsquo;y a pas de limites sur les types de donn\u00e9es que nous pouvons inclure.<\/p>\n<p style=\"text-align: left;\">En <u><a href=\"https:\/\/isabellelassegue.com\/index.php\/therapie-individuelle\/\">th\u00e9rapie individuelle<\/a> <\/u>et <a href=\"https:\/\/isabellelassegue.com\/index.php\/therapie-relationnelle\/\">de <u>couple<\/u><\/a>, il se construit au cours des <a href=\"https:\/\/isabellelassegue.com\/index.php\/therapie-individuelle\/\">entretiens<\/a> ou en <a href=\"https:\/\/isabellelassegue.com\/index.php\/157-2\/\"><u>ateliers<\/u>.<\/a><a href=\"https:\/\/isabellelassegue.com\/wp-content\/uploads\/2015\/11\/geno.jpg\"><img loading=\"lazy\" class=\"alignnone size-medium wp-image-103\" src=\"https:\/\/isabellelassegue.com\/wp-content\/uploads\/2015\/11\/geno-300x190.jpg\" alt=\"geno\" width=\"300\" height=\"190\" srcset=\"https:\/\/isabellelassegue.com\/wp-content\/uploads\/2015\/11\/geno-300x190.jpg 300w, https:\/\/isabellelassegue.com\/wp-content\/uploads\/2015\/11\/geno.jpg 460w\" sizes=\"(max-width: 300px) 100vw, 300px\" \/><\/a><\/p>\n\n\n<p class=\"has-text-align-center\"><strong>BIBLIOGRAPHIE<\/strong><\/p>\n\n\n\n<h4><mark style=\"background-color:rgba(0, 0, 0, 0)\" class=\"has-inline-color has-pale-pink-color\">Notions g\u00e9n\u00e9rales psycho g\u00e9n\u00e9alogie :<\/mark><\/h4>\n\n\n\n<ul><li>A\u00efe mes a\u00efeux&nbsp;! <strong>Anne Ancelin Sch\u00fctzenberger <\/strong>Ed. Descl\u00e9e de Brouwer 1993<\/li><li>L\u2019exp\u00e9rience de l\u2019Arbre <strong>Maureen BOIGEN <\/strong>Ed. Chiron 2009<\/li><li>Comment paye-t-on la faute de ces anc\u00eatres <strong>Nina Canault <\/strong>Ed. Descl\u00e9e de Brouwer 1993<\/li><li>M\u00e9tapsychog\u00e9n\u00e9alogie <strong>Alejandro Jodorowsky <\/strong>Ed. M\u00e9taili\u00e9<\/li><li>Le syndrome du gisant <strong>Salomon Selam <\/strong>Ed. Berangel 2004<\/li><li>J\u2019ai mal \u00e0 mes anc\u00eatres <strong>Patrice Van Eersel &amp; Catherine Maillard, <\/strong>Ed. Albin Michel, septembre 2003<\/li><li><\/li><li>La psychog\u00e9n\u00e9alogie appliqu\u00e9e Comment une saga peut en cacher une autre <strong>Paola del Castillo<\/strong> Ed. Quintessence octobre 2002<\/li><li>Petites histoires de g\u00e9n\u00e9alogistes <strong>Jean-Marie, Matthieu et C\u00e9cile Andriveau<\/strong> Ed. Cherche Midi<\/li><li>La part des anc\u00eatres <strong>Alberto Eiguer<\/strong> Ed. Dunod F\u00e9vrier 2012<\/li><\/ul>\n\n\n\n<p><mark style=\"background-color:rgba(0, 0, 0, 0)\" class=\"has-inline-color has-pale-pink-color\"><strong>Analyse transg\u00e9n\u00e9rationnelle<\/strong> :<\/mark><\/p>\n\n\n\n<ul><li>L\u2019\u00e9corce et le noyau  <strong>Abraham Nicolas &amp; Maria Totrok  <\/strong>Ed. Champs Flammarion 1996<\/li><li>Le psychisme \u00e0 l\u2019\u00e9preuve des g\u00e9n\u00e9rations <strong>S Tisseron, N Rand, M Torok <\/strong>Ed. Broch\u00e9, f\u00e9vier 2012<\/li><li>V\u00e9rit\u00e9s et mensonges de nos \u00e9motions <strong>Serge Tisseron<\/strong> <\/li><li>L\u2019ange et le fant\u00f4me <strong>Didier Dumas <\/strong>Editions de minuit 1985<\/li><li>Hantise et clinique de l\u2019autre <strong>Didier Dumas <\/strong>Paris Aubier septembre 1989<\/li><li>La part des anc\u00eatres <strong>Alberto Eiguer, Evelyn Granjon, Anne Loncan<\/strong><\/li><li>La Logique du Sympt\u00f4me D\u00e9codage des stress biologiques et g\u00e9n\u00e9alogiques<strong> Laurent Daillie<\/strong> Editions B\u00e9rangel 2007<\/li><li>Les passeuses d&rsquo;histoires Ce que nous transmettent nos grands-m\u00e8res <strong>Daniele Flaumenbaum<\/strong> Ed petit biblio Payot F\u00e9vrier 2022<\/li><li>Cette famille qui vit en nous &#8211; Nous sommes tous les enfants de notre enfance <strong>Chantal Rialland <\/strong>Ed Robert Laffond avril 1994<\/li><li>Les enfants aux cent familles&nbsp;: enfants plac\u00e9s, d\u00e9plac\u00e9s, migrants, adopt\u00e9s  <strong>Boris Cyrulnick et Patrick Conrath<\/strong> Editions du journal des psychologues 2010<\/li><li>Le Sens Cach\u00e9 des D\u00e9sordres Amoureux Oedipe et Electre d\u00e9masqu\u00e9s par les dates <strong>Salomon Sellam<\/strong> Ed. Berangel Janvier 2005<\/li><\/ul>\n\n\n\n<p><strong><mark style=\"background-color:rgba(0, 0, 0, 0)\" class=\"has-inline-color has-pale-pink-color\">Secrets de famille&nbsp;:<\/mark><\/strong><\/p>\n\n\n\n<ul><li>Secrets de famille, mode d&#8217;emploi Quand et comment faut-il en parler ? <strong>Serge Tisseron <\/strong>Poche 2013<\/li><li>Le secret de famille <strong>Fran\u00e7ois Vigouroux <\/strong>Pluriel&nbsp;\/ Hachette mai 2005<\/li><li>Gu\u00e9rir de sa famille &#8211; se lib\u00e9rer des souffrances du pass\u00e9 <strong>Juliette Allais<\/strong> Ed. Eyrolles septembre 2019<\/li><li>Se lib\u00e9rer des secrets de famille &#8211; se r\u00e9concilier avec ses fant\u00f4me<strong> Juliette Allais<\/strong> Ed. Eyrolles octobre 2020<\/li><li>Un secret peut en cacher un autre <strong>C\u00e9line Colle <\/strong>Ed. Jouvance octobre 2022<\/li><li>Les fant\u00f4mes familiaux Psychanalyse Transg\u00e9n\u00e9rationnelle <strong>Bruno Clavier<\/strong> Ed. Petite Biblio Payot octobre 2014<\/li><\/ul>\n\n\n\n<p><strong><mark style=\"background-color:rgba(0, 0, 0, 0)\" class=\"has-inline-color has-pale-pink-color\">Les pr\u00e9noms&nbsp;:<\/mark><\/strong><\/p>\n\n\n\n<ul><li>Dictionnaire g\u00e9n\u00e9alogique des pr\u00e9noms <strong>G\u00e9rard Athias <\/strong>Ed. Pictorus, Avril 2007<\/li><li>La symbolique des Pr\u00e9noms <strong>Paola del Castillo <\/strong>Ed. Quintessence<\/li><li>Les pr\u00e9noms et leur symbolique <strong>Anne Tranvouez<\/strong><\/li><li>Un nouveau pr\u00e9nom pour se gu\u00e9rir <strong>Mary Genty<\/strong><\/li><\/ul>\n\n\n\n<p><strong><mark style=\"background-color:rgba(0, 0, 0, 0)\" class=\"has-inline-color has-pale-pink-color\">Approche Sociologique<\/mark><\/strong> :<\/p>\n\n\n\n<ul><li>L\u2019histoire en h\u00e9ritage <strong>Vincent de Gaulejac <\/strong>Ed. Descl\u00e9e de Brouwer 1999<\/li><li>La n\u00e9vrose de classe <strong>Vincent de Gaulejac <\/strong>Ed. hommes et groupes 1987<\/li><li>La honte, psychanalyse d\u2019un lien social <strong>Serge Tisseron <\/strong>Dunod 1992<\/li><li>Le lien familial questions et promesses Penser l\u2019\u00e9thique de la famille aujourd\u2019hui<strong> Jacques Ar\u00e8nes et Dominique Foyer <\/strong>Ed. DDB 2013<\/li><li>L&rsquo;inestimable Objet de la transmission  Etude et principe g\u00e9n\u00e9alogique en Occident <strong>Pierre Legendre<\/strong><\/li><\/ul>\n\n\n\n<p><strong><mark style=\"background-color:rgba(0, 0, 0, 0)\" class=\"has-inline-color has-pale-pink-color\">Approche syst\u00e9mique<\/mark><\/strong> :<\/p>\n\n\n\n<ul><li>La maturit\u00e9 dans les relations humaines <strong>Bert Hellinger<\/strong> Ed. Souffle d&rsquo;or 2003<\/li><li>Constellations familiales&nbsp;: comprendre les m\u00e9canismes des pathologies familiales <strong>Bert Hellinger et Gabriele ten Hovel<\/strong> Ed. Souffle d&rsquo;or 2011<\/li><li>Constellations familiales  comprendre les m\u00e9canismes des pathologies familiales <strong>Bert Hellinger &amp; Gabriele ten H\u00f6vel<\/strong> Ed. Souffle d&rsquo;or janvier 2011<\/li><li>Ce qui rend l&rsquo;\u00e2me malade &amp; ce qui la gu\u00e9rit &#8211; Le travail psychoth\u00e9rapeutique de Bert Hellinger <strong>Thomas Sch\u00e4fer<\/strong> Ed. le courrier du livre septembre 2006<\/li><li>Constellations Syst\u00e9miques Pratiques et Perspectives Prendre sa place dans son syst\u00e8me familial ou professionnel <strong> Constanze Potschka-Lang et Dr Mathias Engel<\/strong><\/li><li>Allons de l\u2019avant&nbsp;: la vraie raison des crises conjugales et leurs solutions<strong> Bert Hellinger <\/strong>Ed. Guy Tr\u00e9daniel 2004<\/li><li>Pour que l&rsquo;amour r\u00e9ussisse &#8211; La dynamique de l&rsquo;amour dans le couple selon <strong>Bert Hellinger <\/strong>Ed. Guy Tr\u00e9daniel 2004<\/li><li>Se lib\u00e9rer des secrets de famille se r\u00e9concilier avec les fant\u00f4mes <strong>Juliette Allais<\/strong> Ed. Eyrolles 2020<\/li><li>Les rituels familiaux <strong>Robert Neuburger <\/strong>Ed. Petitelle&nbsp;Biblioth\u00e8que Payot,1996<\/li><li>L\u2019enfant de remplacement <strong>Maurice Porot <\/strong>Ed. Frison Roche 1996<\/li><li>Du c\u00f4t\u00e9 de chez soi <strong>Magda Heireman <\/strong>Ed. ESF<\/li><li>Chamanisme et constellations familiales <strong>Daan Van Kampenhout<\/strong> Ed. V\u00e9ga 2012<\/li><li>Les liens qui lib\u00e8rent La th\u00e9rapie familiale syst\u00e9mique selon Bert Hellinger <strong>Dr Gunthard Weber <\/strong>Ed.IFKA<\/li><\/ul>\n","protected":false},"excerpt":{"rendered":"<p>Quels sont les effets des transmissions inter et transg\u00e9n\u00e9rationnelles sur notre vie ? Chaque famille a son histoire et, souvent, cette histoire se r\u00e9p\u00e8te. Les difficult\u00e9s de la vie et les comportements se perp\u00e9tuent d\u2019une g\u00e9n\u00e9ration \u00e0 l\u2019autre et charge parfois notre situation actuelle d\u2019un poids \u00e9motionnel et relationnel trop lourd. Prendre conscience de ces &hellip; <a href=\"https:\/\/isabellelassegue.com\/index.php\/genogramme-transmission-familiales-constellation-repetition-genealogie-part-des-ancetres\/\" class=\"more-link\">Continuer la lecture de <span class=\"screen-reader-text\">Psycho g\u00e9n\u00e9alogie &#8211; G\u00e9nogramme<\/span> <span class=\"meta-nav\">&rarr;<\/span><\/a><\/p>\n","protected":false},"author":1,"featured_media":0,"parent":0,"menu_order":0,"comment_status":"closed","ping_status":"closed","template":"","meta":[],"yoast_head":"<!-- This site is optimized with the Yoast SEO plugin v19.10 - https:\/\/yoast.com\/wordpress\/plugins\/seo\/ -->\n<title>Psycho g\u00e9n\u00e9alogie - G\u00e9nogramme - Isabelle Lass\u00e8gue Astroth\u00e9rapeute<\/title>\n<meta name=\"robots\" content=\"index, follow, max-snippet:-1, max-image-preview:large, max-video-preview:-1\" \/>\n<link rel=\"canonical\" href=\"https:\/\/isabellelassegue.com\/index.php\/genogramme-transmission-familiales-constellation-repetition-genealogie-part-des-ancetres\/\" \/>\n<meta property=\"og:locale\" content=\"fr_FR\" \/>\n<meta property=\"og:type\" content=\"article\" \/>\n<meta property=\"og:title\" content=\"Psycho g\u00e9n\u00e9alogie - G\u00e9nogramme - Isabelle Lass\u00e8gue Astroth\u00e9rapeute\" \/>\n<meta property=\"og:description\" content=\"Quels sont les effets des transmissions inter et transg\u00e9n\u00e9rationnelles sur notre vie ? Chaque famille a son histoire et, souvent, cette histoire se r\u00e9p\u00e8te. Les difficult\u00e9s de la vie et les comportements se perp\u00e9tuent d\u2019une g\u00e9n\u00e9ration \u00e0 l\u2019autre et charge parfois notre situation actuelle d\u2019un poids \u00e9motionnel et relationnel trop lourd. Prendre conscience de ces &hellip; Continuer la lecture de Psycho g\u00e9n\u00e9alogie &#8211; G\u00e9nogramme &rarr;\" \/>\n<meta property=\"og:url\" content=\"https:\/\/isabellelassegue.com\/index.php\/genogramme-transmission-familiales-constellation-repetition-genealogie-part-des-ancetres\/\" \/>\n<meta property=\"og:site_name\" content=\"Isabelle Lass\u00e8gue Astroth\u00e9rapeute\" \/>\n<meta property=\"article:modified_time\" content=\"2025-07-28T09:32:18+00:00\" \/>\n<meta property=\"og:image\" content=\"http:\/\/isabellelassegue.com\/wp-content\/uploads\/2015\/11\/ronde-darbres-300x300.jpg\" \/>\n<meta name=\"twitter:card\" content=\"summary_large_image\" \/>\n<meta name=\"twitter:label1\" content=\"Dur\u00e9e de lecture estim\u00e9e\" \/>\n\t<meta name=\"twitter:data1\" content=\"5 minutes\" \/>\n<script type=\"application\/ld+json\" class=\"yoast-schema-graph\">{\"@context\":\"https:\/\/schema.org\",\"@graph\":[{\"@type\":\"WebPage\",\"@id\":\"https:\/\/isabellelassegue.com\/index.php\/genogramme-transmission-familiales-constellation-repetition-genealogie-part-des-ancetres\/\",\"url\":\"https:\/\/isabellelassegue.com\/index.php\/genogramme-transmission-familiales-constellation-repetition-genealogie-part-des-ancetres\/\",\"name\":\"Psycho g\u00e9n\u00e9alogie - G\u00e9nogramme - Isabelle Lass\u00e8gue Astroth\u00e9rapeute\",\"isPartOf\":{\"@id\":\"https:\/\/isabellelassegue.com\/#website\"},\"datePublished\":\"2020-11-03T21:29:10+00:00\",\"dateModified\":\"2025-07-28T09:32:18+00:00\",\"breadcrumb\":{\"@id\":\"https:\/\/isabellelassegue.com\/index.php\/genogramme-transmission-familiales-constellation-repetition-genealogie-part-des-ancetres\/#breadcrumb\"},\"inLanguage\":\"fr-FR\",\"potentialAction\":[{\"@type\":\"ReadAction\",\"target\":[\"https:\/\/isabellelassegue.com\/index.php\/genogramme-transmission-familiales-constellation-repetition-genealogie-part-des-ancetres\/\"]}]},{\"@type\":\"BreadcrumbList\",\"@id\":\"https:\/\/isabellelassegue.com\/index.php\/genogramme-transmission-familiales-constellation-repetition-genealogie-part-des-ancetres\/#breadcrumb\",\"itemListElement\":[{\"@type\":\"ListItem\",\"position\":1,\"name\":\"Accueil\",\"item\":\"https:\/\/isabellelassegue.com\/\"},{\"@type\":\"ListItem\",\"position\":2,\"name\":\"Psycho g\u00e9n\u00e9alogie &#8211; G\u00e9nogramme\"}]},{\"@type\":\"WebSite\",\"@id\":\"https:\/\/isabellelassegue.com\/#website\",\"url\":\"https:\/\/isabellelassegue.com\/\",\"name\":\"Isabelle Lass\u00e8gue Astroth\u00e9rapeute\",\"description\":\"Mettre du sens, Savourer son unique\",\"potentialAction\":[{\"@type\":\"SearchAction\",\"target\":{\"@type\":\"EntryPoint\",\"urlTemplate\":\"https:\/\/isabellelassegue.com\/?s={search_term_string}\"},\"query-input\":\"required name=search_term_string\"}],\"inLanguage\":\"fr-FR\"}]}<\/script>\n<!-- \/ Yoast SEO plugin. -->","yoast_head_json":{"title":"Psycho g\u00e9n\u00e9alogie - G\u00e9nogramme - Isabelle Lass\u00e8gue Astroth\u00e9rapeute","robots":{"index":"index","follow":"follow","max-snippet":"max-snippet:-1","max-image-preview":"max-image-preview:large","max-video-preview":"max-video-preview:-1"},"canonical":"https:\/\/isabellelassegue.com\/index.php\/genogramme-transmission-familiales-constellation-repetition-genealogie-part-des-ancetres\/","og_locale":"fr_FR","og_type":"article","og_title":"Psycho g\u00e9n\u00e9alogie - G\u00e9nogramme - Isabelle Lass\u00e8gue Astroth\u00e9rapeute","og_description":"Quels sont les effets des transmissions inter et transg\u00e9n\u00e9rationnelles sur notre vie ? Chaque famille a son histoire et, souvent, cette histoire se r\u00e9p\u00e8te. Les difficult\u00e9s de la vie et les comportements se perp\u00e9tuent d\u2019une g\u00e9n\u00e9ration \u00e0 l\u2019autre et charge parfois notre situation actuelle d\u2019un poids \u00e9motionnel et relationnel trop lourd. Prendre conscience de ces &hellip; Continuer la lecture de Psycho g\u00e9n\u00e9alogie &#8211; G\u00e9nogramme &rarr;","og_url":"https:\/\/isabellelassegue.com\/index.php\/genogramme-transmission-familiales-constellation-repetition-genealogie-part-des-ancetres\/","og_site_name":"Isabelle Lass\u00e8gue Astroth\u00e9rapeute","article_modified_time":"2025-07-28T09:32:18+00:00","og_image":[{"url":"http:\/\/isabellelassegue.com\/wp-content\/uploads\/2015\/11\/ronde-darbres-300x300.jpg"}],"twitter_card":"summary_large_image","twitter_misc":{"Dur\u00e9e de lecture estim\u00e9e":"5 minutes"},"schema":{"@context":"https:\/\/schema.org","@graph":[{"@type":"WebPage","@id":"https:\/\/isabellelassegue.com\/index.php\/genogramme-transmission-familiales-constellation-repetition-genealogie-part-des-ancetres\/","url":"https:\/\/isabellelassegue.com\/index.php\/genogramme-transmission-familiales-constellation-repetition-genealogie-part-des-ancetres\/","name":"Psycho g\u00e9n\u00e9alogie - G\u00e9nogramme - Isabelle Lass\u00e8gue Astroth\u00e9rapeute","isPartOf":{"@id":"https:\/\/isabellelassegue.com\/#website"},"datePublished":"2020-11-03T21:29:10+00:00","dateModified":"2025-07-28T09:32:18+00:00","breadcrumb":{"@id":"https:\/\/isabellelassegue.com\/index.php\/genogramme-transmission-familiales-constellation-repetition-genealogie-part-des-ancetres\/#breadcrumb"},"inLanguage":"fr-FR","potentialAction":[{"@type":"ReadAction","target":["https:\/\/isabellelassegue.com\/index.php\/genogramme-transmission-familiales-constellation-repetition-genealogie-part-des-ancetres\/"]}]},{"@type":"BreadcrumbList","@id":"https:\/\/isabellelassegue.com\/index.php\/genogramme-transmission-familiales-constellation-repetition-genealogie-part-des-ancetres\/#breadcrumb","itemListElement":[{"@type":"ListItem","position":1,"name":"Accueil","item":"https:\/\/isabellelassegue.com\/"},{"@type":"ListItem","position":2,"name":"Psycho g\u00e9n\u00e9alogie &#8211; G\u00e9nogramme"}]},{"@type":"WebSite","@id":"https:\/\/isabellelassegue.com\/#website","url":"https:\/\/isabellelassegue.com\/","name":"Isabelle Lass\u00e8gue Astroth\u00e9rapeute","description":"Mettre du sens, Savourer son unique","potentialAction":[{"@type":"SearchAction","target":{"@type":"EntryPoint","urlTemplate":"https:\/\/isabellelassegue.com\/?s={search_term_string}"},"query-input":"required name=search_term_string"}],"inLanguage":"fr-FR"}]}},"_links":{"self":[{"href":"https:\/\/isabellelassegue.com\/index.php\/wp-json\/wp\/v2\/pages\/28"}],"collection":[{"href":"https:\/\/isabellelassegue.com\/index.php\/wp-json\/wp\/v2\/pages"}],"about":[{"href":"https:\/\/isabellelassegue.com\/index.php\/wp-json\/wp\/v2\/types\/page"}],"author":[{"embeddable":true,"href":"https:\/\/isabellelassegue.com\/index.php\/wp-json\/wp\/v2\/users\/1"}],"replies":[{"embeddable":true,"href":"https:\/\/isabellelassegue.com\/index.php\/wp-json\/wp\/v2\/comments?post=28"}],"version-history":[{"count":18,"href":"https:\/\/isabellelassegue.com\/index.php\/wp-json\/wp\/v2\/pages\/28\/revisions"}],"predecessor-version":[{"id":1112,"href":"https:\/\/isabellelassegue.com\/index.php\/wp-json\/wp\/v2\/pages\/28\/revisions\/1112"}],"wp:attachment":[{"href":"https:\/\/isabellelassegue.com\/index.php\/wp-json\/wp\/v2\/media?parent=28"}],"curies":[{"name":"wp","href":"https:\/\/api.w.org\/{rel}","templated":true}]}}