{"id":36,"date":"2015-11-03T22:49:55","date_gmt":"2015-11-03T21:49:55","guid":{"rendered":"http:\/\/isabellelassegue.com\/?page_id=36"},"modified":"2024-02-08T10:08:37","modified_gmt":"2024-02-08T09:08:37","slug":"therapie-individuelle","status":"publish","type":"page","link":"https:\/\/isabellelassegue.com\/index.php\/therapie-individuelle\/","title":{"rendered":"Th\u00e9rapie Individuelle"},"content":{"rendered":"<p><a href=\"https:\/\/isabellelassegue.com\/wp-content\/uploads\/2015\/11\/arbre-dans-leau.jpg\"><img loading=\"lazy\" class=\"wp-image-240 aligncenter\" src=\"https:\/\/isabellelassegue.com\/wp-content\/uploads\/2015\/11\/arbre-dans-leau-300x300.jpg\" alt=\"arbre dans l'eau\" width=\"244\" height=\"244\" srcset=\"https:\/\/isabellelassegue.com\/wp-content\/uploads\/2015\/11\/arbre-dans-leau-300x300.jpg 300w, https:\/\/isabellelassegue.com\/wp-content\/uploads\/2015\/11\/arbre-dans-leau-150x150.jpg 150w, https:\/\/isabellelassegue.com\/wp-content\/uploads\/2015\/11\/arbre-dans-leau.jpg 700w\" sizes=\"(max-width: 244px) 100vw, 244px\" \/><\/a>Certaines \u00e9tapes ou certains \u00e9v\u00e9nements ; divorce, s\u00e9paration, deuil, perte d\u2019emploi affectent parfois douloureusement notre qualit\u00e9 de vie.<\/p>\n<p>Ces \u00e9preuves et ces crises offrent l\u2019opportunit\u00e9 de s\u2019ouvrir \u00e0 d\u2019autres compr\u00e9hensions, d\u2019\u00e9largir sa conscience, de s\u2019ouvrir \u00e0 soi et aux autres.<\/p>\n<p><b>Comment comprendre ce qui se passe et faire face sereinement ?<\/b><\/p>\n<p>L\u2019envie de prendre vraiment les choses en mains est l\u2019indispensable premi\u00e8re \u00e9tape.<\/p>\n<p>Lors d\u2019un <a href=\"https:\/\/isabellelassegue.com\/index.php\/therapie-individuelle\/\" target=\"_blank\" rel=\"noopener\">entretien en face \u00e0 face<\/a>, comme un lien privil\u00e9gi\u00e9 d\u2019\u00e9coute, d\u2019attention et compr\u00e9hension, je vous propose<br \/>\nun accompagnement individuel sur plusieurs s\u00e9ances, ou un coaching ponctuel.<\/p>\n<p><strong>Les objectifs<\/strong> :<\/p>\n<ul>\n<li>Vous \u00e9clairer sur les blocages qui vous limitent dans la vie intime, amicale, familiale, sociale et professionnelle<\/li>\n<li>Vous apprendre \u00e0 mieux vous conna\u00eetre pour vous guider, trouver l\u2019autonomie , l\u2019estime de vous-m\u00eames<\/li>\n<li>Vous guider pour oser exprimer vos talents<\/li>\n<\/ul>\n<p>Pour cela, j\u2019engage mes <i>comp\u00e9tences <\/i>les plus pertinentes en fonction de votre situation et de votre parcours de vie.<\/p>\n<p><a href=\"https:\/\/isabellelassegue.com\/?p=2\" target=\"_blank\" rel=\"noopener\">L<u>\u2019<\/u><u>astro<\/u><u> th\u00e9rapie<\/u><\/a> est un accompagnement th\u00e9rapeutique qui utilise l\u2019astrologie pour une meilleure connaissance de soi.<br \/>\nPour sortir des reproductions familiales, des loyaut\u00e9s conscientes ou inconscientes, j\u2019utilise <a href=\"https:\/\/isabellelassegue.com\/index.php\/genogramme\/\" target=\"_blank\" rel=\"noopener\"><u>l\u2019analyse du <\/u><u>g\u00e9nogramme<\/u><\/a><u> et pour lib\u00e9rer les noeuds ainsi identifi\u00e9s je pratique<\/u><u><a href=\"https:\/\/isabellelassegue.com\/index.php\/constellation-systemique\/\"> la constellation familiale en individuel ou en groupe. <\/a>Les dates en groupe sont disponibles sur le site et la participation est conditionn\u00e9e par une inscription\u00a0 <a href=\"https:\/\/isabellelassegue.com\/index.php\/157-2\/\">(voir les dates de journ\u00e9es)<\/a>.<\/u><\/p>\n<p>Avec <a href=\"https:\/\/isabellelassegue.com\/index.php\/hypnose-ericksonienne\/\" target=\"_blank\" rel=\"noopener\">l\u2019hypnose ericksonnienne<\/a>, je vous aide \u00e0 vous r\u00e9approprier les petits bouts d\u2019\u00e2me laiss\u00e9s sur le chemin chaotique de la vie.<\/p>\n<p><i>Pour ces entretiens, je privil\u00e9gie les s\u00e9ance<a href=\"https:\/\/isabellelassegue.com\/index.php\/contact\/\">s en cabinet<\/a>, et pour des raisons de distance g\u00e9ographique, je travaille \u00e9galement <a href=\"https:\/\/isabellelassegue.com\/index.php\/contact\/\">par <\/a><\/i><a href=\"https:\/\/isabellelassegue.com\/index.php\/contact\/\"><i>skype<\/i><i> ou t\u00e9l\u00e9phone.<\/i><\/a><\/p>\n<p>Dur\u00e9e : 1H30\u00a0 Prix : 70 \u20ac<\/p>\n","protected":false},"excerpt":{"rendered":"<p>Certaines \u00e9tapes ou certains \u00e9v\u00e9nements ; divorce, s\u00e9paration, deuil, perte d\u2019emploi affectent parfois douloureusement notre qualit\u00e9 de vie. Ces \u00e9preuves et ces crises offrent l\u2019opportunit\u00e9 de s\u2019ouvrir \u00e0 d\u2019autres compr\u00e9hensions, d\u2019\u00e9largir sa conscience, de s\u2019ouvrir \u00e0 soi et aux autres. Comment comprendre ce qui se passe et faire face sereinement ? L\u2019envie de prendre vraiment &hellip; <a href=\"https:\/\/isabellelassegue.com\/index.php\/therapie-individuelle\/\" class=\"more-link\">Continuer la lecture de <span class=\"screen-reader-text\">Th\u00e9rapie Individuelle<\/span> <span class=\"meta-nav\">&rarr;<\/span><\/a><\/p>\n","protected":false},"author":1,"featured_media":0,"parent":0,"menu_order":0,"comment_status":"closed","ping_status":"closed","template":"","meta":[],"yoast_head":"<!-- This site is optimized with the Yoast SEO plugin v19.10 - https:\/\/yoast.com\/wordpress\/plugins\/seo\/ -->\n<title>Th\u00e9rapie Individuelle - Isabelle Lass\u00e8gue Astroth\u00e9rapeute<\/title>\n<meta name=\"robots\" content=\"index, follow, max-snippet:-1, max-image-preview:large, max-video-preview:-1\" \/>\n<link rel=\"canonical\" href=\"https:\/\/isabellelassegue.com\/index.php\/therapie-individuelle\/\" \/>\n<meta property=\"og:locale\" content=\"fr_FR\" \/>\n<meta property=\"og:type\" content=\"article\" \/>\n<meta property=\"og:title\" content=\"Th\u00e9rapie Individuelle - Isabelle Lass\u00e8gue Astroth\u00e9rapeute\" \/>\n<meta property=\"og:description\" content=\"Certaines \u00e9tapes ou certains \u00e9v\u00e9nements ; divorce, s\u00e9paration, deuil, perte d\u2019emploi affectent parfois douloureusement notre qualit\u00e9 de vie. Ces \u00e9preuves et ces crises offrent l\u2019opportunit\u00e9 de s\u2019ouvrir \u00e0 d\u2019autres compr\u00e9hensions, d\u2019\u00e9largir sa conscience, de s\u2019ouvrir \u00e0 soi et aux autres. Comment comprendre ce qui se passe et faire face sereinement ? L\u2019envie de prendre vraiment &hellip; Continuer la lecture de Th\u00e9rapie Individuelle &rarr;\" \/>\n<meta property=\"og:url\" content=\"https:\/\/isabellelassegue.com\/index.php\/therapie-individuelle\/\" \/>\n<meta property=\"og:site_name\" content=\"Isabelle Lass\u00e8gue Astroth\u00e9rapeute\" \/>\n<meta property=\"article:modified_time\" content=\"2024-02-08T09:08:37+00:00\" \/>\n<meta property=\"og:image\" content=\"http:\/\/isabellelassegue.com\/wp-content\/uploads\/2015\/11\/arbre-dans-leau-300x300.jpg\" \/>\n<meta name=\"twitter:card\" content=\"summary_large_image\" \/>\n<meta name=\"twitter:label1\" content=\"Dur\u00e9e de lecture estim\u00e9e\" \/>\n\t<meta name=\"twitter:data1\" content=\"2 minutes\" \/>\n<script type=\"application\/ld+json\" class=\"yoast-schema-graph\">{\"@context\":\"https:\/\/schema.org\",\"@graph\":[{\"@type\":\"WebPage\",\"@id\":\"https:\/\/isabellelassegue.com\/index.php\/therapie-individuelle\/\",\"url\":\"https:\/\/isabellelassegue.com\/index.php\/therapie-individuelle\/\",\"name\":\"Th\u00e9rapie Individuelle - Isabelle Lass\u00e8gue Astroth\u00e9rapeute\",\"isPartOf\":{\"@id\":\"https:\/\/isabellelassegue.com\/#website\"},\"datePublished\":\"2015-11-03T21:49:55+00:00\",\"dateModified\":\"2024-02-08T09:08:37+00:00\",\"breadcrumb\":{\"@id\":\"https:\/\/isabellelassegue.com\/index.php\/therapie-individuelle\/#breadcrumb\"},\"inLanguage\":\"fr-FR\",\"potentialAction\":[{\"@type\":\"ReadAction\",\"target\":[\"https:\/\/isabellelassegue.com\/index.php\/therapie-individuelle\/\"]}]},{\"@type\":\"BreadcrumbList\",\"@id\":\"https:\/\/isabellelassegue.com\/index.php\/therapie-individuelle\/#breadcrumb\",\"itemListElement\":[{\"@type\":\"ListItem\",\"position\":1,\"name\":\"Accueil\",\"item\":\"https:\/\/isabellelassegue.com\/\"},{\"@type\":\"ListItem\",\"position\":2,\"name\":\"Th\u00e9rapie Individuelle\"}]},{\"@type\":\"WebSite\",\"@id\":\"https:\/\/isabellelassegue.com\/#website\",\"url\":\"https:\/\/isabellelassegue.com\/\",\"name\":\"Isabelle Lass\u00e8gue Astroth\u00e9rapeute\",\"description\":\"Mettre du sens, Savourer son unique\",\"potentialAction\":[{\"@type\":\"SearchAction\",\"target\":{\"@type\":\"EntryPoint\",\"urlTemplate\":\"https:\/\/isabellelassegue.com\/?s={search_term_string}\"},\"query-input\":\"required name=search_term_string\"}],\"inLanguage\":\"fr-FR\"}]}<\/script>\n<!-- \/ Yoast SEO plugin. -->","yoast_head_json":{"title":"Th\u00e9rapie Individuelle - Isabelle Lass\u00e8gue Astroth\u00e9rapeute","robots":{"index":"index","follow":"follow","max-snippet":"max-snippet:-1","max-image-preview":"max-image-preview:large","max-video-preview":"max-video-preview:-1"},"canonical":"https:\/\/isabellelassegue.com\/index.php\/therapie-individuelle\/","og_locale":"fr_FR","og_type":"article","og_title":"Th\u00e9rapie Individuelle - Isabelle Lass\u00e8gue Astroth\u00e9rapeute","og_description":"Certaines \u00e9tapes ou certains \u00e9v\u00e9nements ; divorce, s\u00e9paration, deuil, perte d\u2019emploi affectent parfois douloureusement notre qualit\u00e9 de vie. Ces \u00e9preuves et ces crises offrent l\u2019opportunit\u00e9 de s\u2019ouvrir \u00e0 d\u2019autres compr\u00e9hensions, d\u2019\u00e9largir sa conscience, de s\u2019ouvrir \u00e0 soi et aux autres. Comment comprendre ce qui se passe et faire face sereinement ? L\u2019envie de prendre vraiment &hellip; Continuer la lecture de Th\u00e9rapie Individuelle &rarr;","og_url":"https:\/\/isabellelassegue.com\/index.php\/therapie-individuelle\/","og_site_name":"Isabelle Lass\u00e8gue Astroth\u00e9rapeute","article_modified_time":"2024-02-08T09:08:37+00:00","og_image":[{"url":"http:\/\/isabellelassegue.com\/wp-content\/uploads\/2015\/11\/arbre-dans-leau-300x300.jpg"}],"twitter_card":"summary_large_image","twitter_misc":{"Dur\u00e9e de lecture estim\u00e9e":"2 minutes"},"schema":{"@context":"https:\/\/schema.org","@graph":[{"@type":"WebPage","@id":"https:\/\/isabellelassegue.com\/index.php\/therapie-individuelle\/","url":"https:\/\/isabellelassegue.com\/index.php\/therapie-individuelle\/","name":"Th\u00e9rapie Individuelle - Isabelle Lass\u00e8gue Astroth\u00e9rapeute","isPartOf":{"@id":"https:\/\/isabellelassegue.com\/#website"},"datePublished":"2015-11-03T21:49:55+00:00","dateModified":"2024-02-08T09:08:37+00:00","breadcrumb":{"@id":"https:\/\/isabellelassegue.com\/index.php\/therapie-individuelle\/#breadcrumb"},"inLanguage":"fr-FR","potentialAction":[{"@type":"ReadAction","target":["https:\/\/isabellelassegue.com\/index.php\/therapie-individuelle\/"]}]},{"@type":"BreadcrumbList","@id":"https:\/\/isabellelassegue.com\/index.php\/therapie-individuelle\/#breadcrumb","itemListElement":[{"@type":"ListItem","position":1,"name":"Accueil","item":"https:\/\/isabellelassegue.com\/"},{"@type":"ListItem","position":2,"name":"Th\u00e9rapie Individuelle"}]},{"@type":"WebSite","@id":"https:\/\/isabellelassegue.com\/#website","url":"https:\/\/isabellelassegue.com\/","name":"Isabelle Lass\u00e8gue Astroth\u00e9rapeute","description":"Mettre du sens, Savourer son unique","potentialAction":[{"@type":"SearchAction","target":{"@type":"EntryPoint","urlTemplate":"https:\/\/isabellelassegue.com\/?s={search_term_string}"},"query-input":"required name=search_term_string"}],"inLanguage":"fr-FR"}]}},"_links":{"self":[{"href":"https:\/\/isabellelassegue.com\/index.php\/wp-json\/wp\/v2\/pages\/36"}],"collection":[{"href":"https:\/\/isabellelassegue.com\/index.php\/wp-json\/wp\/v2\/pages"}],"about":[{"href":"https:\/\/isabellelassegue.com\/index.php\/wp-json\/wp\/v2\/types\/page"}],"author":[{"embeddable":true,"href":"https:\/\/isabellelassegue.com\/index.php\/wp-json\/wp\/v2\/users\/1"}],"replies":[{"embeddable":true,"href":"https:\/\/isabellelassegue.com\/index.php\/wp-json\/wp\/v2\/comments?post=36"}],"version-history":[{"count":8,"href":"https:\/\/isabellelassegue.com\/index.php\/wp-json\/wp\/v2\/pages\/36\/revisions"}],"predecessor-version":[{"id":988,"href":"https:\/\/isabellelassegue.com\/index.php\/wp-json\/wp\/v2\/pages\/36\/revisions\/988"}],"wp:attachment":[{"href":"https:\/\/isabellelassegue.com\/index.php\/wp-json\/wp\/v2\/media?parent=36"}],"curies":[{"name":"wp","href":"https:\/\/api.w.org\/{rel}","templated":true}]}}