{"id":40,"date":"2015-11-03T22:52:38","date_gmt":"2015-11-03T21:52:38","guid":{"rendered":"http:\/\/isabellelassegue.com\/?page_id=40"},"modified":"2024-02-08T09:59:16","modified_gmt":"2024-02-08T08:59:16","slug":"therapie-relationnelle","status":"publish","type":"page","link":"https:\/\/isabellelassegue.com\/index.php\/therapie-relationnelle\/","title":{"rendered":"Th\u00e9rapie de couple et relationnelle"},"content":{"rendered":"<p><a href=\"https:\/\/isabellelassegue.com\/wp-content\/uploads\/2015\/11\/mains.jpg\"><img loading=\"lazy\" class=\"wp-image-215 aligncenter\" src=\"https:\/\/isabellelassegue.com\/wp-content\/uploads\/2015\/11\/mains-296x300.jpg\" alt=\"mains\" width=\"244\" height=\"247\" srcset=\"https:\/\/isabellelassegue.com\/wp-content\/uploads\/2015\/11\/mains-296x300.jpg 296w, https:\/\/isabellelassegue.com\/wp-content\/uploads\/2015\/11\/mains.jpg 430w\" sizes=\"(max-width: 244px) 100vw, 244px\" \/><\/a>A la maison, sur le lieu de travail, en amiti\u00e9, nos relations passent par des hauts et des bas.<br \/>\nLes reproches, les silences empoisonnent l\u2019existence et conduisent \u00e0 un syst\u00e8me sans fin de ressentiments et d\u2019accusations qui font souffrir.<\/p>\n<p>Comment sortir d\u2019un blocage relationnel ?<\/p>\n<p>Introduire un tiers de confiance dans la relation est la bonne solution : th\u00e9rapeute de couple, de la relation ou m\u00e9diateur.<br \/>\nLa personne choisit facilite la relation et r\u00e9tablit la communication.<\/p>\n<p>En rendez-vous au cabinet ou en intervention en entreprise, pour les relations au travail, la gestion des \u00e9quipes, je vous propose de trouver ensemble le chemin vers l\u2019acceptation\u00a0de l\u2019autre et de ses diff\u00e9rences.<\/p>\n<p>Les objectifs :<\/p>\n<ul>\n<li>G\u00e9rer les conflits,<\/li>\n<li>D\u00e9fendre son point de vue sans agressivit\u00e9, identifier les besoins et les distingu\u00e9s des moyens<\/li>\n<li>Vivre et collaborer dans le respect de chacun<\/li>\n<\/ul>\n<p>Pour identifier les comportements et les processus \u00e9motionnels qui perturbent la relation j\u2019utilise aussi d\u2019autres outils :<\/p>\n<p>la <u><a href=\"https:\/\/isabellelassegue.com\/index.php\/constellation-systemique\/\">constellation syst\u00e9mique<\/a> ,<\/u> le <u><a href=\"https:\/\/isabellelassegue.com\/index.php\/genogramme\/\">g\u00e9nogramme,<\/a><\/u>\u00a0 la <a href=\"https:\/\/isabellelassegue.com\/index.php\/astro-therapie\/\">synastrie<\/a>.<\/p>\n<p>Dur\u00e9e : 1H30 Co\u00fbt : 70\u20ac pour les deux personnes<\/p>\n<p><em>\u00ab\u00a0Pour un couple, peut-\u00eatre que l\u2019important n\u2019est pas de rendre l\u2019autre heureux, c\u2019est de se rendre heureux et offrir son bonheur \u00e0 l\u2019autre.\u00a0<\/em>\u00bb \u00a0 \u00a0 \u00a0 \u00a0 \u00a0 \u00a0 \u00a0 \u00a0 \u00a0 \u00a0 \u00a0 \u00a0 \u00a0\u00a0 Jacques Salom\u00e9<\/p>\n<p>Intervention en entreprise : me consulter<\/p>\n","protected":false},"excerpt":{"rendered":"<p>A la maison, sur le lieu de travail, en amiti\u00e9, nos relations passent par des hauts et des bas. Les reproches, les silences empoisonnent l\u2019existence et conduisent \u00e0 un syst\u00e8me sans fin de ressentiments et d\u2019accusations qui font souffrir. Comment sortir d\u2019un blocage relationnel ? Introduire un tiers de confiance dans la relation est la &hellip; <a href=\"https:\/\/isabellelassegue.com\/index.php\/therapie-relationnelle\/\" class=\"more-link\">Continuer la lecture de <span class=\"screen-reader-text\">Th\u00e9rapie de couple et relationnelle<\/span> <span class=\"meta-nav\">&rarr;<\/span><\/a><\/p>\n","protected":false},"author":1,"featured_media":0,"parent":0,"menu_order":0,"comment_status":"closed","ping_status":"closed","template":"","meta":[],"yoast_head":"<!-- This site is optimized with the Yoast SEO plugin v19.10 - https:\/\/yoast.com\/wordpress\/plugins\/seo\/ -->\n<title>Th\u00e9rapie de couple et relationnelle - Isabelle Lass\u00e8gue Astroth\u00e9rapeute<\/title>\n<meta name=\"robots\" content=\"index, follow, max-snippet:-1, max-image-preview:large, max-video-preview:-1\" \/>\n<link rel=\"canonical\" href=\"https:\/\/isabellelassegue.com\/index.php\/therapie-relationnelle\/\" \/>\n<meta property=\"og:locale\" content=\"fr_FR\" \/>\n<meta property=\"og:type\" content=\"article\" \/>\n<meta property=\"og:title\" content=\"Th\u00e9rapie de couple et relationnelle - Isabelle Lass\u00e8gue Astroth\u00e9rapeute\" \/>\n<meta property=\"og:description\" content=\"A la maison, sur le lieu de travail, en amiti\u00e9, nos relations passent par des hauts et des bas. Les reproches, les silences empoisonnent l\u2019existence et conduisent \u00e0 un syst\u00e8me sans fin de ressentiments et d\u2019accusations qui font souffrir. Comment sortir d\u2019un blocage relationnel ? Introduire un tiers de confiance dans la relation est la &hellip; Continuer la lecture de Th\u00e9rapie de couple et relationnelle &rarr;\" \/>\n<meta property=\"og:url\" content=\"https:\/\/isabellelassegue.com\/index.php\/therapie-relationnelle\/\" \/>\n<meta property=\"og:site_name\" content=\"Isabelle Lass\u00e8gue Astroth\u00e9rapeute\" \/>\n<meta property=\"article:modified_time\" content=\"2024-02-08T08:59:16+00:00\" \/>\n<meta property=\"og:image\" content=\"http:\/\/isabellelassegue.com\/wp-content\/uploads\/2015\/11\/mains-296x300.jpg\" \/>\n<meta name=\"twitter:card\" content=\"summary_large_image\" \/>\n<meta name=\"twitter:label1\" content=\"Dur\u00e9e de lecture estim\u00e9e\" \/>\n\t<meta name=\"twitter:data1\" content=\"2 minutes\" \/>\n<script type=\"application\/ld+json\" class=\"yoast-schema-graph\">{\"@context\":\"https:\/\/schema.org\",\"@graph\":[{\"@type\":\"WebPage\",\"@id\":\"https:\/\/isabellelassegue.com\/index.php\/therapie-relationnelle\/\",\"url\":\"https:\/\/isabellelassegue.com\/index.php\/therapie-relationnelle\/\",\"name\":\"Th\u00e9rapie de couple et relationnelle - Isabelle Lass\u00e8gue Astroth\u00e9rapeute\",\"isPartOf\":{\"@id\":\"https:\/\/isabellelassegue.com\/#website\"},\"datePublished\":\"2015-11-03T21:52:38+00:00\",\"dateModified\":\"2024-02-08T08:59:16+00:00\",\"breadcrumb\":{\"@id\":\"https:\/\/isabellelassegue.com\/index.php\/therapie-relationnelle\/#breadcrumb\"},\"inLanguage\":\"fr-FR\",\"potentialAction\":[{\"@type\":\"ReadAction\",\"target\":[\"https:\/\/isabellelassegue.com\/index.php\/therapie-relationnelle\/\"]}]},{\"@type\":\"BreadcrumbList\",\"@id\":\"https:\/\/isabellelassegue.com\/index.php\/therapie-relationnelle\/#breadcrumb\",\"itemListElement\":[{\"@type\":\"ListItem\",\"position\":1,\"name\":\"Accueil\",\"item\":\"https:\/\/isabellelassegue.com\/\"},{\"@type\":\"ListItem\",\"position\":2,\"name\":\"Th\u00e9rapie de couple et relationnelle\"}]},{\"@type\":\"WebSite\",\"@id\":\"https:\/\/isabellelassegue.com\/#website\",\"url\":\"https:\/\/isabellelassegue.com\/\",\"name\":\"Isabelle Lass\u00e8gue Astroth\u00e9rapeute\",\"description\":\"Mettre du sens, Savourer son unique\",\"potentialAction\":[{\"@type\":\"SearchAction\",\"target\":{\"@type\":\"EntryPoint\",\"urlTemplate\":\"https:\/\/isabellelassegue.com\/?s={search_term_string}\"},\"query-input\":\"required name=search_term_string\"}],\"inLanguage\":\"fr-FR\"}]}<\/script>\n<!-- \/ Yoast SEO plugin. -->","yoast_head_json":{"title":"Th\u00e9rapie de couple et relationnelle - Isabelle Lass\u00e8gue Astroth\u00e9rapeute","robots":{"index":"index","follow":"follow","max-snippet":"max-snippet:-1","max-image-preview":"max-image-preview:large","max-video-preview":"max-video-preview:-1"},"canonical":"https:\/\/isabellelassegue.com\/index.php\/therapie-relationnelle\/","og_locale":"fr_FR","og_type":"article","og_title":"Th\u00e9rapie de couple et relationnelle - Isabelle Lass\u00e8gue Astroth\u00e9rapeute","og_description":"A la maison, sur le lieu de travail, en amiti\u00e9, nos relations passent par des hauts et des bas. Les reproches, les silences empoisonnent l\u2019existence et conduisent \u00e0 un syst\u00e8me sans fin de ressentiments et d\u2019accusations qui font souffrir. Comment sortir d\u2019un blocage relationnel ? Introduire un tiers de confiance dans la relation est la &hellip; Continuer la lecture de Th\u00e9rapie de couple et relationnelle &rarr;","og_url":"https:\/\/isabellelassegue.com\/index.php\/therapie-relationnelle\/","og_site_name":"Isabelle Lass\u00e8gue Astroth\u00e9rapeute","article_modified_time":"2024-02-08T08:59:16+00:00","og_image":[{"url":"http:\/\/isabellelassegue.com\/wp-content\/uploads\/2015\/11\/mains-296x300.jpg"}],"twitter_card":"summary_large_image","twitter_misc":{"Dur\u00e9e de lecture estim\u00e9e":"2 minutes"},"schema":{"@context":"https:\/\/schema.org","@graph":[{"@type":"WebPage","@id":"https:\/\/isabellelassegue.com\/index.php\/therapie-relationnelle\/","url":"https:\/\/isabellelassegue.com\/index.php\/therapie-relationnelle\/","name":"Th\u00e9rapie de couple et relationnelle - Isabelle Lass\u00e8gue Astroth\u00e9rapeute","isPartOf":{"@id":"https:\/\/isabellelassegue.com\/#website"},"datePublished":"2015-11-03T21:52:38+00:00","dateModified":"2024-02-08T08:59:16+00:00","breadcrumb":{"@id":"https:\/\/isabellelassegue.com\/index.php\/therapie-relationnelle\/#breadcrumb"},"inLanguage":"fr-FR","potentialAction":[{"@type":"ReadAction","target":["https:\/\/isabellelassegue.com\/index.php\/therapie-relationnelle\/"]}]},{"@type":"BreadcrumbList","@id":"https:\/\/isabellelassegue.com\/index.php\/therapie-relationnelle\/#breadcrumb","itemListElement":[{"@type":"ListItem","position":1,"name":"Accueil","item":"https:\/\/isabellelassegue.com\/"},{"@type":"ListItem","position":2,"name":"Th\u00e9rapie de couple et relationnelle"}]},{"@type":"WebSite","@id":"https:\/\/isabellelassegue.com\/#website","url":"https:\/\/isabellelassegue.com\/","name":"Isabelle Lass\u00e8gue Astroth\u00e9rapeute","description":"Mettre du sens, Savourer son unique","potentialAction":[{"@type":"SearchAction","target":{"@type":"EntryPoint","urlTemplate":"https:\/\/isabellelassegue.com\/?s={search_term_string}"},"query-input":"required name=search_term_string"}],"inLanguage":"fr-FR"}]}},"_links":{"self":[{"href":"https:\/\/isabellelassegue.com\/index.php\/wp-json\/wp\/v2\/pages\/40"}],"collection":[{"href":"https:\/\/isabellelassegue.com\/index.php\/wp-json\/wp\/v2\/pages"}],"about":[{"href":"https:\/\/isabellelassegue.com\/index.php\/wp-json\/wp\/v2\/types\/page"}],"author":[{"embeddable":true,"href":"https:\/\/isabellelassegue.com\/index.php\/wp-json\/wp\/v2\/users\/1"}],"replies":[{"embeddable":true,"href":"https:\/\/isabellelassegue.com\/index.php\/wp-json\/wp\/v2\/comments?post=40"}],"version-history":[{"count":14,"href":"https:\/\/isabellelassegue.com\/index.php\/wp-json\/wp\/v2\/pages\/40\/revisions"}],"predecessor-version":[{"id":904,"href":"https:\/\/isabellelassegue.com\/index.php\/wp-json\/wp\/v2\/pages\/40\/revisions\/904"}],"wp:attachment":[{"href":"https:\/\/isabellelassegue.com\/index.php\/wp-json\/wp\/v2\/media?parent=40"}],"curies":[{"name":"wp","href":"https:\/\/api.w.org\/{rel}","templated":true}]}}