{"id":421,"date":"2018-01-08T18:44:42","date_gmt":"2018-01-08T17:44:42","guid":{"rendered":"http:\/\/isabellelassegue.com\/?page_id=421"},"modified":"2024-12-13T11:59:28","modified_gmt":"2024-12-13T10:59:28","slug":"liens-utiles","status":"publish","type":"page","link":"https:\/\/isabellelassegue.com\/index.php\/liens-utiles\/","title":{"rendered":"Liens utiles"},"content":{"rendered":"<p><a href=\"https:\/\/isabellelassegue.com\/wp-content\/uploads\/2018\/01\/ARSINOE-logo-XL-top.png\"><img loading=\"lazy\" class=\"alignnone size-full wp-image-585\" src=\"https:\/\/isabellelassegue.com\/wp-content\/uploads\/2018\/01\/ARSINOE-logo-XL-top.png\" alt=\"ARSINOE-logo-XL-top\" width=\"200\" height=\"130\" \/><\/a><\/p>\n<ul>\n<li><b><b>A.R.S.I.N.O.E\u00a0 : <\/b><\/b><b><b>Association cr\u00e9\u00e9e en 2001 \u00e0 Angers&#8230;et qui s&rsquo;est arr\u00eat\u00e9e \u00a0<\/b><\/b>\n<ul>\n<li><b><b>Centre de ressources\u00a0<\/b><\/b>\u00e0 l\u2019usage des professionnels qui accompagnent les enfants, les adultes que l\u2019inceste, ou toute maltraitance sexuelle, a meurtris. Son action pendant plus de 17 ans a sensibilis\u00e9 les professionnels mais aussi toute personne concern\u00e9e par cette probl\u00e9matique \u00e0 un autre regard.<\/li>\n<li>A assum\u00e9\u00a0 un r\u00f4le de \u00ab\u00a0<strong>relais<\/strong>\u00a0\u00bb entre les professionnels amen\u00e9s \u00e0 intervenir quotidiennement (pr\u00e9vention, signalement, r\u00e9paration) aupr\u00e8s de ces personnes et les\u00a0<a href=\"http:\/\/www.arsinoe.org\/arsinoe-experts.php\">experts nationaux et internationaux<\/a>\u00a0de l\u2019inceste et de la maltraitance. Bibliographie, congr\u00e8s, formations, et liens,&#8230;.<\/li>\n<li>Derni\u00e8re conf\u00e9rence\u00a0 L\u00a0\u00bbinceste fraternel : du silence au chemin de gu\u00e9rison&#8230;.oct 2017 <a href=\"https:\/\/youtu.be\/4nRwK3kxdAM\" target=\"_blank\" rel=\"noopener\">a<\/a>vec Laurent Boyer<\/li>\n<li>\u00ab\u00a0Le Voyageur semeur d&rsquo;espoir\u00a0\u00bb <a href=\"http:\/\/www.arsinoe.org\/docs\/ARSINOE-Semeur-d-espoir.pdf\">Conte Arsinoe en pdf <\/a>gratuit Ecrit et Illustr\u00e9 par La\u00ebtitia Richardin &#8211; Pr\u00e9fac\u00e9 par Boris Cyrulnick<\/li>\n<\/ul>\n<\/li>\n<\/ul>\n<p><b><img src=\"http:\/\/www.stopauxviolencessexuelles.com\/wp-content\/uploads\/2013\/12\/head_logo1.gif\" alt=\"\" \/><\/b><\/p>\n<p><b>STOP AUX VIOLENCES SEXUELLES (SVS) : <\/b><\/p>\n<ul>\n<li><strong>Association<\/strong>\u00a0n\u00e9e \u00e0 Paris le 11 mars 2013\u00a0 et pr\u00e9sid\u00e9e par Violaine Gu\u00e9rin\u00a0docteur en m\u00e9decine, ancienne interne des h\u00f4pitaux et ancienne chef de clinique \u00e0 la facult\u00e9, est sp\u00e9cialis\u00e9e en endocrinologie et\u00a0<em>gyn\u00e9cologie<\/em>\u00a0m\u00e9dicale.<\/li>\n<li><strong>Son objectif <\/strong>est de lutter contre les agressions sexuelles mais aussi de les \u00e9radiquer. C\u2019est avant tout\u00a0prot\u00e9ger l\u2019enfance en imposant une tol\u00e9rance z\u00e9ro.\u00a0Nombreuse documentation sur l\u2019\u00e9tat des lieux aux diff\u00e9rents niveaux : m\u00e9dical, th\u00e9rapeutique, juridique et judiciaire&#8230;.<\/li>\n<li><a href=\"http:\/\/www.stopauxviolencessexuelles.com\/\" target=\"_blank\" rel=\"noopener\">acc\u00e8s au site SVS<\/a><\/li>\n<\/ul>\n<ul>\n<li><b>PAROLE D&rsquo;ENFANT<\/b>\n<ul>\n<li>Association n\u00e9e en Belgique en 1996, pour d\u00e9velopper diff\u00e9rents p\u00f4les d&rsquo;activit\u00e9s en faveur de l&rsquo;enfance en danger : recherches-actions, formations des professionnels de la relation d&rsquo;aide, sensibilisation du grand public et publications d&rsquo;ouvrages sp\u00e9cialis\u00e9s. Autant de moyens pour contribuer \u00e0 am\u00e9liorer les syst\u00e8mes d&rsquo;aide et de soin au b\u00e9n\u00e9fice des enfants en difficult\u00e9, et particuli\u00e8rement des enfants victimes d&rsquo;abus sexuels.<\/li>\n<li>Pr\u00e9sent en France et en Belgique gr\u00e2ce \u00e0 des programmes de formation sp\u00e9cifique, et deux congr\u00e8s par an<\/li>\n<li><a href=\"http:\/\/www.parole.be\/\" target=\"_blank\" rel=\"noopener\">\u00a0acc\u00e8s au site Parole d&rsquo;enfants<\/a><\/li>\n<\/ul>\n<\/li>\n<\/ul>\n<p><strong>HAUTE AUTORITE DE LA SANTE<\/strong><\/p>\n<p>Recommandations et guides en cas de maltraitances sexuelles<\/p>\n<p><a href=\"https:\/\/www.has-sante.fr\/portail\/jcms\/c_39085\/fr\/recherche?portlet=c_39085&amp;text=violences+sexuelles&amp;opSearch=&amp;lang=fr\" target=\"_blank\" rel=\"noopener\">acc\u00e8s au site<\/a><\/p>\n<p><strong>119 <\/strong>Num\u00e9ro national pour toute situation d&rsquo;<strong>enfant en danger<\/strong> : Appel gratuit et confidentiel et envoi d&rsquo;un formulaire possible<\/p>\n<p><strong>3919\u00a0 <\/strong>Ecoute et orientation des<strong> femmes victimes de violences : <\/strong>Ecoute professionnelle et confidentielle appel gratuit<\/p>\n<p><strong>3114<\/strong> Souffrance et pr\u00e9vention du<strong> suicide<\/strong> : Ecoute professionnelle et confidentielle appel gratuit<\/p>\n<h1 class=\"widget-title\">R\u00e9seau \u2013 Pr\u00e9vention<\/h1>\n<div class=\"textwidget\">\n<p>Les associations recens\u00e9es ci-apr\u00e8s luttent activement contre les violences sexuelles commises \u00e0 l\u2019encontre des enfants. Elles peuvent vous apporter du soutien. N\u2019h\u00e9sitez pas \u00e0 prendre contact avec elles:<\/p>\n<ul>\n<li><a href=\"https:\/\/cfcv.asso.fr\/\">Viols Femmes Informations<\/a>\u00a0 : 0.800.05.95.95<\/li>\n<li><a href=\"http:\/\/enfance-et-partage.org\/\">Enfance et Partage \u2013 Stop maltraitance<\/a> : 0.800.05.1234<\/li>\n<li><a href=\"https:\/\/enfance-et-partage.org\/la-prevention\/allo-parents-bebe\/?gclid=CjwKCAiA9MTQBRAREiwAzmytw7_S7RZ9FOF1mzQeim4qF60pqhvWH_3abKdNza09Hrs2kCqIhNipphoCgR0QAvD_BwE\">Allo Parents B\u00e9b\u00e9<\/a> : 0.800.00.3456<\/li>\n<li><a href=\"http:\/\/www.lavoixdelenfant.org\/\">La Voix de l\u2019Enfant<\/a> : 01.40.22.04.22<\/li>\n<li><a href=\"https:\/\/aivi.org\/\">Association Internationale des Victimes de l\u2019inceste AIVI\u00a0<\/a><\/li>\n<li><a href=\"http:\/\/enfance-majuscule.fr\/\">Enfance Majuscule<\/a> : 01.42.05.04.90<\/li>\n<li><a href=\"http:\/\/www.innocenceendanger.org\/\">Innocence en Danger<\/a> : 01.45.89.71.36<\/li>\n<li><a href=\"http:\/\/www.infofemmes.com\/v2\/accueil.html\">CNIDFF<\/a> :<br \/>\n01.42.17.12.0<\/li>\n<li><a href=\"https:\/\/www.memoiretraumatique.org\/\">Association M\u00e9moire traumatique et Victimologie<\/a><\/li>\n<li><a href=\"http:\/\/www.droitaucorps.com\/\">Droit au Corps<\/a> \u2013 pour l\u2019abandon du d\u00e9calottage forc\u00e9 des gar\u00e7ons et de la circoncision impos\u00e9e aux mineurs<\/li>\n<li><a href=\"http:\/\/phimosis-abc.eu\/voir.php?page=accueil\">Phimosis ABC<\/a> pour l\u2019abandon du d\u00e9calottage et la promotion des techniques naturelles pour r\u00e9sorber un phimosis \u2013 conseils aux adolescents<\/li>\n<li><a href=\"http:\/\/www.colosseauxpiedsdargile.org\/\">Le Colosse aux pieds d\u2019argile<\/a> \u2013 dispositif de pr\u00e9vention dans le sport<\/li>\n<li><a href=\"https:\/\/moiaussiamnesie.fr\/\">Moi Aussi Amn\u00e9sie<\/a> \u2013 regroupe des t\u00e9moignages de victimes d\u2019amn\u00e9sie traumatique<\/li>\n<li><a href=\"https:\/\/www.sosenfanceendanger.fr\/\">SOS Enfance en danger Lorient<\/a> &#8211; pr\u00e9vention, signalement et accompagnement<\/li>\n<li><a href=\"_wp_link_placeholder\" data-wplink-edit=\"true\">Lutte contre la violence faite aux enfants<\/a><\/li>\n<\/ul>\n<\/div>\n<p><strong>Femmes d&rsquo;ici<\/strong> : o\u00f9 en sommes-nous de l&rsquo;\u00e9galit\u00e9?<\/p>\n<p>Interview j&rsquo;aime Radio avant la table ronde du salon<\/p>\n<p><iframe loading=\"lazy\" title=\"GRAND LARGE - Mercredi 14 Mars 2018 - Le Salon Univers&#039;Elles: \u00c9galit\u00e9, Bien-\u00catre Et F\u00e9minit\u00e9 by jaime.radio\" width=\"474\" height=\"400\" scrolling=\"no\" frameborder=\"no\" src=\"https:\/\/w.soundcloud.com\/player\/?visual=true&#038;url=https%3A%2F%2Fapi.soundcloud.com%2Ftracks%2F414099915&#038;show_artwork=true&#038;maxheight=711&#038;maxwidth=474\"><\/iframe><\/p>\n<h1 class=\"widget-title\"><\/h1>\n","protected":false},"excerpt":{"rendered":"<p>A.R.S.I.N.O.E\u00a0 : Association cr\u00e9\u00e9e en 2001 \u00e0 Angers&#8230;et qui s&rsquo;est arr\u00eat\u00e9e \u00a0 Centre de ressources\u00a0\u00e0 l\u2019usage des professionnels qui accompagnent les enfants, les adultes que l\u2019inceste, ou toute maltraitance sexuelle, a meurtris. Son action pendant plus de 17 ans a sensibilis\u00e9 les professionnels mais aussi toute personne concern\u00e9e par cette probl\u00e9matique \u00e0 un autre regard. &hellip; <a href=\"https:\/\/isabellelassegue.com\/index.php\/liens-utiles\/\" class=\"more-link\">Continuer la lecture de <span class=\"screen-reader-text\">Liens utiles<\/span> <span class=\"meta-nav\">&rarr;<\/span><\/a><\/p>\n","protected":false},"author":1,"featured_media":0,"parent":0,"menu_order":0,"comment_status":"closed","ping_status":"closed","template":"","meta":[],"yoast_head":"<!-- This site is optimized with the Yoast SEO plugin v19.10 - https:\/\/yoast.com\/wordpress\/plugins\/seo\/ -->\n<title>Liens utiles - Isabelle Lass\u00e8gue Astroth\u00e9rapeute<\/title>\n<meta name=\"robots\" content=\"index, follow, max-snippet:-1, max-image-preview:large, max-video-preview:-1\" \/>\n<link rel=\"canonical\" href=\"https:\/\/isabellelassegue.com\/index.php\/liens-utiles\/\" \/>\n<meta property=\"og:locale\" content=\"fr_FR\" \/>\n<meta property=\"og:type\" content=\"article\" \/>\n<meta property=\"og:title\" content=\"Liens utiles - Isabelle Lass\u00e8gue Astroth\u00e9rapeute\" \/>\n<meta property=\"og:description\" content=\"A.R.S.I.N.O.E\u00a0 : Association cr\u00e9\u00e9e en 2001 \u00e0 Angers&#8230;et qui s&rsquo;est arr\u00eat\u00e9e \u00a0 Centre de ressources\u00a0\u00e0 l\u2019usage des professionnels qui accompagnent les enfants, les adultes que l\u2019inceste, ou toute maltraitance sexuelle, a meurtris. Son action pendant plus de 17 ans a sensibilis\u00e9 les professionnels mais aussi toute personne concern\u00e9e par cette probl\u00e9matique \u00e0 un autre regard. &hellip; Continuer la lecture de Liens utiles &rarr;\" \/>\n<meta property=\"og:url\" content=\"https:\/\/isabellelassegue.com\/index.php\/liens-utiles\/\" \/>\n<meta property=\"og:site_name\" content=\"Isabelle Lass\u00e8gue Astroth\u00e9rapeute\" \/>\n<meta property=\"article:modified_time\" content=\"2024-12-13T10:59:28+00:00\" \/>\n<meta property=\"og:image\" content=\"http:\/\/isabellelassegue.com\/wp-content\/uploads\/2018\/01\/ARSINOE-logo-XL-top.png\" \/>\n<meta name=\"twitter:card\" content=\"summary_large_image\" \/>\n<meta name=\"twitter:label1\" content=\"Dur\u00e9e de lecture estim\u00e9e\" \/>\n\t<meta name=\"twitter:data1\" content=\"4 minutes\" \/>\n<script type=\"application\/ld+json\" class=\"yoast-schema-graph\">{\"@context\":\"https:\/\/schema.org\",\"@graph\":[{\"@type\":\"WebPage\",\"@id\":\"https:\/\/isabellelassegue.com\/index.php\/liens-utiles\/\",\"url\":\"https:\/\/isabellelassegue.com\/index.php\/liens-utiles\/\",\"name\":\"Liens utiles - Isabelle Lass\u00e8gue Astroth\u00e9rapeute\",\"isPartOf\":{\"@id\":\"https:\/\/isabellelassegue.com\/#website\"},\"datePublished\":\"2018-01-08T17:44:42+00:00\",\"dateModified\":\"2024-12-13T10:59:28+00:00\",\"breadcrumb\":{\"@id\":\"https:\/\/isabellelassegue.com\/index.php\/liens-utiles\/#breadcrumb\"},\"inLanguage\":\"fr-FR\",\"potentialAction\":[{\"@type\":\"ReadAction\",\"target\":[\"https:\/\/isabellelassegue.com\/index.php\/liens-utiles\/\"]}]},{\"@type\":\"BreadcrumbList\",\"@id\":\"https:\/\/isabellelassegue.com\/index.php\/liens-utiles\/#breadcrumb\",\"itemListElement\":[{\"@type\":\"ListItem\",\"position\":1,\"name\":\"Accueil\",\"item\":\"https:\/\/isabellelassegue.com\/\"},{\"@type\":\"ListItem\",\"position\":2,\"name\":\"Liens utiles\"}]},{\"@type\":\"WebSite\",\"@id\":\"https:\/\/isabellelassegue.com\/#website\",\"url\":\"https:\/\/isabellelassegue.com\/\",\"name\":\"Isabelle Lass\u00e8gue Astroth\u00e9rapeute\",\"description\":\"Mettre du sens, Savourer son unique\",\"potentialAction\":[{\"@type\":\"SearchAction\",\"target\":{\"@type\":\"EntryPoint\",\"urlTemplate\":\"https:\/\/isabellelassegue.com\/?s={search_term_string}\"},\"query-input\":\"required name=search_term_string\"}],\"inLanguage\":\"fr-FR\"}]}<\/script>\n<!-- \/ Yoast SEO plugin. -->","yoast_head_json":{"title":"Liens utiles - Isabelle Lass\u00e8gue Astroth\u00e9rapeute","robots":{"index":"index","follow":"follow","max-snippet":"max-snippet:-1","max-image-preview":"max-image-preview:large","max-video-preview":"max-video-preview:-1"},"canonical":"https:\/\/isabellelassegue.com\/index.php\/liens-utiles\/","og_locale":"fr_FR","og_type":"article","og_title":"Liens utiles - Isabelle Lass\u00e8gue Astroth\u00e9rapeute","og_description":"A.R.S.I.N.O.E\u00a0 : Association cr\u00e9\u00e9e en 2001 \u00e0 Angers&#8230;et qui s&rsquo;est arr\u00eat\u00e9e \u00a0 Centre de ressources\u00a0\u00e0 l\u2019usage des professionnels qui accompagnent les enfants, les adultes que l\u2019inceste, ou toute maltraitance sexuelle, a meurtris. Son action pendant plus de 17 ans a sensibilis\u00e9 les professionnels mais aussi toute personne concern\u00e9e par cette probl\u00e9matique \u00e0 un autre regard. &hellip; Continuer la lecture de Liens utiles &rarr;","og_url":"https:\/\/isabellelassegue.com\/index.php\/liens-utiles\/","og_site_name":"Isabelle Lass\u00e8gue Astroth\u00e9rapeute","article_modified_time":"2024-12-13T10:59:28+00:00","og_image":[{"url":"http:\/\/isabellelassegue.com\/wp-content\/uploads\/2018\/01\/ARSINOE-logo-XL-top.png"}],"twitter_card":"summary_large_image","twitter_misc":{"Dur\u00e9e de lecture estim\u00e9e":"4 minutes"},"schema":{"@context":"https:\/\/schema.org","@graph":[{"@type":"WebPage","@id":"https:\/\/isabellelassegue.com\/index.php\/liens-utiles\/","url":"https:\/\/isabellelassegue.com\/index.php\/liens-utiles\/","name":"Liens utiles - Isabelle Lass\u00e8gue Astroth\u00e9rapeute","isPartOf":{"@id":"https:\/\/isabellelassegue.com\/#website"},"datePublished":"2018-01-08T17:44:42+00:00","dateModified":"2024-12-13T10:59:28+00:00","breadcrumb":{"@id":"https:\/\/isabellelassegue.com\/index.php\/liens-utiles\/#breadcrumb"},"inLanguage":"fr-FR","potentialAction":[{"@type":"ReadAction","target":["https:\/\/isabellelassegue.com\/index.php\/liens-utiles\/"]}]},{"@type":"BreadcrumbList","@id":"https:\/\/isabellelassegue.com\/index.php\/liens-utiles\/#breadcrumb","itemListElement":[{"@type":"ListItem","position":1,"name":"Accueil","item":"https:\/\/isabellelassegue.com\/"},{"@type":"ListItem","position":2,"name":"Liens utiles"}]},{"@type":"WebSite","@id":"https:\/\/isabellelassegue.com\/#website","url":"https:\/\/isabellelassegue.com\/","name":"Isabelle Lass\u00e8gue Astroth\u00e9rapeute","description":"Mettre du sens, Savourer son unique","potentialAction":[{"@type":"SearchAction","target":{"@type":"EntryPoint","urlTemplate":"https:\/\/isabellelassegue.com\/?s={search_term_string}"},"query-input":"required name=search_term_string"}],"inLanguage":"fr-FR"}]}},"_links":{"self":[{"href":"https:\/\/isabellelassegue.com\/index.php\/wp-json\/wp\/v2\/pages\/421"}],"collection":[{"href":"https:\/\/isabellelassegue.com\/index.php\/wp-json\/wp\/v2\/pages"}],"about":[{"href":"https:\/\/isabellelassegue.com\/index.php\/wp-json\/wp\/v2\/types\/page"}],"author":[{"embeddable":true,"href":"https:\/\/isabellelassegue.com\/index.php\/wp-json\/wp\/v2\/users\/1"}],"replies":[{"embeddable":true,"href":"https:\/\/isabellelassegue.com\/index.php\/wp-json\/wp\/v2\/comments?post=421"}],"version-history":[{"count":13,"href":"https:\/\/isabellelassegue.com\/index.php\/wp-json\/wp\/v2\/pages\/421\/revisions"}],"predecessor-version":[{"id":1072,"href":"https:\/\/isabellelassegue.com\/index.php\/wp-json\/wp\/v2\/pages\/421\/revisions\/1072"}],"wp:attachment":[{"href":"https:\/\/isabellelassegue.com\/index.php\/wp-json\/wp\/v2\/media?parent=421"}],"curies":[{"name":"wp","href":"https:\/\/api.w.org\/{rel}","templated":true}]}}