{"id":48,"date":"2015-11-03T22:58:05","date_gmt":"2015-11-03T21:58:05","guid":{"rendered":"http:\/\/isabellelassegue.com\/?page_id=48"},"modified":"2019-11-04T12:21:23","modified_gmt":"2019-11-04T11:21:23","slug":"temoignages","status":"publish","type":"page","link":"https:\/\/isabellelassegue.com\/index.php\/temoignages\/","title":{"rendered":"T\u00e9moignages"},"content":{"rendered":"<p style=\"text-align: center;\"><a href=\"https:\/\/isabellelassegue.com\/wp-content\/uploads\/2015\/11\/cadeau.jpg\"><img loading=\"lazy\" class=\"alignnone wp-image-230\" src=\"https:\/\/isabellelassegue.com\/wp-content\/uploads\/2015\/11\/cadeau.jpg\" alt=\"cadeau\" width=\"102\" height=\"102\" srcset=\"https:\/\/isabellelassegue.com\/wp-content\/uploads\/2015\/11\/cadeau.jpg 207w, https:\/\/isabellelassegue.com\/wp-content\/uploads\/2015\/11\/cadeau-150x150.jpg 150w\" sizes=\"(max-width: 102px) 100vw, 102px\" \/><\/a><\/p>\n<blockquote><p>&nbsp;<\/p><\/blockquote>\n<p style=\"text-align: left;\"><em>\u00abAvec Isabelle, l\u2019\u00e9coute est pr\u00e9cise, l\u2019intention soutenue.<\/em><br \/>\n<em> Son regard et ses mots sont post\u00e9s sur mon chemin. Vigilants.<\/em><\/p>\n<p style=\"text-align: left;\"><em>Il y a plus encore, son sourire et son enthousiasme.<\/em><br \/>\n<em> Du coup, ma route est plus droite sous des \u00e9toiles \u00e9tincelantes.<\/em><br \/>\n<em> Merci.\u00a0\u00bb Une verseau ! \u00a0 \u00a0 \u00a0 \u00a0 \u00a0 \u00a0 \u00a0 \u00a0 \u00a0 \u00a0 \u00a0 \u00a0 \u00a0 \u00a0 \u00a0 \u00a0 \u00a0 \u00a0 \u00a0 \u00a0 \u00a0 \u00a0 \u00a0 \u00a0 \u00a0 \u00a0 \u00a0 \u00a0 \u00a0<\/em>Fran\u00e7oise 54 ans<\/p>\n<p style=\"text-align: left;\"><em>\u00a0\u00bb J&rsquo;ai \u00e9t\u00e9 tr\u00e8s satisfait de ma <a href=\"https:\/\/isabellelassegue.com\/index.php\/astro-therapie\/\"><b>s\u00e9ance de <\/b><b>r\u00e9volution solaire <\/b><\/a>avec Isabelle. Cela m&rsquo;a aid\u00e9 \u00e0 avoir des directives pr\u00e9cises, comme recontacter mon p\u00e8re pour me conna\u00eetre et r\u00e9gler certains probl\u00e8mes. En effet, le courage de le recontacter m&rsquo;a permis d&rsquo;avancer. Je ne l&rsquo;aurai pas fait sans le travail d&rsquo;astrologie avec Isabelle.<\/em><br \/>\n<em> J&rsquo;ai pu entrevoir les enjeux de l&rsquo;ann\u00e9e. Notamment aller de l&rsquo;avant pour \u00eatre dans la mati\u00e8re, le concret.<\/em><br \/>\n<em> Pour certains d\u00e9tails de ma vie, je ne savais pas comment \u00ab\u00a0bouger\u00a0\u00bb dans la vie, mais la vie est venue me donner d&rsquo;une mani\u00e8re ou d&rsquo;une autre les opportunit\u00e9s de travailler ce qui devait \u00eatre fait.<\/em><br \/>\n<em> Plus l&rsquo;ann\u00e9e a pass\u00e9 et plus j&rsquo;ai remarqu\u00e9 que tout ce qui \u00e9tait pr\u00e9vu arrivait d&rsquo;une fa\u00e7on ou d&rsquo;une autre.<\/em><br \/>\n<em> J&rsquo;ai pu avoir l&rsquo;assurance que certains pans de ma vie devaient \u00eatre revus cette ann\u00e9e (comment je jouis de mes dons, qui reste dans mon cercle d&rsquo;amis, etc.).<\/em><br \/>\n<em> Un grand merci pour la pertinence des propos et le temps accord\u00e9 \u00e0 l&rsquo;\u00e9coute.\u00a0\u00bb \u00a0 \u00a0 \u00a0 \u00a0 \u00a0 \u00a0 \u00a0 \u00a0 \u00a0 \u00a0 \u00a0 \u00a0 \u00a0 \u00a0 \u00a0 \u00a0 \u00a0 \u00a0 \u00a0 \u00a0 \u00a0 \u00a0 \u00a0 \u00a0 \u00a0 \u00a0 \u00a0 \u00a0 \u00a0 \u00a0 \u00a0 \u00a0 \u00a0 \u00a0 \u00a0 \u00a0 \u00a0 \u00a0 \u00a0 \u00a0 \u00a0 \u00a0 \u00a0 \u00a0 \u00a0 \u00a0 \u00a0 \u00a0<\/em>Herv\u00e9\u00a0 35 ans<\/p>\n<p style=\"text-align: left;\"><em>\u00ab\u00a0J&rsquo;ai entam\u00e9 une<a href=\"https:\/\/isabellelassegue.com\/index.php\/therapie-individuelle\/\"> th\u00e9rapie<\/a> avec Isabelle \u00e0 l&rsquo;occasion d&rsquo;un retour en Bretagne, en terre natale. A ce moment, je ne savais pas quelle direction donner \u00e0 ma vie, me sentais bloqu\u00e9e et n&rsquo;arrivait pas \u00e0 avancer. Je ressentais le besoin d&rsquo;\u00eatre accompagn\u00e9e pour faire le point, changer de perspective et mieux me conna\u00eetre. Isabelle m&rsquo;a \u00e9t\u00e9 d&rsquo;une aide pr\u00e9cieuse! Elle est pr\u00e9sente et enti\u00e8re dans son accompagnement et y met beaucoup de c\u0153ur. Gr\u00e2ce \u00e0 son approche bas\u00e9e sur <a href=\"https:\/\/isabellelassegue.com\/index.php\/astro-therapie\/\">l&rsquo;astrologie<\/a> et <a href=\"https:\/\/isabellelassegue.com\/index.php\/astro-therapie\/\">le th\u00e8me natal<\/a>, outil tr\u00e8s pertinent et bluffant pour travailler sur soi, agr\u00e9ment\u00e9e d&rsquo;autres techniques, elle m&rsquo;a entre autre aid\u00e9e \u00e0 me reconnecter \u00e0 <a href=\"https:\/\/isabellelassegue.com\/index.php\/constellation-systemique\/\">ma boussole int\u00e9rieure<\/a> et \u00e0 faire un choix d\u00e9cisif quant \u00e0 une orientation professionnelle en accord avec mes aspirations et me permettant de me r\u00e9aliser.\u00a0 <\/em><em>Je remercie la vie de l&rsquo;avoir mise sur mon chemin au bon moment!\u00a0\u00bb \u00a0 \u00a0 \u00a0 \u00a0 \u00a0 \u00a0 \u00a0 \u00a0 \u00a0 \u00a0 \u00a0 \u00a0 \u00a0 \u00a0 \u00a0 \u00a0 \u00a0 \u00a0 \u00a0 \u00a0 \u00a0 \u00a0 \u00a0 \u00a0 \u00a0 \u00a0 \u00a0 \u00a0 \u00a0 \u00a0 \u00a0 \u00a0 \u00a0 \u00a0 \u00a0 \u00a0 \u00a0 \u00a0 \u00a0 \u00a0 \u00a0 \u00a0 \u00a0 \u00a0 \u00a0 \u00a0 \u00a0 \u00a0 \u00a0 \u00a0 \u00a0 \u00a0 \u00a0 \u00a0 \u00a0 \u00a0 \u00a0 \u00a0 \u00a0 \u00a0 \u00a0 \u00a0\u00a0<\/em>Ma\u00efwenn 24 ans<\/p>\n<p style=\"text-align: left;\"><em>\u00ab\u00a0La participation \u00e0 un atelier de <a href=\"https:\/\/isabellelassegue.com\/index.php\/constellation-systemique\/\">constellation familiale<\/a> m&rsquo;a permis de prendre conscience de la relation \u00e0 mon p\u00e8re et de ses incidences sur ma vie affective, et particuli\u00e8rement sur mes exp\u00e9riences amoureuses et vies de couple.\u00a0Je me suis d\u00e9tach\u00e9e, je me suis lib\u00e9r\u00e9e, et j&rsquo;ai lib\u00e9r\u00e9 mon p\u00e8re.\u00a0Dans les semaines suivantes, j&rsquo;ai int\u00e9gr\u00e9 ce d\u00e9tachement \u00e9motionnellement. Depuis, je me sens ouverte, disponible \u00e0 de nouvelles exp\u00e9riences, amoureuses, mais aussi plus largement affectives.\u00a0De plus, ce d\u00e9tachement a permis la prise de conscience d&rsquo;autres attachements dont je me suis aujourd&rsquo;hui \u00e9galement lib\u00e9r\u00e9e.\u00a0La constellation familiale a \u00e9t\u00e9 une belle rencontre.\u00a0\u00bb \u00a0 \u00a0 \u00a0 <\/em><em>\u00a0 \u00a0 \u00a0 \u00a0 \u00a0 \u00a0 \u00a0 \u00a0 \u00a0 \u00a0 \u00a0 \u00a0 \u00a0 \u00a0 \u00a0 \u00a0 \u00a0 \u00a0 \u00a0 \u00a0 \u00a0 \u00a0 \u00a0 \u00a0 \u00a0 \u00a0 \u00a0 \u00a0 \u00a0 \u00a0 \u00a0 \u00a0 \u00a0 \u00a0 \u00a0 \u00a0 \u00a0 \u00a0 \u00a0 \u00a0 \u00a0 \u00a0<\/em>Florence<\/p>\n<p>\u00ab\u00a0<em>Une rencontre \u00e9tonnante!\u00a0En effet, je ne m&rsquo;attendais pas \u00e0 autant de v\u00e9rit\u00e9. Isabelle a pu mettre des mots sur des choses que je me dit tout bas, dans ma t\u00eate, ce qui m&rsquo;a \u00e9clair\u00e9 \u00e0 un moment o\u00f9 j&rsquo;ai eu besoin d&rsquo;une lumi\u00e8re ext\u00e9rieure. Une belle rencontre pleine d&rsquo;humilit\u00e9 et de bienveillance.\u00a0Merci Isabelle pour la g\u00e9n\u00e9rosit\u00e9!\u00a0\u00bb \u00a0 \u00a0 \u00a0 \u00a0 \u00a0 \u00a0 \u00a0 \u00a0 \u00a0 \u00a0 \u00a0 \u00a0 \u00a0 \u00a0 \u00a0 \u00a0<\/em>Aur\u00e9lia<\/p>\n<p>&nbsp;<\/p>\n<p><span style=\"font-family: 'Calibri','sans-serif'; color: black;\">\u00ab\u00a0<em>Encore un grand merci pour ta pr\u00e9cieuse aide, car gr\u00e2ce \u00e0 ta pr\u00e9sence et celles de tes guides, depuis la constellation familiale, et bien aujourd&rsquo;hui m\u00eame, mon jeune fr\u00e8re avec lequel j&rsquo;\u00e9tais en froid depuis plusieurs ann\u00e9es, vient de m&rsquo;adresser ses voeux, je m\u2019aper\u00e7ois aussi que je ne suis plus transparente aupr\u00e8s de la gente masculine depuis le travail que nous avons fait en lien avec mon p\u00e8re&#8230;<\/em><\/span><em><span style=\"font-family: 'Calibri','sans-serif'; color: black;\">je continue mon chemin avec s\u00e9r\u00e9nit\u00e9 et joie\u00a0\u00bb \u00a0 \u00a0 \u00a0 \u00a0 \u00a0 \u00a0 \u00a0 \u00a0 \u00a0 \u00a0 \u00a0 \u00a0 \u00a0 \u00a0 \u00a0 \u00a0 \u00a0 \u00a0 \u00a0 \u00a0 \u00a0 \u00a0 \u00a0 \u00a0 \u00a0 \u00a0\u00a0 <\/span><\/em><span style=\"font-family: 'Calibri','sans-serif'; color: black;\">Francesca<\/span><\/p>\n<p>&nbsp;<\/p>\n<p><em>\u00ab\u00a0Merci pour ton \u00e9coute, pour ta fa\u00e7on de nous stimuler \u00e0 prendre conscience de notre parcours, pour la douceur avec laquelle tu nous permets de progresser et pour ton incroyable finesse qui nous guide pour retrouver nos repairs et gu\u00e9rir de nos blessures.\u00a0\u00bb \u00a0<\/em> \u00a0 \u00a0 \u00a0 \u00a0 \u00a0 \u00a0 \u00a0 \u00a0 \u00a0 \u00a0\u00a0 I. 71 ans<\/p>\n<p>&nbsp;<\/p>\n<p><em>\u00ab\u00a0Isabelle m&rsquo;a \u00e9norm\u00e9ment apport\u00e9: je pense qu&rsquo;elle est l&rsquo;une des personnes qui m&rsquo;a le plus aid\u00e9 et guid\u00e9 dans ma vie.<\/em><br \/>\n<em> Grace \u00e0 ses consultations, j&rsquo;ai probablement plus appris que je ne l&rsquo;aurais en peut-\u00eatre 20 ann\u00e9es chez un psy&#8230;<\/em><br \/>\n<em> N&rsquo;h\u00e9sitez pas, Isabelle vous guidera avec gentillesse et bienveillance\u00a0\u00bb. \u00a0 \u00a0 C.\u00a0 28 ans<\/em><\/p>\n<p><span style=\"font-family: 'Arial',sans-serif;\">Apr\u00e8s un atelier de constellation familiale<\/span><\/p>\n<p><i><span style=\"font-family: 'Arial',sans-serif;\">\u00ab\u00a0La paix s\u2019est install\u00e9e en moi, mon corps s\u2019est d\u00e9pos\u00e9 \u2026 dans le lit. Je me sentais soutenue, envelopp\u00e9e, contenue et \u00e0 la fois tr\u00e8s \u00e9tir\u00e9e au del\u00e0 de mon corps physique. J\u2019ai dormi en communication \u00e9troite avec mon corps.<\/span><\/i><i><span style=\"font-family: 'Arial',sans-serif;\">Le matin alors que j\u2019\u00e9tais en pleine pratique de yoga j\u2019ai senti, que de l\u2019espace c\u2019\u00e9tait ouvert en moi, mon corps ferme, puissant et \u00e0 la fois rempli, plein. Respirer et sentir le contact de l\u2019air qui m\u2019\u00e9levait vers le ciel aux inspirations et m\u2019ancrait dans la terre aux expirations a \u00e9t\u00e9 un v\u00e9ritable r\u00e9gal, un festin organique.<\/span><\/i><i><span style=\"font-family: 'Arial',sans-serif;\">Je suis en amour avec moi-m\u00eame. Je vis la magie de la vie.<\/span><\/i><i><span style=\"font-family: 'Arial',sans-serif;\">Je c\u00e9l\u00e8bre ce pas, je m\u2019honore et je te remercie Isabelle ainsi que les participants \u00e0 la constellation et moi-m\u00eame. Merci \u00e0 Christine d\u2019avoir os\u00e9 m\u2019accompagner dans cette aventure. <\/span><\/i><i><span style=\"font-family: 'Arial',sans-serif;\">JE VIS LA MAGIE DE LA VIE.\u00a0\u00bb \u00a0 \u00a0 <\/span><\/i><span style=\"font-size: 13.0pt; font-family: 'Arial',sans-serif;\">V.<\/span><\/p>\n","protected":false},"excerpt":{"rendered":"<p>&nbsp; \u00abAvec Isabelle, l\u2019\u00e9coute est pr\u00e9cise, l\u2019intention soutenue. Son regard et ses mots sont post\u00e9s sur mon chemin. Vigilants. Il y a plus encore, son sourire et son enthousiasme. Du coup, ma route est plus droite sous des \u00e9toiles \u00e9tincelantes. Merci.\u00a0\u00bb Une verseau ! \u00a0 \u00a0 \u00a0 \u00a0 \u00a0 \u00a0 \u00a0 \u00a0 \u00a0 \u00a0 \u00a0 &hellip; <a href=\"https:\/\/isabellelassegue.com\/index.php\/temoignages\/\" class=\"more-link\">Continuer la lecture de <span class=\"screen-reader-text\">T\u00e9moignages<\/span> <span class=\"meta-nav\">&rarr;<\/span><\/a><\/p>\n","protected":false},"author":1,"featured_media":0,"parent":0,"menu_order":0,"comment_status":"closed","ping_status":"closed","template":"","meta":[],"yoast_head":"<!-- This site is optimized with the Yoast SEO plugin v19.10 - https:\/\/yoast.com\/wordpress\/plugins\/seo\/ -->\n<title>T\u00e9moignages - Isabelle Lass\u00e8gue Astroth\u00e9rapeute<\/title>\n<meta name=\"robots\" content=\"index, follow, max-snippet:-1, max-image-preview:large, max-video-preview:-1\" \/>\n<link rel=\"canonical\" href=\"https:\/\/isabellelassegue.com\/index.php\/temoignages\/\" \/>\n<meta property=\"og:locale\" content=\"fr_FR\" \/>\n<meta property=\"og:type\" content=\"article\" \/>\n<meta property=\"og:title\" content=\"T\u00e9moignages - Isabelle Lass\u00e8gue Astroth\u00e9rapeute\" \/>\n<meta property=\"og:description\" content=\"&nbsp; \u00abAvec Isabelle, l\u2019\u00e9coute est pr\u00e9cise, l\u2019intention soutenue. Son regard et ses mots sont post\u00e9s sur mon chemin. Vigilants. Il y a plus encore, son sourire et son enthousiasme. Du coup, ma route est plus droite sous des \u00e9toiles \u00e9tincelantes. Merci.\u00a0\u00bb Une verseau ! \u00a0 \u00a0 \u00a0 \u00a0 \u00a0 \u00a0 \u00a0 \u00a0 \u00a0 \u00a0 \u00a0 &hellip; Continuer la lecture de T\u00e9moignages &rarr;\" \/>\n<meta property=\"og:url\" content=\"https:\/\/isabellelassegue.com\/index.php\/temoignages\/\" \/>\n<meta property=\"og:site_name\" content=\"Isabelle Lass\u00e8gue Astroth\u00e9rapeute\" \/>\n<meta property=\"article:modified_time\" content=\"2019-11-04T11:21:23+00:00\" \/>\n<meta property=\"og:image\" content=\"http:\/\/isabellelassegue.com\/wp-content\/uploads\/2015\/11\/cadeau.jpg\" \/>\n<meta name=\"twitter:card\" content=\"summary_large_image\" \/>\n<meta name=\"twitter:label1\" content=\"Dur\u00e9e de lecture estim\u00e9e\" \/>\n\t<meta name=\"twitter:data1\" content=\"5 minutes\" \/>\n<script type=\"application\/ld+json\" class=\"yoast-schema-graph\">{\"@context\":\"https:\/\/schema.org\",\"@graph\":[{\"@type\":\"WebPage\",\"@id\":\"https:\/\/isabellelassegue.com\/index.php\/temoignages\/\",\"url\":\"https:\/\/isabellelassegue.com\/index.php\/temoignages\/\",\"name\":\"T\u00e9moignages - Isabelle Lass\u00e8gue Astroth\u00e9rapeute\",\"isPartOf\":{\"@id\":\"https:\/\/isabellelassegue.com\/#website\"},\"datePublished\":\"2015-11-03T21:58:05+00:00\",\"dateModified\":\"2019-11-04T11:21:23+00:00\",\"breadcrumb\":{\"@id\":\"https:\/\/isabellelassegue.com\/index.php\/temoignages\/#breadcrumb\"},\"inLanguage\":\"fr-FR\",\"potentialAction\":[{\"@type\":\"ReadAction\",\"target\":[\"https:\/\/isabellelassegue.com\/index.php\/temoignages\/\"]}]},{\"@type\":\"BreadcrumbList\",\"@id\":\"https:\/\/isabellelassegue.com\/index.php\/temoignages\/#breadcrumb\",\"itemListElement\":[{\"@type\":\"ListItem\",\"position\":1,\"name\":\"Accueil\",\"item\":\"https:\/\/isabellelassegue.com\/\"},{\"@type\":\"ListItem\",\"position\":2,\"name\":\"T\u00e9moignages\"}]},{\"@type\":\"WebSite\",\"@id\":\"https:\/\/isabellelassegue.com\/#website\",\"url\":\"https:\/\/isabellelassegue.com\/\",\"name\":\"Isabelle Lass\u00e8gue Astroth\u00e9rapeute\",\"description\":\"Mettre du sens, Savourer son unique\",\"potentialAction\":[{\"@type\":\"SearchAction\",\"target\":{\"@type\":\"EntryPoint\",\"urlTemplate\":\"https:\/\/isabellelassegue.com\/?s={search_term_string}\"},\"query-input\":\"required name=search_term_string\"}],\"inLanguage\":\"fr-FR\"}]}<\/script>\n<!-- \/ Yoast SEO plugin. -->","yoast_head_json":{"title":"T\u00e9moignages - Isabelle Lass\u00e8gue Astroth\u00e9rapeute","robots":{"index":"index","follow":"follow","max-snippet":"max-snippet:-1","max-image-preview":"max-image-preview:large","max-video-preview":"max-video-preview:-1"},"canonical":"https:\/\/isabellelassegue.com\/index.php\/temoignages\/","og_locale":"fr_FR","og_type":"article","og_title":"T\u00e9moignages - Isabelle Lass\u00e8gue Astroth\u00e9rapeute","og_description":"&nbsp; \u00abAvec Isabelle, l\u2019\u00e9coute est pr\u00e9cise, l\u2019intention soutenue. Son regard et ses mots sont post\u00e9s sur mon chemin. Vigilants. Il y a plus encore, son sourire et son enthousiasme. Du coup, ma route est plus droite sous des \u00e9toiles \u00e9tincelantes. Merci.\u00a0\u00bb Une verseau ! \u00a0 \u00a0 \u00a0 \u00a0 \u00a0 \u00a0 \u00a0 \u00a0 \u00a0 \u00a0 \u00a0 &hellip; Continuer la lecture de T\u00e9moignages &rarr;","og_url":"https:\/\/isabellelassegue.com\/index.php\/temoignages\/","og_site_name":"Isabelle Lass\u00e8gue Astroth\u00e9rapeute","article_modified_time":"2019-11-04T11:21:23+00:00","og_image":[{"url":"http:\/\/isabellelassegue.com\/wp-content\/uploads\/2015\/11\/cadeau.jpg"}],"twitter_card":"summary_large_image","twitter_misc":{"Dur\u00e9e de lecture estim\u00e9e":"5 minutes"},"schema":{"@context":"https:\/\/schema.org","@graph":[{"@type":"WebPage","@id":"https:\/\/isabellelassegue.com\/index.php\/temoignages\/","url":"https:\/\/isabellelassegue.com\/index.php\/temoignages\/","name":"T\u00e9moignages - Isabelle Lass\u00e8gue Astroth\u00e9rapeute","isPartOf":{"@id":"https:\/\/isabellelassegue.com\/#website"},"datePublished":"2015-11-03T21:58:05+00:00","dateModified":"2019-11-04T11:21:23+00:00","breadcrumb":{"@id":"https:\/\/isabellelassegue.com\/index.php\/temoignages\/#breadcrumb"},"inLanguage":"fr-FR","potentialAction":[{"@type":"ReadAction","target":["https:\/\/isabellelassegue.com\/index.php\/temoignages\/"]}]},{"@type":"BreadcrumbList","@id":"https:\/\/isabellelassegue.com\/index.php\/temoignages\/#breadcrumb","itemListElement":[{"@type":"ListItem","position":1,"name":"Accueil","item":"https:\/\/isabellelassegue.com\/"},{"@type":"ListItem","position":2,"name":"T\u00e9moignages"}]},{"@type":"WebSite","@id":"https:\/\/isabellelassegue.com\/#website","url":"https:\/\/isabellelassegue.com\/","name":"Isabelle Lass\u00e8gue Astroth\u00e9rapeute","description":"Mettre du sens, Savourer son unique","potentialAction":[{"@type":"SearchAction","target":{"@type":"EntryPoint","urlTemplate":"https:\/\/isabellelassegue.com\/?s={search_term_string}"},"query-input":"required name=search_term_string"}],"inLanguage":"fr-FR"}]}},"_links":{"self":[{"href":"https:\/\/isabellelassegue.com\/index.php\/wp-json\/wp\/v2\/pages\/48"}],"collection":[{"href":"https:\/\/isabellelassegue.com\/index.php\/wp-json\/wp\/v2\/pages"}],"about":[{"href":"https:\/\/isabellelassegue.com\/index.php\/wp-json\/wp\/v2\/types\/page"}],"author":[{"embeddable":true,"href":"https:\/\/isabellelassegue.com\/index.php\/wp-json\/wp\/v2\/users\/1"}],"replies":[{"embeddable":true,"href":"https:\/\/isabellelassegue.com\/index.php\/wp-json\/wp\/v2\/comments?post=48"}],"version-history":[{"count":14,"href":"https:\/\/isabellelassegue.com\/index.php\/wp-json\/wp\/v2\/pages\/48\/revisions"}],"predecessor-version":[{"id":609,"href":"https:\/\/isabellelassegue.com\/index.php\/wp-json\/wp\/v2\/pages\/48\/revisions\/609"}],"wp:attachment":[{"href":"https:\/\/isabellelassegue.com\/index.php\/wp-json\/wp\/v2\/media?parent=48"}],"curies":[{"name":"wp","href":"https:\/\/api.w.org\/{rel}","templated":true}]}}