{"id":52,"date":"2015-11-03T22:59:43","date_gmt":"2015-11-03T21:59:43","guid":{"rendered":"http:\/\/isabellelassegue.com\/?page_id=52"},"modified":"2024-02-08T11:02:09","modified_gmt":"2024-02-08T10:02:09","slug":"qui-suis-je","status":"publish","type":"page","link":"https:\/\/isabellelassegue.com\/index.php\/qui-suis-je\/","title":{"rendered":"Qui suis-je ?"},"content":{"rendered":"<p><a href=\"https:\/\/isabellelassegue.com\/wp-content\/uploads\/2015\/11\/2015-IL-Auray-NB.jpg\"><img loading=\"lazy\" class=\"wp-image-69 aligncenter\" src=\"https:\/\/isabellelassegue.com\/wp-content\/uploads\/2015\/11\/2015-IL-Auray-NB-225x300.jpg\" alt=\"2015 IL Auray NB\" width=\"186\" height=\"248\" srcset=\"https:\/\/isabellelassegue.com\/wp-content\/uploads\/2015\/11\/2015-IL-Auray-NB-225x300.jpg 225w, https:\/\/isabellelassegue.com\/wp-content\/uploads\/2015\/11\/2015-IL-Auray-NB.jpg 480w\" sizes=\"(max-width: 186px) 100vw, 186px\" \/><\/a><\/p>\n<p>Pourquoi et comment j\u2019en suis arriv\u00e9e l\u00e0 ?<\/p>\n<p><b>\u00ab\u00a0Vous ne pouvez pas quitter l\u2019entreprise, je vous ai vendue avec\u00a0!\u00a0\u00bb<\/b><\/p>\n<p>C\u2019\u00e9tait en 2010, je travaillais depuis plus de 4 ans comme directrice administrative et financi\u00e8re dans cette entreprise qui venait d\u2019\u00eatre c\u00e9d\u00e9e.<\/p>\n<p>Depuis 25 ans j\u2019occupais des postes de direction administrative, financi\u00e8re, ressources humaines. Malgr\u00e9 des responsabilit\u00e9s importantes et un salaire confortable, je couvais l\u2019envie d\u2019arr\u00eater.<\/p>\n<p>Pourtant, j\u2019acceptais d\u2019\u00eatre \u00ab\u00a0vendue\u00a0\u00bb, pouss\u00e9e par le sentiment d\u2019avoir une valeur marchande \u00e9lev\u00e9e. Comme si cette valeur \u00e9tait Ma valeur.<\/p>\n<p>Jusqu\u2019au jour o\u00f9 les vraies questions ont jailli \u00a0: \u00ab\u00a0Quelle valeur je me donne\u00a0?\u00bb, \u00ab\u00a0O\u00f9 est ma dimension Humaine\u00a0?\u00bb, \u00ab\u00a0Comment en suis-je arriv\u00e9e l\u00e0\u00a0?\u00a0\u00bb<\/p>\n<p><b>\u00ab\u00a0Et l&rsquo;humain dans tout \u00e7a ?\u00a0\u00bb<\/b><\/p>\n<p>Ce fut un moment de grande solitude.<\/p>\n<p>En 2010, j\u2019ai rencontr\u00e9 la th\u00e9rapie. Depuis, form\u00e9e \u00e0 l&rsquo;accompagnement psycho-th\u00e9rapeutique, la psychologie, l\u2019astrologie, l\u2019hypnose, la constellation familiale, la psycho g\u00e9n\u00e9alogie, &#8230;j\u2019anime et co-anime des stages et des formations, avec d\u2019autres professionnels.<\/p>\n<p>Nous sommes nombreuses et nombreux \u00e0 vivre un sentiment d&rsquo;isolement, de d\u00e9couragement face \u00e0 une remise en cause de notre positionnement professionnel, familial, ou individuel, voire un m\u00e9lange de tout \u00e7a.<\/p>\n<p><b>Rester <\/b><b>sous les cailloux\u2026ou pas\u00a0!<\/b><\/p>\n<p>\u00catre entendu.e, reconnu.e, s&rsquo;ouvrir, s&rsquo;autoriser \u00e0, n\u00e9cessite souvent un accompagnement.<\/p>\n<p>Aujourd\u2019hui, mon m\u00e9tier est d&rsquo;apprendre \u00e0 chacun et chacune \u00e0 go\u00fbter le pr\u00e9cieux de sa vie et enfin savourer son unique.<\/p>\n<p><strong>Autres pr\u00e9sentations<\/strong> :<\/p>\n<p><a href=\"https:\/\/radiobalises.com\/music\/isabelle\/?fbclid=IwAR3Zlmpq7ayceVeYRxOVGT3dWHmNUg0mC3NYuFfl2br2mV8VP4SAuVksPCk\">Interveiw Radio du 11 novembre 2022 r\u00e9alis\u00e9 par Pauline Kertudo Radio Balises<\/a><\/p>\n<p><a href=\"https:\/\/isabellelassegue.com\/index.php\/qui-suis-je\/il-recycleuse\/\">Portrait Isabelle astroth\u00e9rapeute recycleuse<\/a><\/p>\n<p class=\"wp-social-link\" style=\"margin: 0cm;\"><span style=\"font-size: 13.0pt; font-family: 'Arial',sans-serif; color: #444444;\">Si j\u2019avais rencontr\u00e9 Isabelle lors d\u2019une soir\u00e9e entre amis, je l\u2019aurais sans doute imagin\u00e9e architecte d\u2019int\u00e9rieur. Une femme de go\u00fbt. A la fois rigoureuse, pr\u00e9cise et cr\u00e9ative. Une fonceuse sachant o\u00f9 elle va. Mais qui n\u2019oublie pas de faire des d\u00e9tours par des chemins de traverse. Une s\u00e9rieuse originale, en somme.<\/span><\/p>\n<p class=\"has-primary-color\" style=\"margin-bottom: 0cm; text-align: justify;\"><span style=\"font-size: 13.0pt; font-family: 'Arial',sans-serif; color: #ffc000;\">Isabelle rayonne. Inspire confiance. Voil\u00e0 ce qui se d\u00e9gage d\u2019elle au premier abord. On aurait envie de lui confier les cl\u00e9s de notre maison pour qu\u2019elle puisse y mettre sa touche. Nous guider dans son am\u00e9nagement. Nous aider \u00e0 imaginer un int\u00e9rieur douillet, confortable. A la fois cozy et s\u00e9cure. D\u2019ailleurs, est-ce un hasard\u00a0? Son pr\u00e9nom, d\u00e9riv\u00e9 d\u2019Elisabeth en h\u00e9breu (\u2018el, isha et beth\u2019), signifie \u00ab\u00a0Dieu prot\u00e8ge ma maison\u00a0\u00bb. Et c\u2019est un peu \u00e7a\u00a0! On a d\u2019embl\u00e9e ce sentiment qu\u2019Isabelle a un pouvoir protecteur. Le don de chasser les mauvais esprits, \u00e9loigner les fant\u00f4mes, ramener la paix et la s\u00e9r\u00e9nit\u00e9 dans un lieu quelque peu chahut\u00e9. Et ce n\u2019est pas seulement gr\u00e2ce \u00e0 la sauge qui pousse dans son jardin.<\/span><\/p>\n<p class=\"has-primary-color\" style=\"margin-bottom: 0cm; text-align: justify; background: white;\">&#8230;.pour d\u00e9couvrir la suite <a href=\"https:\/\/isabellelassegue.com\/index.php\/qui-suis-je\/il-recycleuse\/\">Portrait Isabelle astroth\u00e9rapeute recycleuse<\/a><\/p>\n<p>Pour y arriver, je vous invite \u00e0 d\u00e9couvrir ma d\u00e9marche en <a href=\"https:\/\/isabellelassegue.com\/index.php\/therapie-individuelle\/\">individuell<\/a>e, mon <a href=\"https:\/\/isabellelassegue.com\/index.php\/therapie-relationnelle\/\">accompagnement de la relation<\/a>, et les outils que j\u2019utilise :<\/p>\n<ul>\n<li><a href=\"https:\/\/isabellelassegue.com\/index.php\/astro-therapie\/\">L&rsquo;astrologie<\/a><\/li>\n<li><a href=\"https:\/\/isabellelassegue.com\/index.php\/constellation-systemique\/\">La constellation familiale et syst\u00e9mique pour les organisations<\/a><\/li>\n<li><a href=\"https:\/\/isabellelassegue.com\/index.php\/hypnose-ericksonienne\/\">L&rsquo;hypnose ericksonienne<\/a><\/li>\n<li><a href=\"https:\/\/isabellelassegue.com\/index.php\/genogramme\/\">Le g\u00e9nogramme<\/a> et la psycho g\u00e9n\u00e9alogie<\/li>\n<li><a href=\"https:\/\/isabellelassegue.com\/index.php\/mediation\/\">La m\u00e9diation<\/a><\/li>\n<\/ul>\n<p><strong>Mes Formations <b>dipl\u00f4mantes et participations congr\u00e8s-colloques-journ\u00e9es de travail :<\/b><\/strong><\/p>\n<ul>\n<li><b>Ecole Fran\u00e7aise d\u2019<\/b><b>Astro<\/b> <b>Th\u00e9rapie<\/b> \u2013 Nantes \u2013 3 ans de formation et certification sur l\u2019\u00e9tude et la pratique de la psychologie, la philosophie, la spiritualit\u00e9 et l\u2019astrologie au service de l\u2019\u00e9panouissement de la personne. <a href=\"http:\/\/www.efat.fr\/\">http:\/\/www.efat.fr\/<\/a><\/li>\n<li><b>Constellation <\/b><b>syst\u00e9mique <\/b><b>:<\/b>\n<ul>\n<li>14 mois de formation et de pratique \u00e0 la syst\u00e9mie Certification de constellatrice C\u00e9line Bourouaha <a href=\"http:\/\/www.celinebourouaha.com\/\">http:\/\/www.celinebourouaha.com<\/a><a href=\"http:\/\/www.celinebourouaha.com\/\">\/<\/a>,<\/li>\n<li>Ateliers de constellations familiale et syst\u00e9mique <a href=\"http:\/\/www.arte-systemica.com\/\">http<\/a><a href=\"http:\/\/www.arte-systemica.com\/\">:\/\/www.arte-systemica.com<\/a><a href=\"http:\/\/www.arte-systemica.com\/\">\/<\/a>, <a href=\"http:\/\/www.lienspsy.com\/\">http:\/\/<\/a><a href=\"http:\/\/www.lienspsy.com\/\">www.lienspsy.com\/<\/a><\/li>\n<\/ul>\n<\/li>\n<\/ul>\n<ul>\n<li><b>G\u00e9nogramme ou <\/b><b>g\u00e9nosociogramme<\/b><b> :<\/b>\n<ul>\n<li>Formations et approfondissement \u00e0 l\u2019EFAT<b>, <\/b><a href=\"http:\/\/www.efat.fr\/\">http:\/\/www.efat.fr\/ <\/a> et avec C\u00e9line Bourouaha <a href=\"http:\/\/www.celinebourouaha.com\/\">http:\/\/www.celinebourouaha.com\/<\/a>,<\/li>\n<li>\u00ab\u00a0G\u00e9nogramme et enfant migrants\u00a0\u00bb Francine Rosenbaum Publication <u><a href=\"http:\/\/www.parole.be\/\">\u00ab\u00a0le humiliations de l\u2019exil\u00a0\u00bb Psychoth\u00e9rapies cr\u00e9atives<\/a><\/u><a href=\"http:\/\/www.parole.be\/\"> http:\/\/www.parole.be\/<\/a><\/li>\n<\/ul>\n<\/li>\n<\/ul>\n<ul>\n<li><b>Institut <\/b><b>d\u2019Analyse Transactionnelle <\/b><u>La Clinique <\/u><u>du couple <\/u>: le couple, la famille l\u2019environnement, la sexualit\u00e9, le f\u00e9minin, l\u2019autre est un autre, Avec qu(o)i est-ce qu\u2019on s\u2019accouple?&#8230;&#8230;15 mois Lille <a href=\"http:\/\/www.iat-lille.com\/\">http:\/\/www.iat-lille.com\/<\/a><\/li>\n<\/ul>\n<ul>\n<li><b>Xtrema<\/b> Hypnose ericksonienne Paris certifi\u00e9e <u>Praticienne en hypnose <\/u><u>ericksonienne<\/u> <a href=\"http:\/\/www.xtrema.fr\/\">http:\/\/www.xtrema.fr\/<\/a><\/li>\n<\/ul>\n<ul>\n<li><b>M\u00e9diation<\/b> Paris <a href=\"http:\/\/resolvers-adr.blogspot.fr\/\" target=\"_blank\" rel=\"noopener\"><b>Resolvers<\/b>\u00a0<\/a><\/li>\n<\/ul>\n<ul>\n<li><strong>Accompagnement des traumatismes li\u00e9es aux violences sexuelles<\/strong> <strong>subies<\/strong> :\u00a0 Ateliers et Conf\u00e9rences en France et en Belgique ;\n<ul>\n<li>L\u2019inceste : pourquoi le drame arrive? Mieux comprendre ce que vivent les victimes d\u2019abus sexuels. La reconstruction du lien apr\u00e8s\u00a0 l\u2019inceste est-elle possible?&#8230;.. <a href=\"http:\/\/www.parole.be\/\" target=\"_blank\" rel=\"noopener\">Parole d\u2019enfants<\/a><\/li>\n<li>Comment retrouver dignit\u00e9 et le sens de sa vie\u2026.\n<ul>\n<li>Congr\u00e8s et ateliers organis\u00e9s par ARSINOE\u00a0<a href=\"http:\/\/www.arsinoe.org\/\" target=\"_blank\" rel=\"noopener\">acc\u00e8s au site<\/a>,<\/li>\n<li>Assises annuelles SVS\u00a0 <a href=\"http:\/\/www.stopauxviolencessexuelles.com\/\" target=\"_blank\" rel=\"noopener\">acc\u00e8s au site<\/a><\/li>\n<\/ul>\n<\/li>\n<\/ul>\n<\/li>\n<\/ul>\n<ul>\n<li><strong>Communication non violente, <\/strong>diff\u00e9rents stages sur la :\n<ul>\n<li><a href=\"http:\/\/www.thomasdansembourg.com\/\">Thomas d\u2019Ansembourg<\/a>,<\/li>\n<li>Au c\u0153ur du vivant, Isabelle Padovani <a href=\"http:\/\/www.communification.eu\/\">http:\/\/www.communification.eu\/<\/a><\/li>\n<\/ul>\n<\/li>\n<li>\u00a0<strong>Accompagnement Lib\u00e9ratoire des Perturbations Emotionnelles (ALP\u00e9)<\/strong><\/li>\n<li>\u00a0<strong>L&rsquo;\u00e9preuve des 3 arbres : de Beno\u00eet Fromage Docteur en psychologie Angers<\/strong><\/li>\n<\/ul>\n<ul>\n<li><strong>DEA en Hautes Finances,\u00a0 et Ma\u00eetrise de finances et contr\u00f4le de gestion Paris IX Dauphine, et formations en ressources humaines,<\/strong>\u00a0pour mes 25 premi\u00e8res ann\u00e9es, et l&rsquo;accompagnement actuel de personnes en cr\u00e9ation d&rsquo;entreprise\n<ul>\n<li>Les femmes au sein d<a href=\"http:\/\/www.entreprendre-au-feminin.net\/\" target=\"_blank\" rel=\"noopener\">&lsquo;Entreprendre au F\u00e9minin Bretagne\u00a0<\/a>,<\/li>\n<li>Les femmes et les hommes en \u00e9conomie sociale et solidaire C2SOL TAG56<\/li>\n<\/ul>\n<\/li>\n<\/ul>\n","protected":false},"excerpt":{"rendered":"<p>Pourquoi et comment j\u2019en suis arriv\u00e9e l\u00e0 ? \u00ab\u00a0Vous ne pouvez pas quitter l\u2019entreprise, je vous ai vendue avec\u00a0!\u00a0\u00bb C\u2019\u00e9tait en 2010, je travaillais depuis plus de 4 ans comme directrice administrative et financi\u00e8re dans cette entreprise qui venait d\u2019\u00eatre c\u00e9d\u00e9e. Depuis 25 ans j\u2019occupais des postes de direction administrative, financi\u00e8re, ressources humaines. Malgr\u00e9 des &hellip; <a href=\"https:\/\/isabellelassegue.com\/index.php\/qui-suis-je\/\" class=\"more-link\">Continuer la lecture de <span class=\"screen-reader-text\">Qui suis-je ?<\/span> <span class=\"meta-nav\">&rarr;<\/span><\/a><\/p>\n","protected":false},"author":1,"featured_media":0,"parent":0,"menu_order":0,"comment_status":"closed","ping_status":"closed","template":"","meta":[],"yoast_head":"<!-- This site is optimized with the Yoast SEO plugin v19.10 - https:\/\/yoast.com\/wordpress\/plugins\/seo\/ -->\n<title>Qui suis-je ? - Isabelle Lass\u00e8gue Astroth\u00e9rapeute<\/title>\n<meta name=\"description\" content=\"Isabelle Lassegue Th\u00e9rapeute Lorient 56 Morbihan Bretagne psycho g\u00e9n\u00e9alogie transg\u00e9n\u00e9rationnel traumatismes constellations familiales\" \/>\n<meta name=\"robots\" content=\"index, follow, max-snippet:-1, max-image-preview:large, max-video-preview:-1\" \/>\n<link rel=\"canonical\" href=\"https:\/\/isabellelassegue.com\/index.php\/qui-suis-je\/\" \/>\n<meta property=\"og:locale\" content=\"fr_FR\" \/>\n<meta property=\"og:type\" content=\"article\" \/>\n<meta property=\"og:title\" content=\"Qui suis-je ? - Isabelle Lass\u00e8gue Astroth\u00e9rapeute\" \/>\n<meta property=\"og:description\" content=\"Isabelle Lassegue Th\u00e9rapeute Lorient 56 Morbihan Bretagne psycho g\u00e9n\u00e9alogie transg\u00e9n\u00e9rationnel traumatismes constellations familiales\" \/>\n<meta property=\"og:url\" content=\"https:\/\/isabellelassegue.com\/index.php\/qui-suis-je\/\" \/>\n<meta property=\"og:site_name\" content=\"Isabelle Lass\u00e8gue Astroth\u00e9rapeute\" \/>\n<meta property=\"article:modified_time\" content=\"2024-02-08T10:02:09+00:00\" \/>\n<meta property=\"og:image\" content=\"http:\/\/isabellelassegue.com\/wp-content\/uploads\/2015\/11\/2015-IL-Auray-NB-225x300.jpg\" \/>\n<meta name=\"twitter:card\" content=\"summary_large_image\" \/>\n<meta name=\"twitter:label1\" content=\"Dur\u00e9e de lecture estim\u00e9e\" \/>\n\t<meta name=\"twitter:data1\" content=\"5 minutes\" \/>\n<script type=\"application\/ld+json\" class=\"yoast-schema-graph\">{\"@context\":\"https:\/\/schema.org\",\"@graph\":[{\"@type\":\"WebPage\",\"@id\":\"https:\/\/isabellelassegue.com\/index.php\/qui-suis-je\/\",\"url\":\"https:\/\/isabellelassegue.com\/index.php\/qui-suis-je\/\",\"name\":\"Qui suis-je ? - Isabelle Lass\u00e8gue Astroth\u00e9rapeute\",\"isPartOf\":{\"@id\":\"https:\/\/isabellelassegue.com\/#website\"},\"datePublished\":\"2015-11-03T21:59:43+00:00\",\"dateModified\":\"2024-02-08T10:02:09+00:00\",\"description\":\"Isabelle Lassegue Th\u00e9rapeute Lorient 56 Morbihan Bretagne psycho g\u00e9n\u00e9alogie transg\u00e9n\u00e9rationnel traumatismes constellations familiales\",\"breadcrumb\":{\"@id\":\"https:\/\/isabellelassegue.com\/index.php\/qui-suis-je\/#breadcrumb\"},\"inLanguage\":\"fr-FR\",\"potentialAction\":[{\"@type\":\"ReadAction\",\"target\":[\"https:\/\/isabellelassegue.com\/index.php\/qui-suis-je\/\"]}]},{\"@type\":\"BreadcrumbList\",\"@id\":\"https:\/\/isabellelassegue.com\/index.php\/qui-suis-je\/#breadcrumb\",\"itemListElement\":[{\"@type\":\"ListItem\",\"position\":1,\"name\":\"Accueil\",\"item\":\"https:\/\/isabellelassegue.com\/\"},{\"@type\":\"ListItem\",\"position\":2,\"name\":\"Qui suis-je ?\"}]},{\"@type\":\"WebSite\",\"@id\":\"https:\/\/isabellelassegue.com\/#website\",\"url\":\"https:\/\/isabellelassegue.com\/\",\"name\":\"Isabelle Lass\u00e8gue Astroth\u00e9rapeute\",\"description\":\"Mettre du sens, Savourer son unique\",\"potentialAction\":[{\"@type\":\"SearchAction\",\"target\":{\"@type\":\"EntryPoint\",\"urlTemplate\":\"https:\/\/isabellelassegue.com\/?s={search_term_string}\"},\"query-input\":\"required name=search_term_string\"}],\"inLanguage\":\"fr-FR\"}]}<\/script>\n<!-- \/ Yoast SEO plugin. -->","yoast_head_json":{"title":"Qui suis-je ? - Isabelle Lass\u00e8gue Astroth\u00e9rapeute","description":"Isabelle Lassegue Th\u00e9rapeute Lorient 56 Morbihan Bretagne psycho g\u00e9n\u00e9alogie transg\u00e9n\u00e9rationnel traumatismes constellations familiales","robots":{"index":"index","follow":"follow","max-snippet":"max-snippet:-1","max-image-preview":"max-image-preview:large","max-video-preview":"max-video-preview:-1"},"canonical":"https:\/\/isabellelassegue.com\/index.php\/qui-suis-je\/","og_locale":"fr_FR","og_type":"article","og_title":"Qui suis-je ? - Isabelle Lass\u00e8gue Astroth\u00e9rapeute","og_description":"Isabelle Lassegue Th\u00e9rapeute Lorient 56 Morbihan Bretagne psycho g\u00e9n\u00e9alogie transg\u00e9n\u00e9rationnel traumatismes constellations familiales","og_url":"https:\/\/isabellelassegue.com\/index.php\/qui-suis-je\/","og_site_name":"Isabelle Lass\u00e8gue Astroth\u00e9rapeute","article_modified_time":"2024-02-08T10:02:09+00:00","og_image":[{"url":"http:\/\/isabellelassegue.com\/wp-content\/uploads\/2015\/11\/2015-IL-Auray-NB-225x300.jpg"}],"twitter_card":"summary_large_image","twitter_misc":{"Dur\u00e9e de lecture estim\u00e9e":"5 minutes"},"schema":{"@context":"https:\/\/schema.org","@graph":[{"@type":"WebPage","@id":"https:\/\/isabellelassegue.com\/index.php\/qui-suis-je\/","url":"https:\/\/isabellelassegue.com\/index.php\/qui-suis-je\/","name":"Qui suis-je ? - Isabelle Lass\u00e8gue Astroth\u00e9rapeute","isPartOf":{"@id":"https:\/\/isabellelassegue.com\/#website"},"datePublished":"2015-11-03T21:59:43+00:00","dateModified":"2024-02-08T10:02:09+00:00","description":"Isabelle Lassegue Th\u00e9rapeute Lorient 56 Morbihan Bretagne psycho g\u00e9n\u00e9alogie transg\u00e9n\u00e9rationnel traumatismes constellations familiales","breadcrumb":{"@id":"https:\/\/isabellelassegue.com\/index.php\/qui-suis-je\/#breadcrumb"},"inLanguage":"fr-FR","potentialAction":[{"@type":"ReadAction","target":["https:\/\/isabellelassegue.com\/index.php\/qui-suis-je\/"]}]},{"@type":"BreadcrumbList","@id":"https:\/\/isabellelassegue.com\/index.php\/qui-suis-je\/#breadcrumb","itemListElement":[{"@type":"ListItem","position":1,"name":"Accueil","item":"https:\/\/isabellelassegue.com\/"},{"@type":"ListItem","position":2,"name":"Qui suis-je ?"}]},{"@type":"WebSite","@id":"https:\/\/isabellelassegue.com\/#website","url":"https:\/\/isabellelassegue.com\/","name":"Isabelle Lass\u00e8gue Astroth\u00e9rapeute","description":"Mettre du sens, Savourer son unique","potentialAction":[{"@type":"SearchAction","target":{"@type":"EntryPoint","urlTemplate":"https:\/\/isabellelassegue.com\/?s={search_term_string}"},"query-input":"required name=search_term_string"}],"inLanguage":"fr-FR"}]}},"_links":{"self":[{"href":"https:\/\/isabellelassegue.com\/index.php\/wp-json\/wp\/v2\/pages\/52"}],"collection":[{"href":"https:\/\/isabellelassegue.com\/index.php\/wp-json\/wp\/v2\/pages"}],"about":[{"href":"https:\/\/isabellelassegue.com\/index.php\/wp-json\/wp\/v2\/types\/page"}],"author":[{"embeddable":true,"href":"https:\/\/isabellelassegue.com\/index.php\/wp-json\/wp\/v2\/users\/1"}],"replies":[{"embeddable":true,"href":"https:\/\/isabellelassegue.com\/index.php\/wp-json\/wp\/v2\/comments?post=52"}],"version-history":[{"count":14,"href":"https:\/\/isabellelassegue.com\/index.php\/wp-json\/wp\/v2\/pages\/52\/revisions"}],"predecessor-version":[{"id":995,"href":"https:\/\/isabellelassegue.com\/index.php\/wp-json\/wp\/v2\/pages\/52\/revisions\/995"}],"wp:attachment":[{"href":"https:\/\/isabellelassegue.com\/index.php\/wp-json\/wp\/v2\/media?parent=52"}],"curies":[{"name":"wp","href":"https:\/\/api.w.org\/{rel}","templated":true}]}}