{"id":93,"date":"2015-11-04T16:29:42","date_gmt":"2015-11-04T15:29:42","guid":{"rendered":"http:\/\/isabellelassegue.com\/?page_id=93"},"modified":"2024-01-29T09:14:29","modified_gmt":"2024-01-29T08:14:29","slug":"contact","status":"publish","type":"page","link":"https:\/\/isabellelassegue.com\/index.php\/contact\/","title":{"rendered":"Contact"},"content":{"rendered":"<p style=\"text-align: center;\"><a href=\"https:\/\/isabellelassegue.com\/wp-content\/uploads\/2015\/11\/20160221_183310.jpg\"><img loading=\"lazy\" class=\"alignnone wp-image-253\" src=\"https:\/\/isabellelassegue.com\/wp-content\/uploads\/2015\/11\/20160221_183310-300x225.jpg\" alt=\"20160221_183310\" width=\"244\" height=\"183\" srcset=\"https:\/\/isabellelassegue.com\/wp-content\/uploads\/2015\/11\/20160221_183310-300x225.jpg 300w, https:\/\/isabellelassegue.com\/wp-content\/uploads\/2015\/11\/20160221_183310-1024x768.jpg 1024w\" sizes=\"(max-width: 244px) 100vw, 244px\" \/><\/a><\/p>\n<p style=\"text-align: center;\">Cabinet de th\u00e9rapie : sur rendez-vous<\/p>\n<p style=\"text-align: center;\"><a href=\"http:\/\/fr.mappy.com\/#\/4\/M2\/TSearch\/S3+ter+Rue+Roger+Salengro+56100+Lorient\/N151.12061,6.11309,-3.38719,47.76209\/Z9\/\" target=\"_blank\" rel=\"noopener\">3 ter Rue Roger Salengro 56100 LORIENT<\/a><\/p>\n<p style=\"text-align: center;\">Le n\u00b03 correspond au Th\u00e9\u00e2tre le City, entrez dans l&rsquo;impasse et l&rsquo;entr\u00e9e du cabinet se fait par la maison de gauche et \u00e0 gauche de la soci\u00e9t\u00e9 Ocean Data System. Merci de laisser l&rsquo;impasse libre d&rsquo;acc\u00e8s pour le th\u00e9\u00e2tre et de vous garer sur la place de la libert\u00e9 parking gratuit-sauf vendredi matin March\u00e9.<\/p>\n<div class=\"col-xs-6 text-center\">\n<p style=\"text-align: center;\"><b>GPS\u00a0<\/b>Latitude : 47\u00b045&rsquo;44.34&Prime; N &#8211;\u00a0Longitude : 3\u00b023&rsquo;12.19&Prime; W<\/p>\n<\/div>\n<p style=\"text-align: center;\">+33663977824\u00a0 <a href=\"mailto:contact@isabellelassegue.com\">contact@isabellelassegue.com<\/a><\/p>\n<p><iframe loading=\"lazy\" style=\"border: 0px currentColor;\" src=\"https:\/\/www.google.com\/maps\/embed?pb=!1m18!1m12!1m3!1d2681.9944462059043!2d-3.3893227848734666!3d47.76216207919526!2m3!1f0!2f0!3f0!3m2!1i1024!2i768!4f13.1!3m3!1m2!1s0x48105f0e36552e5b%3A0x6398b98ab5c9a467!2s3+Rue+Roger+Salengro%2C+56100+Lorient%2C+France!5e0!3m2!1sfr!2sus!4v1456161352539\" width=\"600\" height=\"450\" frameborder=\"0\" allowfullscreen=\"allowfullscreen\"><\/iframe><\/p>\n<p><a href=\"https:\/\/www.facebook.com\/profile.php?id=100009556065064\"><img loading=\"lazy\" class=\"wp-image-247 aligncenter\" src=\"https:\/\/isabellelassegue.com\/wp-content\/uploads\/2015\/11\/logo-fb-300x300.png\" alt=\"logo-fb\" width=\"46\" height=\"46\" srcset=\"https:\/\/isabellelassegue.com\/wp-content\/uploads\/2015\/11\/logo-fb-300x300.png 300w, https:\/\/isabellelassegue.com\/wp-content\/uploads\/2015\/11\/logo-fb-150x150.png 150w, https:\/\/isabellelassegue.com\/wp-content\/uploads\/2015\/11\/logo-fb.png 1024w\" sizes=\"(max-width: 46px) 100vw, 46px\" \/><\/a><\/p>\n","protected":false},"excerpt":{"rendered":"<p>Cabinet de th\u00e9rapie : sur rendez-vous 3 ter Rue Roger Salengro 56100 LORIENT Le n\u00b03 correspond au Th\u00e9\u00e2tre le City, entrez dans l&rsquo;impasse et l&rsquo;entr\u00e9e du cabinet se fait par la maison de gauche et \u00e0 gauche de la soci\u00e9t\u00e9 Ocean Data System. Merci de laisser l&rsquo;impasse libre d&rsquo;acc\u00e8s pour le th\u00e9\u00e2tre et de vous &hellip; <a href=\"https:\/\/isabellelassegue.com\/index.php\/contact\/\" class=\"more-link\">Continuer la lecture de <span class=\"screen-reader-text\">Contact<\/span> <span class=\"meta-nav\">&rarr;<\/span><\/a><\/p>\n","protected":false},"author":1,"featured_media":0,"parent":0,"menu_order":0,"comment_status":"closed","ping_status":"closed","template":"","meta":[],"yoast_head":"<!-- This site is optimized with the Yoast SEO plugin v19.10 - https:\/\/yoast.com\/wordpress\/plugins\/seo\/ -->\n<title>Contact - Isabelle Lass\u00e8gue Astroth\u00e9rapeute<\/title>\n<meta name=\"robots\" content=\"index, follow, max-snippet:-1, max-image-preview:large, max-video-preview:-1\" \/>\n<link rel=\"canonical\" href=\"https:\/\/isabellelassegue.com\/index.php\/contact\/\" \/>\n<meta property=\"og:locale\" content=\"fr_FR\" \/>\n<meta property=\"og:type\" content=\"article\" \/>\n<meta property=\"og:title\" content=\"Contact - Isabelle Lass\u00e8gue Astroth\u00e9rapeute\" \/>\n<meta property=\"og:description\" content=\"Cabinet de th\u00e9rapie : sur rendez-vous 3 ter Rue Roger Salengro 56100 LORIENT Le n\u00b03 correspond au Th\u00e9\u00e2tre le City, entrez dans l&rsquo;impasse et l&rsquo;entr\u00e9e du cabinet se fait par la maison de gauche et \u00e0 gauche de la soci\u00e9t\u00e9 Ocean Data System. Merci de laisser l&rsquo;impasse libre d&rsquo;acc\u00e8s pour le th\u00e9\u00e2tre et de vous &hellip; Continuer la lecture de Contact &rarr;\" \/>\n<meta property=\"og:url\" content=\"https:\/\/isabellelassegue.com\/index.php\/contact\/\" \/>\n<meta property=\"og:site_name\" content=\"Isabelle Lass\u00e8gue Astroth\u00e9rapeute\" \/>\n<meta property=\"article:modified_time\" content=\"2024-01-29T08:14:29+00:00\" \/>\n<meta property=\"og:image\" content=\"http:\/\/isabellelassegue.com\/wp-content\/uploads\/2015\/11\/20160221_183310-300x225.jpg\" \/>\n<meta name=\"twitter:card\" content=\"summary_large_image\" \/>\n<meta name=\"twitter:label1\" content=\"Dur\u00e9e de lecture estim\u00e9e\" \/>\n\t<meta name=\"twitter:data1\" content=\"1 minute\" \/>\n<script type=\"application\/ld+json\" class=\"yoast-schema-graph\">{\"@context\":\"https:\/\/schema.org\",\"@graph\":[{\"@type\":\"WebPage\",\"@id\":\"https:\/\/isabellelassegue.com\/index.php\/contact\/\",\"url\":\"https:\/\/isabellelassegue.com\/index.php\/contact\/\",\"name\":\"Contact - Isabelle Lass\u00e8gue Astroth\u00e9rapeute\",\"isPartOf\":{\"@id\":\"https:\/\/isabellelassegue.com\/#website\"},\"datePublished\":\"2015-11-04T15:29:42+00:00\",\"dateModified\":\"2024-01-29T08:14:29+00:00\",\"breadcrumb\":{\"@id\":\"https:\/\/isabellelassegue.com\/index.php\/contact\/#breadcrumb\"},\"inLanguage\":\"fr-FR\",\"potentialAction\":[{\"@type\":\"ReadAction\",\"target\":[\"https:\/\/isabellelassegue.com\/index.php\/contact\/\"]}]},{\"@type\":\"BreadcrumbList\",\"@id\":\"https:\/\/isabellelassegue.com\/index.php\/contact\/#breadcrumb\",\"itemListElement\":[{\"@type\":\"ListItem\",\"position\":1,\"name\":\"Accueil\",\"item\":\"https:\/\/isabellelassegue.com\/\"},{\"@type\":\"ListItem\",\"position\":2,\"name\":\"Contact\"}]},{\"@type\":\"WebSite\",\"@id\":\"https:\/\/isabellelassegue.com\/#website\",\"url\":\"https:\/\/isabellelassegue.com\/\",\"name\":\"Isabelle Lass\u00e8gue Astroth\u00e9rapeute\",\"description\":\"Mettre du sens, Savourer son unique\",\"potentialAction\":[{\"@type\":\"SearchAction\",\"target\":{\"@type\":\"EntryPoint\",\"urlTemplate\":\"https:\/\/isabellelassegue.com\/?s={search_term_string}\"},\"query-input\":\"required name=search_term_string\"}],\"inLanguage\":\"fr-FR\"}]}<\/script>\n<!-- \/ Yoast SEO plugin. -->","yoast_head_json":{"title":"Contact - Isabelle Lass\u00e8gue Astroth\u00e9rapeute","robots":{"index":"index","follow":"follow","max-snippet":"max-snippet:-1","max-image-preview":"max-image-preview:large","max-video-preview":"max-video-preview:-1"},"canonical":"https:\/\/isabellelassegue.com\/index.php\/contact\/","og_locale":"fr_FR","og_type":"article","og_title":"Contact - Isabelle Lass\u00e8gue Astroth\u00e9rapeute","og_description":"Cabinet de th\u00e9rapie : sur rendez-vous 3 ter Rue Roger Salengro 56100 LORIENT Le n\u00b03 correspond au Th\u00e9\u00e2tre le City, entrez dans l&rsquo;impasse et l&rsquo;entr\u00e9e du cabinet se fait par la maison de gauche et \u00e0 gauche de la soci\u00e9t\u00e9 Ocean Data System. Merci de laisser l&rsquo;impasse libre d&rsquo;acc\u00e8s pour le th\u00e9\u00e2tre et de vous &hellip; Continuer la lecture de Contact &rarr;","og_url":"https:\/\/isabellelassegue.com\/index.php\/contact\/","og_site_name":"Isabelle Lass\u00e8gue Astroth\u00e9rapeute","article_modified_time":"2024-01-29T08:14:29+00:00","og_image":[{"url":"http:\/\/isabellelassegue.com\/wp-content\/uploads\/2015\/11\/20160221_183310-300x225.jpg"}],"twitter_card":"summary_large_image","twitter_misc":{"Dur\u00e9e de lecture estim\u00e9e":"1 minute"},"schema":{"@context":"https:\/\/schema.org","@graph":[{"@type":"WebPage","@id":"https:\/\/isabellelassegue.com\/index.php\/contact\/","url":"https:\/\/isabellelassegue.com\/index.php\/contact\/","name":"Contact - Isabelle Lass\u00e8gue Astroth\u00e9rapeute","isPartOf":{"@id":"https:\/\/isabellelassegue.com\/#website"},"datePublished":"2015-11-04T15:29:42+00:00","dateModified":"2024-01-29T08:14:29+00:00","breadcrumb":{"@id":"https:\/\/isabellelassegue.com\/index.php\/contact\/#breadcrumb"},"inLanguage":"fr-FR","potentialAction":[{"@type":"ReadAction","target":["https:\/\/isabellelassegue.com\/index.php\/contact\/"]}]},{"@type":"BreadcrumbList","@id":"https:\/\/isabellelassegue.com\/index.php\/contact\/#breadcrumb","itemListElement":[{"@type":"ListItem","position":1,"name":"Accueil","item":"https:\/\/isabellelassegue.com\/"},{"@type":"ListItem","position":2,"name":"Contact"}]},{"@type":"WebSite","@id":"https:\/\/isabellelassegue.com\/#website","url":"https:\/\/isabellelassegue.com\/","name":"Isabelle Lass\u00e8gue Astroth\u00e9rapeute","description":"Mettre du sens, Savourer son unique","potentialAction":[{"@type":"SearchAction","target":{"@type":"EntryPoint","urlTemplate":"https:\/\/isabellelassegue.com\/?s={search_term_string}"},"query-input":"required name=search_term_string"}],"inLanguage":"fr-FR"}]}},"_links":{"self":[{"href":"https:\/\/isabellelassegue.com\/index.php\/wp-json\/wp\/v2\/pages\/93"}],"collection":[{"href":"https:\/\/isabellelassegue.com\/index.php\/wp-json\/wp\/v2\/pages"}],"about":[{"href":"https:\/\/isabellelassegue.com\/index.php\/wp-json\/wp\/v2\/types\/page"}],"author":[{"embeddable":true,"href":"https:\/\/isabellelassegue.com\/index.php\/wp-json\/wp\/v2\/users\/1"}],"replies":[{"embeddable":true,"href":"https:\/\/isabellelassegue.com\/index.php\/wp-json\/wp\/v2\/comments?post=93"}],"version-history":[{"count":20,"href":"https:\/\/isabellelassegue.com\/index.php\/wp-json\/wp\/v2\/pages\/93\/revisions"}],"predecessor-version":[{"id":965,"href":"https:\/\/isabellelassegue.com\/index.php\/wp-json\/wp\/v2\/pages\/93\/revisions\/965"}],"wp:attachment":[{"href":"https:\/\/isabellelassegue.com\/index.php\/wp-json\/wp\/v2\/media?parent=93"}],"curies":[{"name":"wp","href":"https:\/\/api.w.org\/{rel}","templated":true}]}}